{"id":353,"date":"2018-01-19T14:16:42","date_gmt":"2018-01-19T14:16:42","guid":{"rendered":"http:\/\/disseny-test.uoc.edu\/materials\/prod-digital\/?page_id=353"},"modified":"2018-01-19T14:16:42","modified_gmt":"2018-01-19T14:16:42","slug":"5-5-4-incloure-musica-en-un-podcast","status":"publish","type":"page","link":"http:\/\/disseny-test.uoc.edu\/materials\/prod-digital\/5-5-4-incloure-musica-en-un-podcast\/","title":{"rendered":"5.5.4. Incloure m\u00fasica en un podcast"},"content":{"rendered":"<p>Introduir moments musicals concrets en el nostre podcast \u00e9s en general una bona idea. Com a introducci\u00f3, servir\u00e0 per a donar una marca personal al nostre podcast i perqu\u00e8 sigui reconegut abans d\u2019entrar de cop amb la nostra entrevista o presentaci\u00f3. Si el programa \u00e9s llarg, la inclusi\u00f3 de petites falques musicals funcionar\u00e0 com a rep\u00f2s cognitiu que ajudar\u00e0 a seguir millor les idees presentades en el podcast.<\/p>\n<p>Cal ser acurat amb els volums. Si mireu els indicadors d\u2019Audacity o el vostre editor d\u2019\u00e0udio preferit, podreu veure que un fragment musical apareix amb el mateix volum que la vostra veu. No obstant aix\u00f2, haur\u00edeu d\u2019afegir m\u00fasica en el vostre podcast a volum menor que el de la vostra veu. La ra\u00f3 \u00e9s que el volum no \u00e9s simplement una magnitud f\u00edsica sin\u00f3 tamb\u00e9 psicol\u00f2gica. En una m\u00fasica succeeixen m\u00e9s coses que en una veu, i per tant, a pesar que tingui els mateixos decibels, el nostre p\u00fablic percebr\u00e0 la m\u00fasica m\u00e9s sorollosa que la veu.<\/p>\n","protected":false},"excerpt":{"rendered":"<p>Introduir moments musicals concrets en el nostre podcast \u00e9s en general una bona idea. Com a introducci\u00f3, servir\u00e0 per a donar una marca personal al nostre podcast i perqu\u00e8 sigui reconegut abans d\u2019entrar de cop amb la nostra entrevista o presentaci\u00f3. Si el programa \u00e9s llarg, la inclusi\u00f3 de petites falques musicals funcionar\u00e0 com a [&hellip;]<\/p>\n","protected":false},"author":1,"featured_media":0,"parent":0,"menu_order":0,"comment_status":"closed","ping_status":"closed","template":"","meta":{"inline_featured_image":false},"acf":[],"_links":{"self":[{"href":"http:\/\/disseny-test.uoc.edu\/materials\/prod-digital\/wp-json\/wp\/v2\/pages\/353"}],"collection":[{"href":"http:\/\/disseny-test.uoc.edu\/materials\/prod-digital\/wp-json\/wp\/v2\/pages"}],"about":[{"href":"http:\/\/disseny-test.uoc.edu\/materials\/prod-digital\/wp-json\/wp\/v2\/types\/page"}],"author":[{"embeddable":true,"href":"http:\/\/disseny-test.uoc.edu\/materials\/prod-digital\/wp-json\/wp\/v2\/users\/1"}],"replies":[{"embeddable":true,"href":"http:\/\/disseny-test.uoc.edu\/materials\/prod-digital\/wp-json\/wp\/v2\/comments?post=353"}],"version-history":[{"count":1,"href":"http:\/\/disseny-test.uoc.edu\/materials\/prod-digital\/wp-json\/wp\/v2\/pages\/353\/revisions"}],"predecessor-version":[{"id":354,"href":"http:\/\/disseny-test.uoc.edu\/materials\/prod-digital\/wp-json\/wp\/v2\/pages\/353\/revisions\/354"}],"wp:attachment":[{"href":"http:\/\/disseny-test.uoc.edu\/materials\/prod-digital\/wp-json\/wp\/v2\/media?parent=353"}],"curies":[{"name":"wp","href":"https:\/\/api.w.org\/{rel}","templated":true}]}}