{"id":355,"date":"2018-01-19T14:17:29","date_gmt":"2018-01-19T14:17:29","guid":{"rendered":"http:\/\/disseny-test.uoc.edu\/materials\/prod-digital\/?page_id=355"},"modified":"2018-01-19T14:17:29","modified_gmt":"2018-01-19T14:17:29","slug":"5-5-5-posar-noms","status":"publish","type":"page","link":"http:\/\/disseny-test.uoc.edu\/materials\/prod-digital\/5-5-5-posar-noms\/","title":{"rendered":"5.5.5. Posar noms"},"content":{"rendered":"<p>Posar nom al nostre podcast \u00e9s important. Necessitem que destaqui en el mar de t\u00edtols d\u2019iTunes o Comcast. Si un \u00e9s fam\u00f3s ho t\u00e9 f\u00e0cil: <em>The Tim Ferris Show<\/em> no necessita afegir res m\u00e9s al t\u00edtol, i els fans d\u2019aquest autor de best-sellers sobre productivitat s\u2019hi subscriuran immediatament. Per\u00f2 si aquest no \u00e9s el cas, el m\u00e9s recomanable \u00e9s posar-hi un t\u00edtol descriptiu perqu\u00e8 la nostra possible audi\u00e8ncia s\u00e0piga de qu\u00e8 parlarem i el distingeixi d\u2019altres productes similars. Si a m\u00e9s aconseguim que sigui un nom divertit, xocant o impactant, tindrem el nom perfecte.<\/p>\n<div class=\"featured featured-grey\"><p><em>Game Over<\/em> \u00e9s un podcast sobre v\u00eddeojocs en espanyol molt popular el nom del qual apunta tamb\u00e9 al car\u00e0cter ir\u00f2nic del xou. <em>Al filo de la realidad<\/em> \u00e9s un t\u00edtol inquietant perfecte per a aquest podcast sobre fen\u00f2mens paranormals fet a Argentina. <em>Histocast<\/em> no \u00e9s tan suggeridor, per\u00f2 captura molt b\u00e9 la idea d\u2019un podcast sobre hist\u00f2ria.<\/p>\n<\/div>\n<p>Tamb\u00e9 \u00e9s una bona idea dedicar uns minuts a pensar el nom de cada episodi. El pitjor que podeu fer, evidentment, \u00e9s anomenar-los \u00abEpisodi 1\u00bb, \u00abEpisodi 2\u00bb, etc. Si la persona que el troba no coneix el vostre podcast, la idea d\u2019escoltar l\u2019\u00abEpisodi 7\u00bb probablement no li resultar\u00e0 gaire estimulant. Per\u00f2 fins i tot a un subscriptor li pot ser dif\u00edcil de recordar si ja va escoltar l\u2019\u00abEpisodi 6\u00bb o encara no ho ha fet.<\/p>\n<p>El t\u00edtol de l\u2019episodi tamb\u00e9 hauria de ser descriptiu i crear-nos inter\u00e8s per descarregar-lo. Captem el perqu\u00e8 del nostre episodi, qu\u00e8 estem oferint. Si en el nostre podcast explicarem com eliminar el soroll de fons d\u2019una pista d\u2019\u00e0udio amb Audacity, no anomenem el nostre episodi simplement \u00abSegon tutorial avan\u00e7at d\u2019Audacity\u00bb sin\u00f3 \u00abCom usar Audacity per a eliminar el soroll de fons d\u2019un enregistrament\u00bb. Un recurs f\u00e0cil s\u00f3n les llistes del tipus \u00abCinc maneres de millorar un enregistrament a la natura\u00bb, per\u00f2 intentem evitar els esquers amb coses com \u00abEls cinc aliments que no hauries de provar\u00bb o \u00abCom se les arregla aquesta dona per a arribar a final de mes amb quinze fills\u00bb.<\/p>\n","protected":false},"excerpt":{"rendered":"<p>Posar nom al nostre podcast \u00e9s important. Necessitem que destaqui en el mar de t\u00edtols d\u2019iTunes o Comcast. Si un \u00e9s fam\u00f3s ho t\u00e9 f\u00e0cil: The Tim Ferris Show no necessita afegir res m\u00e9s al t\u00edtol, i els fans d\u2019aquest autor de best-sellers sobre productivitat s\u2019hi subscriuran immediatament. Per\u00f2 si aquest no \u00e9s el cas, [&hellip;]<\/p>\n","protected":false},"author":1,"featured_media":0,"parent":0,"menu_order":0,"comment_status":"closed","ping_status":"closed","template":"","meta":{"inline_featured_image":false},"acf":[],"_links":{"self":[{"href":"http:\/\/disseny-test.uoc.edu\/materials\/prod-digital\/wp-json\/wp\/v2\/pages\/355"}],"collection":[{"href":"http:\/\/disseny-test.uoc.edu\/materials\/prod-digital\/wp-json\/wp\/v2\/pages"}],"about":[{"href":"http:\/\/disseny-test.uoc.edu\/materials\/prod-digital\/wp-json\/wp\/v2\/types\/page"}],"author":[{"embeddable":true,"href":"http:\/\/disseny-test.uoc.edu\/materials\/prod-digital\/wp-json\/wp\/v2\/users\/1"}],"replies":[{"embeddable":true,"href":"http:\/\/disseny-test.uoc.edu\/materials\/prod-digital\/wp-json\/wp\/v2\/comments?post=355"}],"version-history":[{"count":1,"href":"http:\/\/disseny-test.uoc.edu\/materials\/prod-digital\/wp-json\/wp\/v2\/pages\/355\/revisions"}],"predecessor-version":[{"id":356,"href":"http:\/\/disseny-test.uoc.edu\/materials\/prod-digital\/wp-json\/wp\/v2\/pages\/355\/revisions\/356"}],"wp:attachment":[{"href":"http:\/\/disseny-test.uoc.edu\/materials\/prod-digital\/wp-json\/wp\/v2\/media?parent=355"}],"curies":[{"name":"wp","href":"https:\/\/api.w.org\/{rel}","templated":true}]}}