{"id":359,"date":"2018-01-19T14:19:37","date_gmt":"2018-01-19T14:19:37","guid":{"rendered":"http:\/\/disseny-test.uoc.edu\/materials\/prod-digital\/?page_id=359"},"modified":"2018-01-19T14:19:37","modified_gmt":"2018-01-19T14:19:37","slug":"5-6-conclusio","status":"publish","type":"page","link":"http:\/\/disseny-test.uoc.edu\/materials\/prod-digital\/5-6-conclusio\/","title":{"rendered":"5.6. Conclusi\u00f3"},"content":{"rendered":"<p>Si voleu treballar en un projecte focalitzat en \u00e0udio, l\u2019opci\u00f3 millor \u00e9s la d\u2019un podcast. Hi ha un espl\u00e8ndid ecosistema de creaci\u00f3 i distribuci\u00f3, i \u00e9s un format deliberat, que anima a reflexionar, a dedicar un temps a escoltar aquests continguts que voleu transmetre, i per aix\u00f2 es converteix en un mitj\u00e0 especialment agra\u00eft.<\/p>\n<p>Per\u00f2 fer un podcast no \u00e9s ni molt menys gravar. Fa falta, d\u2019una banda, un gran esfor\u00e7 de disseny i planificaci\u00f3 per a saber que tenim un producte realment interessant i, de l\u2019altra, una bona campanya de difusi\u00f3 per a assegurar-nos que el nostre podcast \u00e9s escoltat per totes les persones a les quals volem arribar.<\/p>\n<p>Tamb\u00e9 pot ser que el vostre inter\u00e8s per l\u2019\u00e0udio sigui secundari i el busqueu com a suport a un projecte de v\u00eddeo. Igualment, els consells que us donem aqu\u00ed s\u2019apliquen a l\u2019hora de crear una pista d\u2019\u00e0udio per a un v\u00eddeo, a m\u00e9s dels altres comentaris de l\u2019apartat\u00a0 dedicat a crear i editar v\u00eddeo.<\/p>\n","protected":false},"excerpt":{"rendered":"<p>Si voleu treballar en un projecte focalitzat en \u00e0udio, l\u2019opci\u00f3 millor \u00e9s la d\u2019un podcast. Hi ha un espl\u00e8ndid ecosistema de creaci\u00f3 i distribuci\u00f3, i \u00e9s un format deliberat, que anima a reflexionar, a dedicar un temps a escoltar aquests continguts que voleu transmetre, i per aix\u00f2 es converteix en un mitj\u00e0 especialment agra\u00eft. Per\u00f2 [&hellip;]<\/p>\n","protected":false},"author":1,"featured_media":0,"parent":0,"menu_order":0,"comment_status":"closed","ping_status":"closed","template":"","meta":{"inline_featured_image":false},"acf":[],"_links":{"self":[{"href":"http:\/\/disseny-test.uoc.edu\/materials\/prod-digital\/wp-json\/wp\/v2\/pages\/359"}],"collection":[{"href":"http:\/\/disseny-test.uoc.edu\/materials\/prod-digital\/wp-json\/wp\/v2\/pages"}],"about":[{"href":"http:\/\/disseny-test.uoc.edu\/materials\/prod-digital\/wp-json\/wp\/v2\/types\/page"}],"author":[{"embeddable":true,"href":"http:\/\/disseny-test.uoc.edu\/materials\/prod-digital\/wp-json\/wp\/v2\/users\/1"}],"replies":[{"embeddable":true,"href":"http:\/\/disseny-test.uoc.edu\/materials\/prod-digital\/wp-json\/wp\/v2\/comments?post=359"}],"version-history":[{"count":1,"href":"http:\/\/disseny-test.uoc.edu\/materials\/prod-digital\/wp-json\/wp\/v2\/pages\/359\/revisions"}],"predecessor-version":[{"id":360,"href":"http:\/\/disseny-test.uoc.edu\/materials\/prod-digital\/wp-json\/wp\/v2\/pages\/359\/revisions\/360"}],"wp:attachment":[{"href":"http:\/\/disseny-test.uoc.edu\/materials\/prod-digital\/wp-json\/wp\/v2\/media?parent=359"}],"curies":[{"name":"wp","href":"https:\/\/api.w.org\/{rel}","templated":true}]}}