{"id":398,"date":"2018-01-19T20:12:04","date_gmt":"2018-01-19T20:12:04","guid":{"rendered":"http:\/\/disseny-test.uoc.edu\/materials\/prod-digital\/?page_id=398"},"modified":"2018-01-19T20:12:04","modified_gmt":"2018-01-19T20:12:04","slug":"6-1-introduccio-a-lecosistema-del-video-en-un-entorn-digital","status":"publish","type":"page","link":"http:\/\/disseny-test.uoc.edu\/materials\/prod-digital\/6-1-introduccio-a-lecosistema-del-video-en-un-entorn-digital\/","title":{"rendered":"6.1. Introducci\u00f3 a l&#8217;ecosistema del v\u00eddeo en un entorn digital"},"content":{"rendered":"<p>Fa solament un parell de d\u00e8cades el v\u00eddeo era com un luxe en les comunicacions en l\u00ednia. El programari que hi permetia accedir era complex de trobar i el v\u00eddeo era dif\u00edcil de pujar, molt lent de carregar i gaireb\u00e9 una curiositat a la xarxa. Actualment, cada vegada m\u00e9s informaci\u00f3 ens arriba en v\u00eddeo i \u00e9s el mitj\u00e0 de comunicaci\u00f3 preferit per una majoria d\u2019usuaris.<\/p>\n<p>Aix\u00f2 no vol dir que fer un v\u00eddeo sigui la soluci\u00f3 als nostres problemes de comunicaci\u00f3. Al contrari, ja hi ha molts v\u00eddeos, i fets de manera molt professional, de manera que un v\u00eddeo mal plantejat pot ser un obstacle m\u00e9s que una fortalesa en les nostres comunicacions. Igual que amb la imatge i l\u2019\u00e0udio, necessitem establir quin missatge volem transmetre, quin p\u00fablic \u00e9s el nostre, de quina manera els arribar\u00e0 el v\u00eddeo i quin model de negoci tenim en ment.<\/p>\n<p>En el cas del v\u00eddeo, \u00e9s molt m\u00e9s dif\u00edcil trobar est\u00e0ndards clars que en el cas de la imatge i el so, per la qual cosa hem dedicat una mica m\u00e9s d\u2019espai a discutir les diferents alternatives tecnol\u00f2giques que estan oferint i quin ser\u00e0 millor en funci\u00f3 del nostre projecte.<\/p>\n<p>El mateix problema tenim a l\u2019hora de triar un programa d\u2019edici\u00f3: hi ha moltes alternatives, de diferents preus, i realment no n\u2019hi ha cap que sigui l\u2019opci\u00f3 definitiva. Aix\u00f2 tamb\u00e9 dependr\u00e0 molt del maquinari que utilitzem.<\/p>\n<p>L\u2019objectiu d\u2019aquest apartat no \u00e9s exactament entendre com fer bons v\u00eddeos, sin\u00f3 com integrar-los en un dispositiu transm\u00e8dia, per la qual cosa dedicarem una secci\u00f3 a explicar com incrustar v\u00eddeo en els nostres projectes de comunicaci\u00f3 combinant-los amb so i imatge f\u00edsica.<\/p>\n<p>Tal com hem fet en els altres m\u00f2duls, parlarem tamb\u00e9 de q\u00fcestions argumentatives, ret\u00f2riques i est\u00e8tiques, i tamb\u00e9 discutirem q\u00fcestions de propietat intel\u00b7lectual.<\/p>\n","protected":false},"excerpt":{"rendered":"<p>Fa solament un parell de d\u00e8cades el v\u00eddeo era com un luxe en les comunicacions en l\u00ednia. El programari que hi permetia accedir era complex de trobar i el v\u00eddeo era dif\u00edcil de pujar, molt lent de carregar i gaireb\u00e9 una curiositat a la xarxa. Actualment, cada vegada m\u00e9s informaci\u00f3 ens arriba en v\u00eddeo i [&hellip;]<\/p>\n","protected":false},"author":1,"featured_media":0,"parent":0,"menu_order":0,"comment_status":"closed","ping_status":"closed","template":"","meta":{"inline_featured_image":false},"acf":[],"_links":{"self":[{"href":"http:\/\/disseny-test.uoc.edu\/materials\/prod-digital\/wp-json\/wp\/v2\/pages\/398"}],"collection":[{"href":"http:\/\/disseny-test.uoc.edu\/materials\/prod-digital\/wp-json\/wp\/v2\/pages"}],"about":[{"href":"http:\/\/disseny-test.uoc.edu\/materials\/prod-digital\/wp-json\/wp\/v2\/types\/page"}],"author":[{"embeddable":true,"href":"http:\/\/disseny-test.uoc.edu\/materials\/prod-digital\/wp-json\/wp\/v2\/users\/1"}],"replies":[{"embeddable":true,"href":"http:\/\/disseny-test.uoc.edu\/materials\/prod-digital\/wp-json\/wp\/v2\/comments?post=398"}],"version-history":[{"count":1,"href":"http:\/\/disseny-test.uoc.edu\/materials\/prod-digital\/wp-json\/wp\/v2\/pages\/398\/revisions"}],"predecessor-version":[{"id":399,"href":"http:\/\/disseny-test.uoc.edu\/materials\/prod-digital\/wp-json\/wp\/v2\/pages\/398\/revisions\/399"}],"wp:attachment":[{"href":"http:\/\/disseny-test.uoc.edu\/materials\/prod-digital\/wp-json\/wp\/v2\/media?parent=398"}],"curies":[{"name":"wp","href":"https:\/\/api.w.org\/{rel}","templated":true}]}}