{"id":400,"date":"2018-01-19T20:13:30","date_gmt":"2018-01-19T20:13:30","guid":{"rendered":"http:\/\/disseny-test.uoc.edu\/materials\/prod-digital\/?page_id=400"},"modified":"2018-01-22T19:11:21","modified_gmt":"2018-01-22T19:11:21","slug":"6-2-1-introduccio","status":"publish","type":"page","link":"http:\/\/disseny-test.uoc.edu\/materials\/prod-digital\/6-2-1-introduccio\/","title":{"rendered":"6.2.1. Introducci\u00f3"},"content":{"rendered":"<p>En l\u2019apartat\u00a0 <a href=\"http:\/\/disseny-test.uoc.edu\/materials\/prod-digital\/4-2-4-quin-model-de-negoci-hi-ha-darrere-daquests-continguts\/\" target=\"_blank\" rel=\"noopener\">4.2.4 \u00abQuin model de negoci hi ha darrere d\u2019aquests continguts?\u00bb<\/a> parlem de la import\u00e0ncia de desenvolupar un model de negoci. Una manera especialment interessant i assequible d\u2019aconseguir rendiment econ\u00f2mic del nostre projecte transm\u00e8dia \u00e9s el finan\u00e7ament col\u00b7lectiu, que explicarem ara amb cert detall.<\/p>\n<div class=\"featured featured-blue\"><p><strong><em>Crowdfunding<\/em><\/strong> \u00e9s un terme angl\u00e8s format per <em>crowd<\/em> (\u2018multitud\u2019) i <em>funding<\/em> (\u2018finan\u00e7ament\u2019), i vol dir \u2018obtenir finan\u00e7ament d\u2019un grup indiferenciat de persones\u2019.<\/p>\n<\/div>\n<p class=\"Normalesp\"><span lang=\"CA\">El finan\u00e7ament col\u00b7lectiu no \u00e9s un invent d\u2019internet. Des de sempre hi ha hagut pr\u00e0ctiques com rebre una subvenci\u00f3 p\u00fablica o conv\u00e8ncer la fam\u00edlia i els amics perqu\u00e8 ens prestin diners per a comprar una gravadora multipistes que ens ajudar\u00e0 a convertir-nos en una estrella del rock. Per\u00f2 no \u00e9s menys cert que la capacitat d\u2019internet d\u2019apropar persones amb interessos similars, encara que estiguin molt lluny f\u00edsicament entre elles, ha facilitat molt el desenvolupament d\u2019aquest tipus de plataformes.<\/span><\/p>\n","protected":false},"excerpt":{"rendered":"<p>En l\u2019apartat\u00a0 4.2.4 \u00abQuin model de negoci hi ha darrere d\u2019aquests continguts?\u00bb parlem de la import\u00e0ncia de desenvolupar un model de negoci. Una manera especialment interessant i assequible d\u2019aconseguir rendiment econ\u00f2mic del nostre projecte transm\u00e8dia \u00e9s el finan\u00e7ament col\u00b7lectiu, que explicarem ara amb cert detall. El finan\u00e7ament col\u00b7lectiu no \u00e9s un invent d\u2019internet. Des de [&hellip;]<\/p>\n","protected":false},"author":1,"featured_media":0,"parent":0,"menu_order":0,"comment_status":"closed","ping_status":"closed","template":"","meta":{"inline_featured_image":false},"acf":[],"_links":{"self":[{"href":"http:\/\/disseny-test.uoc.edu\/materials\/prod-digital\/wp-json\/wp\/v2\/pages\/400"}],"collection":[{"href":"http:\/\/disseny-test.uoc.edu\/materials\/prod-digital\/wp-json\/wp\/v2\/pages"}],"about":[{"href":"http:\/\/disseny-test.uoc.edu\/materials\/prod-digital\/wp-json\/wp\/v2\/types\/page"}],"author":[{"embeddable":true,"href":"http:\/\/disseny-test.uoc.edu\/materials\/prod-digital\/wp-json\/wp\/v2\/users\/1"}],"replies":[{"embeddable":true,"href":"http:\/\/disseny-test.uoc.edu\/materials\/prod-digital\/wp-json\/wp\/v2\/comments?post=400"}],"version-history":[{"count":2,"href":"http:\/\/disseny-test.uoc.edu\/materials\/prod-digital\/wp-json\/wp\/v2\/pages\/400\/revisions"}],"predecessor-version":[{"id":576,"href":"http:\/\/disseny-test.uoc.edu\/materials\/prod-digital\/wp-json\/wp\/v2\/pages\/400\/revisions\/576"}],"wp:attachment":[{"href":"http:\/\/disseny-test.uoc.edu\/materials\/prod-digital\/wp-json\/wp\/v2\/media?parent=400"}],"curies":[{"name":"wp","href":"https:\/\/api.w.org\/{rel}","templated":true}]}}