{"id":402,"date":"2018-01-19T20:15:33","date_gmt":"2018-01-19T20:15:33","guid":{"rendered":"http:\/\/disseny-test.uoc.edu\/materials\/prod-digital\/?page_id=402"},"modified":"2018-01-19T20:15:33","modified_gmt":"2018-01-19T20:15:33","slug":"6-2-2-que-maporta-un-projecte-de-financament-collectiu","status":"publish","type":"page","link":"http:\/\/disseny-test.uoc.edu\/materials\/prod-digital\/6-2-2-que-maporta-un-projecte-de-financament-collectiu\/","title":{"rendered":"6.2.2. Qu\u00e8 m&#8217;aporta un projecte de finan\u00e7ament col\u00b7lectiu?"},"content":{"rendered":"<div class=\"featured featured-blue\"><p>Sense cap dubte, la caracter\u00edstica m\u00e9s rellevant d\u2019un projecte de finan\u00e7ament col\u00b7lectiu \u00e9s la capacitat de testar el valor de mercat de la nostra idea.<\/p>\n<\/div>\n<p>Si el nostre projecte no atreu suficients inversors en el finan\u00e7ament col\u00b7lectiu, \u00e9s una primera indicaci\u00f3 que podria ser que no fos tan interessant o innovador com ens imagin\u00e0vem. I sempre \u00e9s millor una campanya de finan\u00e7ament col\u00b7lectiu fallida que invertir una quantitat de diners en un projecte per a descobrir despr\u00e9s que no genera prou inter\u00e8s i que el producte no es ven.<\/p>\n<p>Per\u00f2, a m\u00e9s, el finan\u00e7ament col\u00b7lectiu ens ofereix tamb\u00e9 <strong>acc\u00e9s directe a una comunitat interessada en el nostre producte<\/strong>. Disposem dels correus electr\u00f2nics, potser fins i tot les adreces f\u00edsiques i els n\u00fameros de tel\u00e8fon dels nostres clients, i podem obtenir <em>feedback<\/em> directe de com perceben el nostre projecte, qu\u00e8 hi canviarien o afegirien, com els agradaria que fos una propera versi\u00f3, etc. Aix\u00f2 \u00e9s molt complex d\u2019aconseguir en un proc\u00e9s de comercialitzaci\u00f3 tradicional.<\/p>\n<p>El finan\u00e7ament col\u00b7lectiu <strong>democratitza el concepte d\u2019obtenir finan\u00e7ament<\/strong>. Fins a l\u2019extensi\u00f3 de les plataformes de finan\u00e7ament col\u00b7lectiu, aconseguir una injecci\u00f3 de diners per a un projecte transm\u00e8dia es limitava a obtenir beques o premis associats a organismes p\u00fablics o fundacions, de manera que tenien acc\u00e9s a inversors privats solament grans projectes comercials i empresarials. Ara, gr\u00e0cies al finan\u00e7ament col\u00b7lectiu, qualsevol de nosaltres pot aconseguir el capital suficient per a engegar un projecte ambici\u00f3s sense necessitat que s\u2019adapti a unes directives pol\u00edtiques o empresarials concretes.<\/p>\n<p>Tampoc no cal oblidar que el finan\u00e7ament col\u00b7lectiu permet <strong>reduir costos<\/strong>, des d\u2019intermediaris fins a complexes campanyes publicit\u00e0ries, ja que els mateixos clients, si estan satisfets, s\u2019encarregaran d\u2019informar els seus amics i coneguts de les possibilitats del vostre producte.<\/p>\n<p>Al mateix temps que abaixem costos, tamb\u00e9 <strong>redu\u00efm el temps necessari<\/strong>. En un finan\u00e7ament col\u00b7lectiu podem tenir control de totes les etapes del projecte, i per tant podem accelerar molts passos. I el resultat final s\u2019assemblar\u00e0 molt m\u00e9s al que ten\u00edem al cap que si hi interfereixen una s\u00e8rie d\u2019intermediaris.<\/p>\n","protected":false},"excerpt":{"rendered":"<p>Si el nostre projecte no atreu suficients inversors en el finan\u00e7ament col\u00b7lectiu, \u00e9s una primera indicaci\u00f3 que podria ser que no fos tan interessant o innovador com ens imagin\u00e0vem. I sempre \u00e9s millor una campanya de finan\u00e7ament col\u00b7lectiu fallida que invertir una quantitat de diners en un projecte per a descobrir despr\u00e9s que no genera [&hellip;]<\/p>\n","protected":false},"author":1,"featured_media":0,"parent":0,"menu_order":0,"comment_status":"closed","ping_status":"closed","template":"","meta":{"inline_featured_image":false},"acf":[],"_links":{"self":[{"href":"http:\/\/disseny-test.uoc.edu\/materials\/prod-digital\/wp-json\/wp\/v2\/pages\/402"}],"collection":[{"href":"http:\/\/disseny-test.uoc.edu\/materials\/prod-digital\/wp-json\/wp\/v2\/pages"}],"about":[{"href":"http:\/\/disseny-test.uoc.edu\/materials\/prod-digital\/wp-json\/wp\/v2\/types\/page"}],"author":[{"embeddable":true,"href":"http:\/\/disseny-test.uoc.edu\/materials\/prod-digital\/wp-json\/wp\/v2\/users\/1"}],"replies":[{"embeddable":true,"href":"http:\/\/disseny-test.uoc.edu\/materials\/prod-digital\/wp-json\/wp\/v2\/comments?post=402"}],"version-history":[{"count":1,"href":"http:\/\/disseny-test.uoc.edu\/materials\/prod-digital\/wp-json\/wp\/v2\/pages\/402\/revisions"}],"predecessor-version":[{"id":403,"href":"http:\/\/disseny-test.uoc.edu\/materials\/prod-digital\/wp-json\/wp\/v2\/pages\/402\/revisions\/403"}],"wp:attachment":[{"href":"http:\/\/disseny-test.uoc.edu\/materials\/prod-digital\/wp-json\/wp\/v2\/media?parent=402"}],"curies":[{"name":"wp","href":"https:\/\/api.w.org\/{rel}","templated":true}]}}