{"id":404,"date":"2018-01-19T20:16:29","date_gmt":"2018-01-19T20:16:29","guid":{"rendered":"http:\/\/disseny-test.uoc.edu\/materials\/prod-digital\/?page_id=404"},"modified":"2018-01-30T14:01:08","modified_gmt":"2018-01-30T14:01:08","slug":"6-2-3-quan-te-sentit-dur-a-terme-un-financament-collectiu","status":"publish","type":"page","link":"http:\/\/disseny-test.uoc.edu\/materials\/prod-digital\/6-2-3-quan-te-sentit-dur-a-terme-un-financament-collectiu\/","title":{"rendered":"6.2.3. Quan t\u00e9 sentit dur a terme un finan\u00e7ament col\u00b7lectiu?"},"content":{"rendered":"<p>Malgrat tots els avantatges que acabem d\u2019enumerar, un finan\u00e7ament col\u00b7lectiu no \u00e9s sempre una bona idea. De manera general, aqu\u00ed enumerem alguns dels aspectes a tenir en compte, encara que, com sempre, la paraula final la teniu vosaltres.<\/p>\n<ul>\n<li>Tret que ja sigueu uns creadors coneguts, en arrencar una campanya de finan\u00e7ament col\u00b7lectiu \u00e9s una bona idea <strong>disposar d\u2019algun tipus de prototip<\/strong>, tr\u00e0iler o versi\u00f3 que el possible p\u00fablic interessat pugui examinar abans de decidir-se a invertir en el vostre projecte. Tenir en projecte alguna cosa us servir\u00e0 com a prova que realment podreu dur-la a terme. No hi ha res pitjor que comprometre\u2019s a fer una cosa a partir de zero i descobrir a mig cam\u00ed que certs aspectes del projecte no s\u00f3n resolubles a temps.<\/li>\n<li>Seguint per aquesta l\u00ednia, si \u00e9s un projecte en qu\u00e8 s\u00f3n necess\u00e0ries diferents habilitats, cal assegurar-nos que o b\u00e9 tenim els <strong>recursos i coneixements suficients<\/strong> per a dur-lo a terme o b\u00e9 disposem d\u2019un equip de persones amb aquestes habilitats que estan tamb\u00e9 interessades en el projecte.<\/li>\n<li>\u00c9s important tamb\u00e9 assegurar-se que hi haur\u00e0 algun tipus de <strong>comunitat interessada en el vostre projecte<\/strong>. No fa falta que sigui una comunitat massiva. Pot ser una comunitat n\u00ednxol, per\u00f2 \u00e9s important saber que hi ha un grup de persones a les quals podem enviar la nostra proposta i que la rebran amb inter\u00e8s.<\/li>\n<li>La <strong>comunicaci\u00f3 via xarxes socials<\/strong> \u00e9s vital en un projecte de finan\u00e7ament col\u00b7lectiu. Ens hem d\u2019assegurar que entre tots els responsables del projecte disposem de suficients contactes\/amics\/seguidors per a aconseguir una massa cr\u00edtica que doni a con\u00e8ixer el nostre projecte a suficients persones.<\/li>\n<li>Finalment, el nostre projecte ha de tenir <strong>alguna cosa destacada, diferent, innovadora, cuidada, que el converteixi en especial<\/strong> i faci que els membres de la comunitat a qu\u00e8 ens dirigim vulgui difondre-la. Potser \u00e9s la manera en qu\u00e8 presenteu el material, o uns \u00e0udios exclusius, o la implicaci\u00f3 d\u2019alg\u00fa respectat per la comunitat objectiu. No \u00e9s necessari fer un projecte tan innovador que us asseguri guanyar la propera edici\u00f3 de l\u2019Ars Electronica, per\u00f2 s\u00ed \u00e9s important incloure algun punt diferenciador.<\/li>\n<\/ul>\n","protected":false},"excerpt":{"rendered":"<p>Malgrat tots els avantatges que acabem d\u2019enumerar, un finan\u00e7ament col\u00b7lectiu no \u00e9s sempre una bona idea. De manera general, aqu\u00ed enumerem alguns dels aspectes a tenir en compte, encara que, com sempre, la paraula final la teniu vosaltres. Tret que ja sigueu uns creadors coneguts, en arrencar una campanya de finan\u00e7ament col\u00b7lectiu \u00e9s una bona [&hellip;]<\/p>\n","protected":false},"author":1,"featured_media":0,"parent":0,"menu_order":0,"comment_status":"closed","ping_status":"closed","template":"","meta":{"inline_featured_image":false},"acf":[],"_links":{"self":[{"href":"http:\/\/disseny-test.uoc.edu\/materials\/prod-digital\/wp-json\/wp\/v2\/pages\/404"}],"collection":[{"href":"http:\/\/disseny-test.uoc.edu\/materials\/prod-digital\/wp-json\/wp\/v2\/pages"}],"about":[{"href":"http:\/\/disseny-test.uoc.edu\/materials\/prod-digital\/wp-json\/wp\/v2\/types\/page"}],"author":[{"embeddable":true,"href":"http:\/\/disseny-test.uoc.edu\/materials\/prod-digital\/wp-json\/wp\/v2\/users\/1"}],"replies":[{"embeddable":true,"href":"http:\/\/disseny-test.uoc.edu\/materials\/prod-digital\/wp-json\/wp\/v2\/comments?post=404"}],"version-history":[{"count":2,"href":"http:\/\/disseny-test.uoc.edu\/materials\/prod-digital\/wp-json\/wp\/v2\/pages\/404\/revisions"}],"predecessor-version":[{"id":909,"href":"http:\/\/disseny-test.uoc.edu\/materials\/prod-digital\/wp-json\/wp\/v2\/pages\/404\/revisions\/909"}],"wp:attachment":[{"href":"http:\/\/disseny-test.uoc.edu\/materials\/prod-digital\/wp-json\/wp\/v2\/media?parent=404"}],"curies":[{"name":"wp","href":"https:\/\/api.w.org\/{rel}","templated":true}]}}