{"id":408,"date":"2018-01-19T20:21:50","date_gmt":"2018-01-19T20:21:50","guid":{"rendered":"http:\/\/disseny-test.uoc.edu\/materials\/prod-digital\/?page_id=408"},"modified":"2018-01-19T20:21:50","modified_gmt":"2018-01-19T20:21:50","slug":"6-2-5-rols-en-una-campanya-de-financament-collectiu","status":"publish","type":"page","link":"http:\/\/disseny-test.uoc.edu\/materials\/prod-digital\/6-2-5-rols-en-una-campanya-de-financament-collectiu\/","title":{"rendered":"6.2.5. Rols en una campanya de finan\u00e7ament col\u00b7lectiu"},"content":{"rendered":"<p>Sia creant un petit equip o assumint el vostre tota la gesti\u00f3, \u00e9s important considerar els rols seg\u00fcents:<\/p>\n<ul>\n<li><strong>M\u00e0rqueting<\/strong>. Organitzar una campanya de finan\u00e7ament col\u00b7lectiu \u00e9s enganyosament f\u00e0cil: pugeu la informaci\u00f3 i, au, a esperar. Si us limiteu a aix\u00f2 estareu competint amb desenes de milers de persones que pensen exactament el mateix i estan esperant tamb\u00e9 aqu\u00ed. Necessiteu moure la vostra campanya: donar-la a con\u00e8ixer en les xarxes socials, parlar-ne en blogs, implicar-hi els vostres amics presencials, contactar amb la premsa. Si ho feu a la babal\u00e0, sense una estrat\u00e8gia clara, pot acabar tenint tamb\u00e9 molt poc efecte. \u00c9s millor estudiar b\u00e9 quines s\u00f3n les vostres fortaleses de comunicaci\u00f3 i explorar-les de la millor manera possible.<\/li>\n<li><strong>Disseny i comunicaci\u00f3<\/strong>. Comunicar b\u00e9 requereix un bon exercici de les imatges i els v\u00eddeos per a ser al m\u00e9s viral possible i arribar al major nombre d\u2019interessats possible. El que expliquem en l\u2019apartat dedicat a les imatges us resultar\u00e0 \u00fatil sens dubte, per\u00f2 \u00e9s necessari desenvolupar-ho m\u00e9s. \u00c9s aqu\u00ed on podeu aplicar els vostres coneixements i destresses en l&#8217;\u00e0mbit del disseny.<\/li>\n<li><strong>Tecnologia digital<\/strong>. Necessitareu tamb\u00e9 gestionar la vostra pres\u00e8ncia en la plataforma de finan\u00e7ament col\u00b7lectiu, gestionar pagaments en l\u00ednia. Segurament necessitareu tamb\u00e9 un lloc web propi, etc.<\/li>\n<\/ul>\n","protected":false},"excerpt":{"rendered":"<p>Sia creant un petit equip o assumint el vostre tota la gesti\u00f3, \u00e9s important considerar els rols seg\u00fcents: M\u00e0rqueting. Organitzar una campanya de finan\u00e7ament col\u00b7lectiu \u00e9s enganyosament f\u00e0cil: pugeu la informaci\u00f3 i, au, a esperar. Si us limiteu a aix\u00f2 estareu competint amb desenes de milers de persones que pensen exactament el mateix i estan [&hellip;]<\/p>\n","protected":false},"author":1,"featured_media":0,"parent":0,"menu_order":0,"comment_status":"closed","ping_status":"closed","template":"","meta":{"inline_featured_image":false},"acf":[],"_links":{"self":[{"href":"http:\/\/disseny-test.uoc.edu\/materials\/prod-digital\/wp-json\/wp\/v2\/pages\/408"}],"collection":[{"href":"http:\/\/disseny-test.uoc.edu\/materials\/prod-digital\/wp-json\/wp\/v2\/pages"}],"about":[{"href":"http:\/\/disseny-test.uoc.edu\/materials\/prod-digital\/wp-json\/wp\/v2\/types\/page"}],"author":[{"embeddable":true,"href":"http:\/\/disseny-test.uoc.edu\/materials\/prod-digital\/wp-json\/wp\/v2\/users\/1"}],"replies":[{"embeddable":true,"href":"http:\/\/disseny-test.uoc.edu\/materials\/prod-digital\/wp-json\/wp\/v2\/comments?post=408"}],"version-history":[{"count":1,"href":"http:\/\/disseny-test.uoc.edu\/materials\/prod-digital\/wp-json\/wp\/v2\/pages\/408\/revisions"}],"predecessor-version":[{"id":409,"href":"http:\/\/disseny-test.uoc.edu\/materials\/prod-digital\/wp-json\/wp\/v2\/pages\/408\/revisions\/409"}],"wp:attachment":[{"href":"http:\/\/disseny-test.uoc.edu\/materials\/prod-digital\/wp-json\/wp\/v2\/media?parent=408"}],"curies":[{"name":"wp","href":"https:\/\/api.w.org\/{rel}","templated":true}]}}