{"id":410,"date":"2018-01-19T20:31:48","date_gmt":"2018-01-19T20:31:48","guid":{"rendered":"http:\/\/disseny-test.uoc.edu\/materials\/prod-digital\/?page_id=410"},"modified":"2018-01-19T20:31:48","modified_gmt":"2018-01-19T20:31:48","slug":"6-2-6-plataformes-de-financament-collectiu","status":"publish","type":"page","link":"http:\/\/disseny-test.uoc.edu\/materials\/prod-digital\/6-2-6-plataformes-de-financament-collectiu\/","title":{"rendered":"6.2.6. Plataformes de finan\u00e7ament col\u00b7lectiu"},"content":{"rendered":"<p>Sense cap intenci\u00f3 de ser exhaustius, aqu\u00ed hi ha un llistat de les plataformes de finan\u00e7ament col\u00b7lectiu m\u00e9s conegudes i utilitzades.<\/p>\n<h4><strong><a href=\"https:\/\/www.kickstarter.com\/\" target=\"_blank\" rel=\"noopener\">Kickstarter<\/a><\/strong><\/h4>\n<div class=\"featured featured-blue\"><p>Kickstarter \u00e9s la primera plataforma de finan\u00e7ament col\u00b7lectiu que es va fer famosa i, en el moment d\u2019escriure aquestes l\u00ednies, havia llan\u00e7at m\u00e9s de 250.000 projectes.<\/p>\n<\/div>\n<p>T\u00e9 la seu als Estats Units i es focalitza en projectes creatius en un sentit ampli: m\u00fasica, pel\u00b7l\u00edcules, c\u00f2mics, il\u00b7lustraci\u00f3, gastronomia, moda, fotografia, jocs de taula, v\u00eddeojocs, art performatiu, etc.<\/p>\n<p>Com en la majoria de plataformes de finan\u00e7ament col\u00b7lectiu, si no s\u2019arriba al m\u00ednim sol\u00b7licitat per l\u2019autor, el projecte es cancel\u00b7la i els diners es retornen als qui havien contribu\u00eft.<\/p>\n<p>Kickstarter es queda prop del 8% dels diners recaptats (el 5% directament i el 3% amb les despeses del seu sistema de pagament), per\u00f2 no sol\u00b7licita cap tipus de propietat intel\u00b7lectual del resultat del projecte, que est\u00e0 totalment en mans de l\u2019autor.<\/p>\n<p>Segons Kickstarter, l\u2019\u00e8xit dels projectes en la seva plataforma \u00e9s prop del 40%.<\/p>\n<p>En la seva p\u00e0gina inicial mant\u00e9 una secci\u00f3 de productes que s\u00f3n a prop d\u2019aconseguir l\u2019objectiu i projectes que els s\u00f3n especialment interessants.<\/p>\n<h4><strong><a href=\"https:\/\/www.indiegogo.com\/\" target=\"_blank\" rel=\"noopener\">Indiegogo<\/a><\/strong><a href=\"#_ftn1\" name=\"_ftnref1\"><\/a><\/h4>\n<div class=\"featured featured-blue\"><p>Indiegogo \u00e9s una plataforma oberta a projectes creatius per\u00f2 tamb\u00e9 a projectes empresarials o de caritat o ajuda internacional.<\/p>\n<\/div>\n<p>Disposen d\u2019un projecte espec\u00edfic anomenat <a href=\"http:\/\/www.generosity.com\" target=\"_blank\" rel=\"noopener\"><em>Generosity<\/em><\/a> per a recaptar diners r\u00e0pidament per a causes socials tant en cas d\u2019emerg\u00e8ncies i desastres com de celebracions.<\/p>\n<p>Indiegogo recapta el 5% del total. En cas que el projecte finalment no rebi suficient finan\u00e7ament, ofereix a l\u2019autor la possibilitat d\u2019escollir entre retornar els diners als contribuents o seguir amb el projecte, i en aquest cas Indiegogo es queda el 9% del total.<\/p>\n<div class=\"featured featured-blue\"><p>Amb Kickstarter i Indiegogo cobrirem la majoria de projectes de finan\u00e7ament col\u00b7lectiu que un pot trobar a escala global.<\/p>\n<\/div>\n<h4><strong><a href=\"http:\/\/www.goteo.org\" target=\"_blank\" rel=\"noopener\">Goteo<\/a><\/strong><\/h4>\n<div class=\"featured featured-blue\"><p>Aquest projecte, gestionat pel col\u00b7lectiu Platoniq, \u00e9s una plataforma de finan\u00e7ament col\u00b7lectiu c\u00edvic en espanyol per a projectes de car\u00e0cter social i reivindicatiu.<\/p>\n<\/div>\n<p>A difer\u00e8ncia d\u2019Indiegogo i Kickstarter, que s\u00f3n empreses, Goteo \u00e9s una associaci\u00f3 sense \u00e0nim de lucre que crea tamb\u00e9 eines i serveis de cocreaci\u00f3.<\/p>\n<p>Funciona mitjan\u00e7ant dues rondes de finan\u00e7ament de quaranta dies cadascuna. A m\u00e9s de possibles recompenses i incentius materials, mostra que la persona que finan\u00e7a est\u00e0 ajudant a millorar una problem\u00e0tica social.<\/p>\n<p>Disposa de r\u00e8pliques i associats en altres pa\u00efsos i t\u00e9 un \u00e8xit de finan\u00e7ament de prop del 70%.<\/p>\n<h4><strong><a href=\"http:\/\/www.verkami.com\" target=\"_blank\" rel=\"noopener\">Verkami<\/a><\/strong><\/h4>\n<div class=\"featured featured-blue\"><p>Verkami, com Kickstarter, est\u00e0 centrat en finan\u00e7ament col\u00b7lectiu de projectes creatius, per\u00f2 en castell\u00e0.<\/p>\n<\/div>\n<p>De fet, va ser una iniciativa pionera de finan\u00e7ament col\u00b7lectiu a Europa, engegada el 2010.<\/p>\n<p>Verkami \u00e9s un neologisme en esperanto que significa \u2018amic de la creaci\u00f3\u2019, resultat de combinar les paraules <em>verki<\/em> (verb que significa \u2018crear art o ci\u00e8ncia\u2019) i <em>ami<\/em> (\u2018estimar\u2019, \u2018agradar\u2019).<\/p>\n","protected":false},"excerpt":{"rendered":"<p>Sense cap intenci\u00f3 de ser exhaustius, aqu\u00ed hi ha un llistat de les plataformes de finan\u00e7ament col\u00b7lectiu m\u00e9s conegudes i utilitzades. Kickstarter T\u00e9 la seu als Estats Units i es focalitza en projectes creatius en un sentit ampli: m\u00fasica, pel\u00b7l\u00edcules, c\u00f2mics, il\u00b7lustraci\u00f3, gastronomia, moda, fotografia, jocs de taula, v\u00eddeojocs, art performatiu, etc. Com en la [&hellip;]<\/p>\n","protected":false},"author":1,"featured_media":0,"parent":0,"menu_order":0,"comment_status":"closed","ping_status":"closed","template":"","meta":{"inline_featured_image":false},"acf":[],"_links":{"self":[{"href":"http:\/\/disseny-test.uoc.edu\/materials\/prod-digital\/wp-json\/wp\/v2\/pages\/410"}],"collection":[{"href":"http:\/\/disseny-test.uoc.edu\/materials\/prod-digital\/wp-json\/wp\/v2\/pages"}],"about":[{"href":"http:\/\/disseny-test.uoc.edu\/materials\/prod-digital\/wp-json\/wp\/v2\/types\/page"}],"author":[{"embeddable":true,"href":"http:\/\/disseny-test.uoc.edu\/materials\/prod-digital\/wp-json\/wp\/v2\/users\/1"}],"replies":[{"embeddable":true,"href":"http:\/\/disseny-test.uoc.edu\/materials\/prod-digital\/wp-json\/wp\/v2\/comments?post=410"}],"version-history":[{"count":1,"href":"http:\/\/disseny-test.uoc.edu\/materials\/prod-digital\/wp-json\/wp\/v2\/pages\/410\/revisions"}],"predecessor-version":[{"id":411,"href":"http:\/\/disseny-test.uoc.edu\/materials\/prod-digital\/wp-json\/wp\/v2\/pages\/410\/revisions\/411"}],"wp:attachment":[{"href":"http:\/\/disseny-test.uoc.edu\/materials\/prod-digital\/wp-json\/wp\/v2\/media?parent=410"}],"curies":[{"name":"wp","href":"https:\/\/api.w.org\/{rel}","templated":true}]}}