{"id":412,"date":"2018-01-19T20:36:32","date_gmt":"2018-01-19T20:36:32","guid":{"rendered":"http:\/\/disseny-test.uoc.edu\/materials\/prod-digital\/?page_id=412"},"modified":"2018-01-22T19:12:57","modified_gmt":"2018-01-22T19:12:57","slug":"6-3-1-que-son-els-formats-de-video-la-questio-de-la-compressio","status":"publish","type":"page","link":"http:\/\/disseny-test.uoc.edu\/materials\/prod-digital\/6-3-1-que-son-els-formats-de-video-la-questio-de-la-compressio\/","title":{"rendered":"6.3.1. Qu\u00e8 s\u00f3n els formats de v\u00eddeo? La q\u00fcesti\u00f3  de la compressi\u00f3"},"content":{"rendered":"<div class=\"featured featured-blue\"><p>Encara que ens hi referim amb extensions com .avi, .mp4, etc., els formats de v\u00eddeo no s\u00f3n realment formats. S\u00f3n m\u00e9s aviat <strong>contenidors<\/strong>, \u00e9s a dir, com uns paquets de fitxers que inclouen les imatges del v\u00eddeo, el so, indicacions de com descomprimir i sincronitzar, en qu\u00e8 poden haver-hi tamb\u00e9 subt\u00edtols, etc.<\/p>\n<\/div>\n<p>Com a m\u00ednim, un contenidor de v\u00eddeo cont\u00e9 un c\u00f2dec de v\u00eddeo i un d\u2019\u00e0udio. Un <em>container<\/em> us permet escollir el c\u00f2dec de v\u00eddeo i el d\u2019\u00e0udio que vulgueu. Aix\u00ed, podeu usar una compressi\u00f3 d\u2019alta qualitat per a la imatge \u2014ja que considereu que \u00e9s important en el vostre projecte transm\u00e8dia\u2014 per\u00f2 usar MP3 per a comprimir l\u2019\u00e0udio perqu\u00e8 \u00e9s secundari.<\/p>\n<p>Per a poder veure v\u00eddeo en el vostre ordinador, necessiteu c\u00f2decs. Alguns c\u00f2decs, com DivX, ja venen directament amb el sistema operatiu; d\u2019altres quedaran instal\u00b7lats en incloure un programa per a veure v\u00eddeos, i d\u2019altres haureu de descarregar-los de la web. Normalment, quan es necessita un c\u00f2dec nou per a veure el v\u00eddeo, el programa que est\u00e0 intentant llegir-lo avisar\u00e0 del nou c\u00f2dec que es necessita. Moltes vegades us oferir\u00e0 l\u2019enlla\u00e7 per a descarregar-lo.<\/p>\n<p>Per a fer la tasca m\u00e9s senzilla, hi ha els <strong>paquets de c\u00f2decs<\/strong>: programari que ja inclou diversos c\u00f2decs alhora, i per tant no heu d\u2019anar-los buscant d\u2019un en un. Desgraciadament, molts d\u2019aquests paquets tendeixen a crear conflictes amb altres programes que teniu instal\u00b7lats i alguns han estat utilitzats per a instal\u00b7lar molestos programes d\u2019inclusi\u00f3 d\u2019anuncis (<em>adware<\/em>) i fins i tot programari malici\u00f3s, i per tant \u00e9s millor instal\u00b7lar el c\u00f2dec concret que necessitem. I, de fet, amb visors de mitjans com VLC, que ja venen preparats amb una gran quantitat de c\u00f2decs, el m\u00e9s f\u00e0cil \u00e9s que no en tingueu necessitat.<\/p>\n<p>Les imatges de v\u00eddeo que venen directament d\u2019una c\u00e0mera (el format <em>raw<\/em>) ocupen una gran quantitat d\u2019espai. D\u2019aqu\u00ed la necessitat de comprimir-lo i l\u2019exist\u00e8ncia de punts c\u00f2dec. El contenidor inclour\u00e0 aix\u00ed \u00e0udio i v\u00eddeo ja comprimits. L\u2019\u00e0udio estar\u00e0 comprimit en algun dels formats que hem explicat en l\u2019apartat\u00a0<a href=\"http:\/\/disseny-test.uoc.edu\/materials\/prod-digital\/5-1-ecosistema-de-laudio-en-un-entorn-digital\/\" target=\"_blank\" rel=\"noopener\"> 5 \u00abFormats d\u2019\u00e0udio i el seu \u00fas\u00bb.<\/a><\/p>\n<p>&nbsp;<\/p>\n","protected":false},"excerpt":{"rendered":"<p>Com a m\u00ednim, un contenidor de v\u00eddeo cont\u00e9 un c\u00f2dec de v\u00eddeo i un d\u2019\u00e0udio. Un container us permet escollir el c\u00f2dec de v\u00eddeo i el d\u2019\u00e0udio que vulgueu. Aix\u00ed, podeu usar una compressi\u00f3 d\u2019alta qualitat per a la imatge \u2014ja que considereu que \u00e9s important en el vostre projecte transm\u00e8dia\u2014 per\u00f2 usar MP3 per [&hellip;]<\/p>\n","protected":false},"author":1,"featured_media":0,"parent":0,"menu_order":0,"comment_status":"closed","ping_status":"closed","template":"","meta":{"inline_featured_image":false},"acf":[],"_links":{"self":[{"href":"http:\/\/disseny-test.uoc.edu\/materials\/prod-digital\/wp-json\/wp\/v2\/pages\/412"}],"collection":[{"href":"http:\/\/disseny-test.uoc.edu\/materials\/prod-digital\/wp-json\/wp\/v2\/pages"}],"about":[{"href":"http:\/\/disseny-test.uoc.edu\/materials\/prod-digital\/wp-json\/wp\/v2\/types\/page"}],"author":[{"embeddable":true,"href":"http:\/\/disseny-test.uoc.edu\/materials\/prod-digital\/wp-json\/wp\/v2\/users\/1"}],"replies":[{"embeddable":true,"href":"http:\/\/disseny-test.uoc.edu\/materials\/prod-digital\/wp-json\/wp\/v2\/comments?post=412"}],"version-history":[{"count":2,"href":"http:\/\/disseny-test.uoc.edu\/materials\/prod-digital\/wp-json\/wp\/v2\/pages\/412\/revisions"}],"predecessor-version":[{"id":577,"href":"http:\/\/disseny-test.uoc.edu\/materials\/prod-digital\/wp-json\/wp\/v2\/pages\/412\/revisions\/577"}],"wp:attachment":[{"href":"http:\/\/disseny-test.uoc.edu\/materials\/prod-digital\/wp-json\/wp\/v2\/media?parent=412"}],"curies":[{"name":"wp","href":"https:\/\/api.w.org\/{rel}","templated":true}]}}