{"id":414,"date":"2018-01-19T20:48:11","date_gmt":"2018-01-19T20:48:11","guid":{"rendered":"http:\/\/disseny-test.uoc.edu\/materials\/prod-digital\/?page_id=414"},"modified":"2018-01-30T19:05:48","modified_gmt":"2018-01-30T19:05:48","slug":"6-3-2-contenidors-mes-comuns","status":"publish","type":"page","link":"http:\/\/disseny-test.uoc.edu\/materials\/prod-digital\/6-3-2-contenidors-mes-comuns\/","title":{"rendered":"6.3.2. Contenidors m\u00e9s comuns"},"content":{"rendered":"<p>&nbsp;<\/p>\n<table>\n<tbody>\n<tr>\n<th width=\"20%\"><strong><a href=\"javascript:void(0);\" class=\"tooltip\" data-toggle=\"popover\" data-placement=\"bottom\" data-content=\"AVI \u00e9s la sigla d\u2019<em>Audio Video Interlaced<\/em>, o \u00e0udio i v\u00eddeo entrella\u00e7ats.\" data-placement=\"top\" data-html=\"true\" >AVI<\/a><a href=\"#_ftn1\" name=\"_ftnref1\"><br \/>\n<\/a><\/strong><\/th>\n<td width=\"80%\">\u00a0Creat per Microsoft, era el format de v\u00eddeo per defecte al segle passat, encara que en l\u2019actualitat est\u00e0 superat per altres contenidors m\u00e9s avan\u00e7ats que ofereixen una major compressi\u00f3 o la capacitat d\u2019incloure subt\u00edtols. Ara mateix no tindria cap sentit que export\u00e9ssiu els vostres v\u00eddeos en AVI, ja que \u00e9s un format en des\u00fas, per\u00f2 encara es pot trobar molt material antic a la xarxa en aquest format, aix\u00ed que sempre \u00e9s una bona idea tenir eines per a veure i editar AVI.<\/td>\n<\/tr>\n<tr>\n<th><a href=\"javascript:void(0);\" class=\"tooltip\" data-toggle=\"popover\" data-placement=\"bottom\" data-content=\"ASF \u00e9s la sigla d\u2019<em>Advanced Systems Format<\/em>, o format de sistemes avan\u00e7at.\" data-placement=\"top\" data-html=\"true\" >ASF<\/a><\/th>\n<td>\u00c9s el contenidor de Microsoft per al seu c\u00f2dec WMV. Encara que ASF sigui la sigla de refer\u00e8ncia, l\u2019extensi\u00f3 que es refereix a aquest contenidor \u00e9s usualment WMV. Es tracta d\u2019un format propietari i permet utilitzar sistemes de control antipirateria, coneguts per la sigla DRM (Digital Rigths Management, o gesti\u00f3 de drets d\u2019autor digitals).<\/td>\n<\/tr>\n<tr>\n<th>\u00a0<strong>QuickTime<\/strong><\/th>\n<td>Aquest format d\u2019empaquetatge de v\u00eddeo i \u00e0udio va ser desenvolupat per Apple i era el sistema de codificar v\u00eddeo per defecte en les m\u00e0quines creades per aquesta empresa. Els usuaris de Windows disposen d\u2019una aplicaci\u00f3 que permet llegir QuickTime en les seves m\u00e0quines.<\/p>\n<p>QuickTime permet combinar imatge en moviment i est\u00e0tica amb \u00e0udio, i incloure accions interactives. Ofereix tamb\u00e9 un connector per a poder afegir m\u00e9s c\u00f2decs, com DivX.<\/p>\n<p>Per a referir-se a aquest contenidor, els fitxers poden tenir les extensions .mov o .qt.<\/td>\n<\/tr>\n<tr>\n<th>\u00a0<strong>Flash Video<\/strong><\/th>\n<td>En els primers anys d\u2019expansi\u00f3 de la web Flash era el contenidor per defecte per a v\u00eddeo. Les connexions no eren suficientment r\u00e0pides per a res m\u00e9s complex, i la qualitat de v\u00eddeo era clarament superable. Actualment hi ha versions que permeten usar c\u00f2decs com H.264, per\u00f2 Flash ja no t\u00e9 pas aquest estatus de format per defecte i per tant la nostra recomanaci\u00f3 \u00e9s usar-lo solament si per q\u00fcestions t\u00e8cniques \u00e9s l\u2019\u00fanica opci\u00f3 accessible.<\/p>\n<p>El contenidor de v\u00eddeo de Flash apareix normalment amb les extensions .flv o .swf. Actualment \u00e9s propietat d\u2019Adobe.<\/td>\n<\/tr>\n<tr>\n<th><a href=\"javascript:void(0);\" class=\"tooltip\" data-toggle=\"popover\" data-placement=\"bottom\" data-content=\"AVCHD \u00e9s la sigla d\u2019<em>Advanced Video Coding High Defintion<\/em>, o sistema de codificaci\u00f3 avan\u00e7ada de v\u00eddeo amb alta definici\u00f3.\" data-placement=\"top\" data-html=\"true\" >AVCHD<\/a><\/th>\n<td>Aquest format, igual que MP4, permet usar el c\u00f2dec H.264 i el trobem en bona part de les c\u00e0meres de v\u00eddeo digitals. Permet incloure subt\u00edtols, men\u00fas interactius o presentacions de diapositives amb \u00e0udio, i ofereix gravar i distribuir en diferents definicions i r\u00e0tios.<\/p>\n<p>AVCHD \u00e9s un format en t\u00e0ndem de Sony i Panasonic.<\/td>\n<\/tr>\n<tr>\n<th>\u00a0<a href=\"javascript:void(0);\" class=\"tooltip\" data-toggle=\"popover\" data-placement=\"bottom\" data-content=\"El nom complet \u00e9s MPEG-4 i, com en el cas de l\u2019MP3, la sigla es refereix a l\u2019organitzaci\u00f3 responsable d\u2019establir l\u2019est\u00e0ndard.\" data-placement=\"top\" data-html=\"true\" >MP4<\/a><\/th>\n<td>Aquest format pot considerar-se una millora i ampliaci\u00f3 del Quicktime, i \u00e9s el format per defecte que trobem en els ordinadors Apple i en el seu servei de venda i lloguer de v\u00eddeos via iTunes, etc. Permet utilitzar diversos c\u00f2decs de compressi\u00f3 de v\u00eddeo i \u00e0udio, encara que els m\u00e9s usats s\u00f3n H.263\/H.264 per a v\u00eddeo i AAC per a \u00e0udio.<\/p>\n<p>Amb la sigla M4V, es distribueix la versi\u00f3 propiet\u00e0ria d\u2019Apple, que inclou, com ASF, opcions antipirateria.<\/td>\n<\/tr>\n<tr>\n<th><a href=\"javascript:void(0);\" class=\"tooltip\" data-toggle=\"popover\" data-placement=\"bottom\" data-content=\"MKV s\u00f3n les inicials d\u2019extensi\u00f3 per a referir-se al contenidor de v\u00eddeo Matroska. El nom deriva de les nines russes de fusta niades una dins l\u2019altra.\" data-placement=\"top\" data-html=\"true\" >MKV<\/a><\/th>\n<td>\u00a0A difer\u00e8ncia dels altres containers, \u00e9s lliure i obert. \u00c9s un contenidor ideal, ja que accepta una gran quantitat de formats d\u2019\u00e0udio i v\u00eddeo m\u00e9s subt\u00edtols, divisi\u00f3 en cap\u00edtols, men\u00fas interactius, i per tant s\u2019ha convertit en el format m\u00e9s flexible. Desgraciadament, no t\u00e9 encara un suport universal.<\/td>\n<\/tr>\n<tr>\n<th>\u00a0<strong>OGG<\/strong><\/th>\n<td>\u00a0Ja parlem d\u2019aquest contenidor en l\u2019apartat referent a l\u2019\u00e0udio, <a href=\"http:\/\/disseny-test.uoc.edu\/materials\/prod-digital\/5-2-6-ogg-vorbis\/\" target=\"_blank\" rel=\"noopener\">5.2.6 \u00abOgg Vorbis\u00bb<\/a>, quan parlem d\u2019alternatives obertes a l\u2019MP3. En tractar-se d\u2019un contenidor, OGG pot emmagatzemar v\u00eddeo a m\u00e9s d\u2019\u00e0udio, i subt\u00edtols i elements interactius.<br \/>\nEl v\u00eddeo apareix normalment amb l\u2019extensi\u00f3 .ogv.<\/td>\n<\/tr>\n<\/tbody>\n<\/table>\n","protected":false},"excerpt":{"rendered":"<p>&nbsp; \u00a0Creat per Microsoft, era el format de v\u00eddeo per defecte al segle passat, encara que en l\u2019actualitat est\u00e0 superat per altres contenidors m\u00e9s avan\u00e7ats que ofereixen una major compressi\u00f3 o la capacitat d\u2019incloure subt\u00edtols. Ara mateix no tindria cap sentit que export\u00e9ssiu els vostres v\u00eddeos en AVI, ja que \u00e9s un format en des\u00fas, [&hellip;]<\/p>\n","protected":false},"author":1,"featured_media":0,"parent":0,"menu_order":0,"comment_status":"closed","ping_status":"closed","template":"","meta":{"inline_featured_image":false},"acf":[],"_links":{"self":[{"href":"http:\/\/disseny-test.uoc.edu\/materials\/prod-digital\/wp-json\/wp\/v2\/pages\/414"}],"collection":[{"href":"http:\/\/disseny-test.uoc.edu\/materials\/prod-digital\/wp-json\/wp\/v2\/pages"}],"about":[{"href":"http:\/\/disseny-test.uoc.edu\/materials\/prod-digital\/wp-json\/wp\/v2\/types\/page"}],"author":[{"embeddable":true,"href":"http:\/\/disseny-test.uoc.edu\/materials\/prod-digital\/wp-json\/wp\/v2\/users\/1"}],"replies":[{"embeddable":true,"href":"http:\/\/disseny-test.uoc.edu\/materials\/prod-digital\/wp-json\/wp\/v2\/comments?post=414"}],"version-history":[{"count":3,"href":"http:\/\/disseny-test.uoc.edu\/materials\/prod-digital\/wp-json\/wp\/v2\/pages\/414\/revisions"}],"predecessor-version":[{"id":1122,"href":"http:\/\/disseny-test.uoc.edu\/materials\/prod-digital\/wp-json\/wp\/v2\/pages\/414\/revisions\/1122"}],"wp:attachment":[{"href":"http:\/\/disseny-test.uoc.edu\/materials\/prod-digital\/wp-json\/wp\/v2\/media?parent=414"}],"curies":[{"name":"wp","href":"https:\/\/api.w.org\/{rel}","templated":true}]}}