{"id":416,"date":"2018-01-19T20:52:07","date_gmt":"2018-01-19T20:52:07","guid":{"rendered":"http:\/\/disseny-test.uoc.edu\/materials\/prod-digital\/?page_id=416"},"modified":"2018-01-30T19:06:29","modified_gmt":"2018-01-30T19:06:29","slug":"6-3-3-codecs-de-video-mes-comuns","status":"publish","type":"page","link":"http:\/\/disseny-test.uoc.edu\/materials\/prod-digital\/6-3-3-codecs-de-video-mes-comuns\/","title":{"rendered":"6.3.3. C\u00f2decs de v\u00eddeo m\u00e9s comuns"},"content":{"rendered":"<p>Hi ha una gran quantitat de c\u00f2decs per escollir i encara som lluny que s\u2019estableixi un est\u00e0ndard. Podr\u00edem omplir totes les p\u00e0gines d\u2019aquest document simplement llistant c\u00f2decs de v\u00eddeo, per\u00f2 no tindria molt sentit, ja que en el fons els quatre formats que descriurem a continuaci\u00f3 cobreixen la immensa majoria de v\u00eddeos que us puguis trobar i us donen la seguretat que els vostres usuaris podran veure\u2019ls sense problemes.<\/p>\n<table>\n<tbody>\n<tr>\n<th width=\"20%\">\u00a0<a href=\"javascript:void(0);\" class=\"tooltip\" data-toggle=\"popover\" data-placement=\"bottom\" data-content=\"WMN s\u00f3n les inicials de <em>Windows Media Video<\/em>.\" data-placement=\"top\" data-html=\"true\" >WMN<\/a><\/th>\n<td width=\"80%\">\u00a0Tal com el seu nom indica, \u00e9s un c\u00f2dec creat per Microsoft. Forma part del <em>container<\/em> ASF, creat tamb\u00e9 per Microsoft, encara que tamb\u00e9 podem trobar-lo en <em>containers<\/em> com AVI o MKV. Encara que va ser eminentment popular entre els usuaris del sistema operatiu de Windows, ha anat perdent protagonisme a poc a poc, substitu\u00eft per millors formats de compressi\u00f3.<\/td>\n<\/tr>\n<tr>\n<th>\u00a0DivX<\/th>\n<td>\u00a0DivX no \u00e9s exactament un format de compressi\u00f3 sin\u00f3 una marca de diferents c\u00f2decs. Aix\u00ed, quan parlem de DivX en realitat podr\u00edem referir-nos als ja esmentats H.264 i H.265.<\/td>\n<\/tr>\n<tr>\n<th>X.Vid<\/th>\n<td>\u00a0Seria l\u2019alternativa en format obert als c\u00f2decs associats a DivX. Va apar\u00e8ixer al principi del 2000 i va ser un gran \u00e8xit en oferir la possibilitat de comprimir tot un DVD perqu\u00e8 cab\u00e9s en un CD sense perdre gaire qualitat d\u2019imatge. Actualment ofereix c\u00f2decs com l\u2019X264, que seria l\u2019alternativa oberta a l\u2019H.264. De fet, l\u2019X264 ofereix v\u00eddeo de millor qualitat que l\u2019H.264 i ocupa menys espai.<\/td>\n<\/tr>\n<tr>\n<th>H.264<\/th>\n<td>Aquest format associat al contenidor MP4 \u00e9s el c\u00f2dec rei de compressi\u00f3 ara mateix. El trobarem en els discos Blue-ray per\u00f2 tamb\u00e9 en plataformes de distribuci\u00f3 de v\u00eddeo com YouTube o Vimeo.<\/td>\n<\/tr>\n<tr>\n<th>\u00a0H.265<\/th>\n<td>\u00a0Aquest c\u00f2dec, creat en 2013, \u00e9s molt m\u00e9s recent i \u00e9s el successor natural de l\u2019H.264, ja que ofereix la seva mateixa qualitat per\u00f2 amb fitxers que ocupen la meitat de lloc al disc dur. Tamb\u00e9 disposa d\u2019un successor lliure i obert, l\u2019X265.<\/td>\n<\/tr>\n<tr>\n<th>\u00a0WebM<\/th>\n<td>\u00a0Es tracta de format de v\u00eddeo i multim\u00e8dia per a ser utilitzat en la web, i m\u00e9s concretament pensat per a l\u2019entorn HTML 5. \u00c9s creat per Google, per\u00f2 \u00e9s un projecte de programari lliure, de manera que no cal pagar c\u00e0nons a l\u2019empresa del cercador. No \u00e9s pr\u00f2piament un c\u00f2dec, encara que de vegades el veurem descrit aix\u00ed. El c\u00f2dec que utilitza \u00e9s el VP8, que descrivim a continuaci\u00f3.<\/td>\n<\/tr>\n<tr>\n<th>\u00a0VP8<\/th>\n<td>\u00a0Aquest format de compressi\u00f3 de v\u00eddeo va ser creat origin\u00e0riament per una companyia anomenada ON2, que despr\u00e9s va ser adquirida per Google, i pot ser utilitzat sense problemes en la web amb HTML 5. Chrome, Chromium, Firefox i Opera el llegeixen sense problemes d\u2019origen, i Internet Explorer de Microsoft tamb\u00e9 una vegada hi instal\u00b7lem un c\u00f2dec.<br \/>\nAquest c\u00f2dec est\u00e0 pensat per a substituir els gifs animats a l\u2019hora d\u2019incloure petites animacions en les nostres p\u00e0gines web o les xarxes socials.<\/td>\n<\/tr>\n<\/tbody>\n<\/table>\n","protected":false},"excerpt":{"rendered":"<p>Hi ha una gran quantitat de c\u00f2decs per escollir i encara som lluny que s\u2019estableixi un est\u00e0ndard. Podr\u00edem omplir totes les p\u00e0gines d\u2019aquest document simplement llistant c\u00f2decs de v\u00eddeo, per\u00f2 no tindria molt sentit, ja que en el fons els quatre formats que descriurem a continuaci\u00f3 cobreixen la immensa majoria de v\u00eddeos que us puguis [&hellip;]<\/p>\n","protected":false},"author":1,"featured_media":0,"parent":0,"menu_order":0,"comment_status":"closed","ping_status":"closed","template":"","meta":{"inline_featured_image":false},"acf":[],"_links":{"self":[{"href":"http:\/\/disseny-test.uoc.edu\/materials\/prod-digital\/wp-json\/wp\/v2\/pages\/416"}],"collection":[{"href":"http:\/\/disseny-test.uoc.edu\/materials\/prod-digital\/wp-json\/wp\/v2\/pages"}],"about":[{"href":"http:\/\/disseny-test.uoc.edu\/materials\/prod-digital\/wp-json\/wp\/v2\/types\/page"}],"author":[{"embeddable":true,"href":"http:\/\/disseny-test.uoc.edu\/materials\/prod-digital\/wp-json\/wp\/v2\/users\/1"}],"replies":[{"embeddable":true,"href":"http:\/\/disseny-test.uoc.edu\/materials\/prod-digital\/wp-json\/wp\/v2\/comments?post=416"}],"version-history":[{"count":3,"href":"http:\/\/disseny-test.uoc.edu\/materials\/prod-digital\/wp-json\/wp\/v2\/pages\/416\/revisions"}],"predecessor-version":[{"id":1124,"href":"http:\/\/disseny-test.uoc.edu\/materials\/prod-digital\/wp-json\/wp\/v2\/pages\/416\/revisions\/1124"}],"wp:attachment":[{"href":"http:\/\/disseny-test.uoc.edu\/materials\/prod-digital\/wp-json\/wp\/v2\/media?parent=416"}],"curies":[{"name":"wp","href":"https:\/\/api.w.org\/{rel}","templated":true}]}}