{"id":420,"date":"2018-01-19T20:54:01","date_gmt":"2018-01-19T20:54:01","guid":{"rendered":"http:\/\/disseny-test.uoc.edu\/materials\/prod-digital\/?page_id=420"},"modified":"2018-01-19T20:54:01","modified_gmt":"2018-01-19T20:54:01","slug":"6-4-1-recursos-sobre-enregistrament-de-video-digital","status":"publish","type":"page","link":"http:\/\/disseny-test.uoc.edu\/materials\/prod-digital\/6-4-1-recursos-sobre-enregistrament-de-video-digital\/","title":{"rendered":"6.4.1. Recursos sobre enregistrament de v\u00eddeo digital"},"content":{"rendered":"<p>Gravar els nostres propis v\u00eddeos d\u2019una manera professional \u00e9s sens dubte la millor manera d\u2019experimentar-hi, veure les capacitats que ens ofereixen, com es transformen en funci\u00f3 del contenidor i el c\u00f2dec usat, etc.<\/p>\n<p>No \u00e9s una tasca f\u00e0cil, que puguem solucionar amb un parell de par\u00e0grafs, i com a creadors digitals us convidem que exploreu en paral\u00b7lel la web per a trobar els recursos que necessiteu. Tampoc no seria una mala idea fer un curs presencial per a aprendre bases i no crear mals h\u00e0bits.<\/p>\n<p>Una visita r\u00e0pida a la web amb el vostre cercador favorit us mostrar\u00e0 una quantitat considerable de tutorials, cursos i presentacions que cobreixen des de q\u00fcestions gen\u00e8riques sobre com gravar com un professional fins a q\u00fcestions m\u00e9s concretes sobre com utilitzar una c\u00e0mera r\u00e8flex digital per a fer v\u00eddeos, com gravar una entrevista, un videoclip, etc. Busqueu en funci\u00f3 dels vostres projectes i interessos. Aqu\u00ed us oferim alguns recursos:<\/p>\n<ul>\n<li><a href=\"http:\/\/www.socialancer.com\/tecnicas-herramientas-videos-profesionales-low-cost\/\" target=\"_blank\" rel=\"noopener\"><strong>\u00ab15 t\u00e9cnicas y herramientas para crear v\u00eddeos profesionales <em>low cost<\/em>\u00bb<\/strong>.<\/a> No existeix el recurs perfecte per a un tema tan obert que finalment dep\u00e8n tant de coneixement com d\u2019habilitats. Per\u00f2 aquesta breu selecci\u00f3 de tutorials \u00e9s molt \u00fatil en compilar diversos v\u00eddeos sobre diferents tem\u00e0tiques que cobreixen les bases de manera satisfact\u00f2ria.<\/li>\n<li><a href=\"https:\/\/www.youtube.com\/watch?v=6km7hclm6s8\" target=\"_blank\" rel=\"noopener\"><strong>\u00abTutorial: iniciaci\u00f3n al video professional\u00bb<\/strong>.<\/a> Aquest tutorial de YouTube t\u00e9 molt bones cr\u00edtiques i \u00e9s bastant clar i sistem\u00e0tic.<\/li>\n<li><a href=\"https:\/\/www.coursera.org\/learn\/digital\" target=\"_blank\" rel=\"noopener\"><strong>\u00abFundamentos del procesamiento de video e imagen digital\u00bb<\/strong>.<\/a> Aquest MOOC de Coursera \u00e9s un curs en l\u00ednia t\u00e8cnic molt detallat que analitza com es genera el v\u00eddeo digital, com s\u2019edita, distribueix, comprimeix\u2026 Comen\u00e7a amb els temes b\u00e0sics i arriba a analitzar q\u00fcestions ben avan\u00e7ades. En idioma angl\u00e8s.<\/li>\n<\/ul>\n","protected":false},"excerpt":{"rendered":"<p>Gravar els nostres propis v\u00eddeos d\u2019una manera professional \u00e9s sens dubte la millor manera d\u2019experimentar-hi, veure les capacitats que ens ofereixen, com es transformen en funci\u00f3 del contenidor i el c\u00f2dec usat, etc. No \u00e9s una tasca f\u00e0cil, que puguem solucionar amb un parell de par\u00e0grafs, i com a creadors digitals us convidem que exploreu [&hellip;]<\/p>\n","protected":false},"author":1,"featured_media":0,"parent":0,"menu_order":0,"comment_status":"closed","ping_status":"closed","template":"","meta":{"inline_featured_image":false},"acf":[],"_links":{"self":[{"href":"http:\/\/disseny-test.uoc.edu\/materials\/prod-digital\/wp-json\/wp\/v2\/pages\/420"}],"collection":[{"href":"http:\/\/disseny-test.uoc.edu\/materials\/prod-digital\/wp-json\/wp\/v2\/pages"}],"about":[{"href":"http:\/\/disseny-test.uoc.edu\/materials\/prod-digital\/wp-json\/wp\/v2\/types\/page"}],"author":[{"embeddable":true,"href":"http:\/\/disseny-test.uoc.edu\/materials\/prod-digital\/wp-json\/wp\/v2\/users\/1"}],"replies":[{"embeddable":true,"href":"http:\/\/disseny-test.uoc.edu\/materials\/prod-digital\/wp-json\/wp\/v2\/comments?post=420"}],"version-history":[{"count":1,"href":"http:\/\/disseny-test.uoc.edu\/materials\/prod-digital\/wp-json\/wp\/v2\/pages\/420\/revisions"}],"predecessor-version":[{"id":421,"href":"http:\/\/disseny-test.uoc.edu\/materials\/prod-digital\/wp-json\/wp\/v2\/pages\/420\/revisions\/421"}],"wp:attachment":[{"href":"http:\/\/disseny-test.uoc.edu\/materials\/prod-digital\/wp-json\/wp\/v2\/media?parent=420"}],"curies":[{"name":"wp","href":"https:\/\/api.w.org\/{rel}","templated":true}]}}