{"id":422,"date":"2018-01-19T20:56:38","date_gmt":"2018-01-19T20:56:38","guid":{"rendered":"http:\/\/disseny-test.uoc.edu\/materials\/prod-digital\/?page_id=422"},"modified":"2018-01-22T19:17:24","modified_gmt":"2018-01-22T19:17:24","slug":"6-4-2-imatges-generades-via-ia","status":"publish","type":"page","link":"http:\/\/disseny-test.uoc.edu\/materials\/prod-digital\/6-4-2-imatges-generades-via-ia\/","title":{"rendered":"6.4.2. Imatges generades via IA"},"content":{"rendered":"<p>Ja vam veure <strong>Deep Dream<\/strong> en l\u2019apartat <a href=\"http:\/\/disseny-test.uoc.edu\/materials\/prod-digital\/4-4-3-imatges-generades-via-ia\/\" target=\"_blank\" rel=\"noopener\">4.4.3 \u00abImatges generades via IA\u00bb<\/a>, dedicat a imatges. Si us va resultar interessant jugar amb aquesta aplicaci\u00f3, i teniu alguns coneixements de programaci\u00f3, hi ha la possibiltat de recrear v\u00eddeos a l\u2019estil de Deep Dream per a convertir-los en malsons misteriosos.<\/p>\n<p>Teniu tota la informaci\u00f3 en aquest repositori de <a href=\"https:\/\/github.com\/graphific\/deepdreamvideo\" target=\"_blank\" rel=\"noopener\"><strong>Github<\/strong><\/a>.<\/p>\n<p>En un altre repositori de Github teniu una aplicaci\u00f3 ja constru\u00efda, <a href=\"https:\/\/github.com\/samim23\/deepdreamanim\" target=\"_blank\" rel=\"noopener\"><strong>DeepDreamAnim<\/strong><\/a>. Es basa en Python, i per tant haureu de tenir aquest entorn de programaci\u00f3 instal\u00b7lat en el vostre ordinador (els Macs el tenen per defecte, aix\u00ed que no haureu de preocupar-vos).<\/p>\n<div class=\"featured featured-grey\"><\/p>\n<p>Si voleu fer-vos una idea de com pot ser de fantasmag\u00f2ric i psicod\u00e8lic un v\u00eddeo passat per Deep Dream, cliqueu <a href=\"https:\/\/youtu.be\/oyxserkkp4o\" target=\"_blank\" rel=\"noopener\"><em>Fear and loathing in Las Vegas<\/em><\/a>, fragment de la pel\u00b7l\u00edcula passat per aquest filtre.<\/p>\n<p>Un altre exemple \u00e9s el <a href=\"https:\/\/www.youtube.com\/watch?v=gzn1kuw-u6s\" target=\"_blank\" rel=\"noopener\">videoclip<\/a> creat a Deep Dream per Calista and The Crashroots.<\/p>\n<p>\n<\/div>\n<p>&nbsp;<\/p>\n","protected":false},"excerpt":{"rendered":"<p>Ja vam veure Deep Dream en l\u2019apartat 4.4.3 \u00abImatges generades via IA\u00bb, dedicat a imatges. Si us va resultar interessant jugar amb aquesta aplicaci\u00f3, i teniu alguns coneixements de programaci\u00f3, hi ha la possibiltat de recrear v\u00eddeos a l\u2019estil de Deep Dream per a convertir-los en malsons misteriosos. Teniu tota la informaci\u00f3 en aquest repositori [&hellip;]<\/p>\n","protected":false},"author":1,"featured_media":0,"parent":0,"menu_order":0,"comment_status":"closed","ping_status":"closed","template":"","meta":{"inline_featured_image":false},"acf":[],"_links":{"self":[{"href":"http:\/\/disseny-test.uoc.edu\/materials\/prod-digital\/wp-json\/wp\/v2\/pages\/422"}],"collection":[{"href":"http:\/\/disseny-test.uoc.edu\/materials\/prod-digital\/wp-json\/wp\/v2\/pages"}],"about":[{"href":"http:\/\/disseny-test.uoc.edu\/materials\/prod-digital\/wp-json\/wp\/v2\/types\/page"}],"author":[{"embeddable":true,"href":"http:\/\/disseny-test.uoc.edu\/materials\/prod-digital\/wp-json\/wp\/v2\/users\/1"}],"replies":[{"embeddable":true,"href":"http:\/\/disseny-test.uoc.edu\/materials\/prod-digital\/wp-json\/wp\/v2\/comments?post=422"}],"version-history":[{"count":3,"href":"http:\/\/disseny-test.uoc.edu\/materials\/prod-digital\/wp-json\/wp\/v2\/pages\/422\/revisions"}],"predecessor-version":[{"id":579,"href":"http:\/\/disseny-test.uoc.edu\/materials\/prod-digital\/wp-json\/wp\/v2\/pages\/422\/revisions\/579"}],"wp:attachment":[{"href":"http:\/\/disseny-test.uoc.edu\/materials\/prod-digital\/wp-json\/wp\/v2\/media?parent=422"}],"curies":[{"name":"wp","href":"https:\/\/api.w.org\/{rel}","templated":true}]}}