{"id":424,"date":"2018-01-19T20:58:23","date_gmt":"2018-01-19T20:58:23","guid":{"rendered":"http:\/\/disseny-test.uoc.edu\/materials\/prod-digital\/?page_id=424"},"modified":"2018-01-22T19:18:09","modified_gmt":"2018-01-22T19:18:09","slug":"6-4-3-el-glitch","status":"publish","type":"page","link":"http:\/\/disseny-test.uoc.edu\/materials\/prod-digital\/6-4-3-el-glitch\/","title":{"rendered":"6.4.3. El <em>glitch<\/em>"},"content":{"rendered":"<p>Qualsevol fitxer digital \u00e9s finalment zeros i uns. Les t\u00e8cniques de <em>glitch<\/em> serveixen per a transformar un arxiu mitjan\u00e7ant un editor de text.<\/p>\n<p>M\u00e9s informaci\u00f3: <a href=\"http:\/\/disseny-test.uoc.edu\/materials\/prod-digital\/4-4-2-glitch\/\" target=\"_blank\" rel=\"noopener\">4.4.2 \u00ab<em>Glitch<\/em>\u00bb<\/a><\/p>\n<p>Un v\u00eddeo \u00e9s una cosa bastant m\u00e9s complex que una imatge. No solament ocupa molt m\u00e9s espai, sin\u00f3 que \u00e9s una combinaci\u00f3 de diferents components, un fitxer de v\u00eddeo, un d\u2019\u00e0udio, informaci\u00f3 per a sincronitzar-lo, a m\u00e9s de possibles subt\u00edtols, men\u00fas interactius, etc.<\/p>\n<p>Per\u00f2 el mecanisme \u00e9s el mateix: obrim el fitxer amb un editor de textos que ens permeti veure el document en format hexadecimal i anem canviant nombres i posicions al nostre gust. Els experts diuen que per a <em>glitchar<\/em> un MP4 o un MOV cal modificar prop del 10% del fitxer original.<\/p>\n<p>La web <a href=\"http:\/\/datamoshing.com\" target=\"_blank\" rel=\"noopener\">Datamoshing<\/a> ofereix molta informaci\u00f3 sobre com fer <em>glitchos<\/em>, incloent tutorials per a distorsionar petits v\u00eddeos amb aquesta est\u00e8tica peculiar.<\/p>\n","protected":false},"excerpt":{"rendered":"<p>Qualsevol fitxer digital \u00e9s finalment zeros i uns. Les t\u00e8cniques de glitch serveixen per a transformar un arxiu mitjan\u00e7ant un editor de text. M\u00e9s informaci\u00f3: 4.4.2 \u00abGlitch\u00bb Un v\u00eddeo \u00e9s una cosa bastant m\u00e9s complex que una imatge. No solament ocupa molt m\u00e9s espai, sin\u00f3 que \u00e9s una combinaci\u00f3 de diferents components, un fitxer de [&hellip;]<\/p>\n","protected":false},"author":1,"featured_media":0,"parent":0,"menu_order":0,"comment_status":"closed","ping_status":"closed","template":"","meta":{"inline_featured_image":false},"acf":[],"_links":{"self":[{"href":"http:\/\/disseny-test.uoc.edu\/materials\/prod-digital\/wp-json\/wp\/v2\/pages\/424"}],"collection":[{"href":"http:\/\/disseny-test.uoc.edu\/materials\/prod-digital\/wp-json\/wp\/v2\/pages"}],"about":[{"href":"http:\/\/disseny-test.uoc.edu\/materials\/prod-digital\/wp-json\/wp\/v2\/types\/page"}],"author":[{"embeddable":true,"href":"http:\/\/disseny-test.uoc.edu\/materials\/prod-digital\/wp-json\/wp\/v2\/users\/1"}],"replies":[{"embeddable":true,"href":"http:\/\/disseny-test.uoc.edu\/materials\/prod-digital\/wp-json\/wp\/v2\/comments?post=424"}],"version-history":[{"count":3,"href":"http:\/\/disseny-test.uoc.edu\/materials\/prod-digital\/wp-json\/wp\/v2\/pages\/424\/revisions"}],"predecessor-version":[{"id":580,"href":"http:\/\/disseny-test.uoc.edu\/materials\/prod-digital\/wp-json\/wp\/v2\/pages\/424\/revisions\/580"}],"wp:attachment":[{"href":"http:\/\/disseny-test.uoc.edu\/materials\/prod-digital\/wp-json\/wp\/v2\/media?parent=424"}],"curies":[{"name":"wp","href":"https:\/\/api.w.org\/{rel}","templated":true}]}}