{"id":426,"date":"2018-01-19T21:02:12","date_gmt":"2018-01-19T21:02:12","guid":{"rendered":"http:\/\/disseny-test.uoc.edu\/materials\/prod-digital\/?page_id=426"},"modified":"2018-01-30T19:08:27","modified_gmt":"2018-01-30T19:08:27","slug":"6-5-eines-per-a-editar-video","status":"publish","type":"page","link":"http:\/\/disseny-test.uoc.edu\/materials\/prod-digital\/6-5-eines-per-a-editar-video\/","title":{"rendered":"6.5. Eines per a editar v\u00eddeo"},"content":{"rendered":"<p>Tal como hem comentat amb anterioritat, a internet un pot trobar tot tipus de tutorials, des d\u2019un de gen\u00e8ric sobre la instal\u00b7laci\u00f3 d\u2019un programa fins a un de m\u00e9s espec\u00edfic sobre un truc per a millorar la il\u00b7luminaci\u00f3 en una escena nocturna, per a introduir-se als diferents programes, incloses refer\u00e8ncies als tutorials oficials, que sempre s\u00f3n un bon punt de partida.<\/p>\n<ul>\n<li><a href=\"https:\/\/helpx.adobe.com\/es\/premiere-pro\/premiere-pro-cs6-tutorials.html\" target=\"_blank\" rel=\"noopener\"><strong>Tutorials oficials Premiere<\/strong><\/a>. Aquests tutorials creats per Adobe s\u00f3n molt \u00fatils i cobreixen totes les fases, com la instal\u00b7laci\u00f3, q\u00fcestions avan\u00e7ades o una guia sobre com passar a Premiere si esteu acostumats a usar Final Cut. Ofereixen tutorials tant en text com en v\u00eddeo, i fins i tot fragments d\u2019un llibre per a aprendre Premiere. Tot el material est\u00e0 en castell\u00e0.<\/li>\n<li><a href=\"http:\/\/www.avs4you.com\/es\/guides\/index.aspx\" target=\"_blank\" rel=\"noopener\"><strong>Tutorial oficial de v\u00eddeo AVS<\/strong><\/a>. Aqu\u00ed teniu una s\u00e8rie de guies oficials molt senzilles, que combinen explicacions en text i captures de pantalla dels diferents programes que ofereix AVS: l\u2019<strong>AVS<\/strong> <strong>Video Converter<\/strong>, per a passar els vostres v\u00eddeos a altres formats; l\u2019<strong>AVS<\/strong> <strong>Video Editor<\/strong>, per a modificar i millorar els vostres v\u00eddeos, i l\u2019<strong>AVS ReMaker<\/strong>, pensat per a poder editar v\u00eddeos sense recomprimir, eliminant escenes no volgudes, etc. S\u00f3n tutorials breus en qu\u00e8 es van detallant diferents operacions que podeu fer amb aquest programari pas a pas: com convertir a diferents formats, com editar el vostre v\u00eddeo casol\u00e0 en DVD, com il\u00b7luminar un v\u00eddeo que apareix massa fosc, etc.<\/li>\n<li><a href=\"https:\/\/www.apple.com\/es\/final-cut-pro\/resources\/\" target=\"_blank\" rel=\"noopener\"><strong>Tutorial oficial Final Cut<\/strong><\/a>. Final Cut Pro \u00e9s l\u2019editor de v\u00eddeo professional per a usuaris d\u2019Apple que, en ser bastant intu\u00eftiu, permet fer les tasques b\u00e0siques gaireb\u00e9 sense mirar les instruccions. Per\u00f2 uns tutorials mai o venen malament. Dels recursos que apareixen en la web oficial d\u2019Apple destacar\u00edem <strong>Ripple Training<\/strong>, vuit v\u00eddeos (en angl\u00e8s) molt detallats que ens mostren des del principi totes les coses que podem fer amb Final Cut.<\/li>\n<\/ul>\n<h4><strong>Altres editors<\/strong><\/h4>\n<p><strong>Premiere<\/strong>, <strong>AVS<\/strong> i <strong>Final Cut<\/strong> s\u00f3n els editors de v\u00eddeo m\u00e9s reconeguts, per\u00f2 evidentment no s\u00f3n els \u00fanics. Vegem-ne alguns altres:<\/p>\n<table>\n<tbody>\n<tr>\n<th width=\"20%\"><a href=\"https:\/\/www.techsmith.com\/video-editor.html\" target=\"_blank\" rel=\"noopener\">Camtasia<\/a><\/th>\n<td width=\"80%\">Aquest programa \u00e9s especialment popular per la facilitat amb qu\u00e8 permet sincronitzar veu i imatge amb una presentaci\u00f3 en PowerPoint, i per tant \u00e9s una eina molt utilitzada per a crear confer\u00e8ncies i projectes educatius en l\u00ednia. Una bona part dels cursos que un pot veure en MOOC com Coursera estan fets amb Camtasia. Podeu descarregar-vos-el gratis i utilitzar-lo durant un mes per a comprovar si \u00e9s el que necessiteu.<\/td>\n<\/tr>\n<tr>\n<th>\u00a0<a href=\"https:\/\/cinelerra-cv.org\/\" target=\"_blank\" rel=\"noopener\">Cinelerra<\/a><\/th>\n<td>\u00a0\u00c9s el programa m\u00e9s veter\u00e0 i referenciat de la comunitat Linux. \u00c9s molt potent i vers\u00e0til, per\u00f2 segurament ser\u00e0 complicat d\u2019utilitzar per alg\u00fa que no sigui professional. Els experts del m\u00f3n Linux indiquen que, si un est\u00e0 comen\u00e7ant en el m\u00f3n de l\u2019edici\u00f3 en v\u00eddeo, \u00e9s millor utilitzar editors m\u00e9s senzills com OpenShot o Kdenlive.<br \/>\nSi us animeu amb Cinelerra, us pot ser molt \u00fatil la \u00ab<a href=\"http:\/\/www.jesusda.com\/docs\/ebooks\/ebook-guia-supervivencia-cinelerra.pdf\" target=\"_blank\" rel=\"noopener\">Gui\u0301a de supervivencia con Cinelerra 2.0<\/a>\u00bb, creada per l\u2019esmentat Jes\u00fas David.<\/td>\n<\/tr>\n<tr>\n<th><a href=\"http:\/\/www.openshot.org\/\" target=\"_blank\" rel=\"noopener\">OpenShot<\/a><\/th>\n<td>\u00a0Aquest programa \u00e9s de codi obert i gratu\u00eft. Est\u00e0 disponible per a Linux, Windows i OS X. Permet treballar en la majoria de formats i c\u00f2decs que hem descrit anteriorment, i tamb\u00e9 desenvolupar animacions, i est\u00e0 concebut en un sistema d\u2019arrossegar, seleccionar i moure que fa que utilitzar-lo sigui molt intu\u00eftiu.<\/p>\n<p>A \u00ab<a href=\"http:\/\/www.openshot.org\/user-guide\/\" target=\"_blank\" rel=\"noopener\">OpenShot user guide<\/a>\u00bb teniu la guia oficial d\u2019usuari (en angl\u00e8s).<\/p>\n<p><a href=\"http:\/\/www.openshotusers.com\/help\/1.3\/es\/ar01s03.html\" target=\"_blank\" rel=\"noopener\">\u00ab\u00a1Aprenda a manejar OpenShot en 5 minutos!\u00bb<\/a> est\u00e0 en castell\u00e0 i explica molt b\u00e9 els passos b\u00e0sics que necessitem per a editar v\u00eddeo amb aquest programari.<\/td>\n<\/tr>\n<tr>\n<th>\u00a0<a href=\"https:\/\/kdenlive.org\/\" target=\"_blank\" rel=\"noopener\">Kdenlive<\/a><\/th>\n<td>\u00a0El nom complet \u00e9s KDE Non-Linear Video Editor. \u00c9s un programa lliure i de codi obert, pensat per a Linux. Permet treballar amb la majoria de formats de v\u00eddeo, i tamb\u00e9 amb propietaris com MOV, AVI, MPEG, etc. \u00c9s molt visual, del tipus d\u2019arrossegar i deixar anar, permet treballar amb multipistes sense problemes, crear t\u00edtols per als vostres v\u00eddeos, i \u00e9s tan f\u00e0cil i intu\u00eftiu d\u2019utilitzar com els programes de codi tancat Final Cut o Premier.<\/p>\n<p>A \u00ab<a href=\"https:\/\/userbase.kde.org\/kdenlive\/manual\" target=\"_blank\" rel=\"noopener\">Kdenlive\/Manual<\/a>\u00bb teniu el manual oficial sobre com utilitzar-lo, per\u00f2 a internet tamb\u00e9 podeu trobar una multitud de tutorials de tercers, com el wiki \u00ab<a href=\"https:\/\/es.wikibooks.org\/wiki\/kdenlive\/gu%C3%ADa_r%C3%A1demani\" target=\"_blank\" rel=\"noopener\">Kdenlive\/Gu\u00eda r\u00e1pida<\/a>\u00bb, que detalla pas a pas les diferents accions que podeu fer amb aquest programari.<\/p>\n<p>Tamb\u00e9 \u00e9s possible disposar de Kdenlive per a Windows (n\u2019hi ha una versi\u00f3 beta) i per a Mac, ja que Kdenlive pot compilar-se en OS X.<\/td>\n<\/tr>\n<\/tbody>\n<\/table>\n","protected":false},"excerpt":{"rendered":"<p>Tal como hem comentat amb anterioritat, a internet un pot trobar tot tipus de tutorials, des d\u2019un de gen\u00e8ric sobre la instal\u00b7laci\u00f3 d\u2019un programa fins a un de m\u00e9s espec\u00edfic sobre un truc per a millorar la il\u00b7luminaci\u00f3 en una escena nocturna, per a introduir-se als diferents programes, incloses refer\u00e8ncies als tutorials oficials, que sempre [&hellip;]<\/p>\n","protected":false},"author":1,"featured_media":0,"parent":0,"menu_order":0,"comment_status":"closed","ping_status":"closed","template":"","meta":{"inline_featured_image":false},"acf":[],"_links":{"self":[{"href":"http:\/\/disseny-test.uoc.edu\/materials\/prod-digital\/wp-json\/wp\/v2\/pages\/426"}],"collection":[{"href":"http:\/\/disseny-test.uoc.edu\/materials\/prod-digital\/wp-json\/wp\/v2\/pages"}],"about":[{"href":"http:\/\/disseny-test.uoc.edu\/materials\/prod-digital\/wp-json\/wp\/v2\/types\/page"}],"author":[{"embeddable":true,"href":"http:\/\/disseny-test.uoc.edu\/materials\/prod-digital\/wp-json\/wp\/v2\/users\/1"}],"replies":[{"embeddable":true,"href":"http:\/\/disseny-test.uoc.edu\/materials\/prod-digital\/wp-json\/wp\/v2\/comments?post=426"}],"version-history":[{"count":7,"href":"http:\/\/disseny-test.uoc.edu\/materials\/prod-digital\/wp-json\/wp\/v2\/pages\/426\/revisions"}],"predecessor-version":[{"id":1127,"href":"http:\/\/disseny-test.uoc.edu\/materials\/prod-digital\/wp-json\/wp\/v2\/pages\/426\/revisions\/1127"}],"wp:attachment":[{"href":"http:\/\/disseny-test.uoc.edu\/materials\/prod-digital\/wp-json\/wp\/v2\/media?parent=426"}],"curies":[{"name":"wp","href":"https:\/\/api.w.org\/{rel}","templated":true}]}}