{"id":428,"date":"2018-01-19T21:02:44","date_gmt":"2018-01-19T21:02:44","guid":{"rendered":"http:\/\/disseny-test.uoc.edu\/materials\/prod-digital\/?page_id=428"},"modified":"2018-01-19T21:02:44","modified_gmt":"2018-01-19T21:02:44","slug":"6-6-1-introduccio","status":"publish","type":"page","link":"http:\/\/disseny-test.uoc.edu\/materials\/prod-digital\/6-6-1-introduccio\/","title":{"rendered":"6.6.1. Introducci\u00f3"},"content":{"rendered":"<p>Sens dubte, ja coneixeu YouTube i Vimeo. Per\u00f2 hi ha molt\u00edssimes m\u00e9s opcions per a distribuir v\u00eddeos. De nou, una cerca exhaustiva \u00e9s la millor manera de trobar el que cerqueu, per\u00f2 aqu\u00ed us apuntem alguns recursos que us poden ser \u00fatils.<\/p>\n","protected":false},"excerpt":{"rendered":"<p>Sens dubte, ja coneixeu YouTube i Vimeo. Per\u00f2 hi ha molt\u00edssimes m\u00e9s opcions per a distribuir v\u00eddeos. De nou, una cerca exhaustiva \u00e9s la millor manera de trobar el que cerqueu, per\u00f2 aqu\u00ed us apuntem alguns recursos que us poden ser \u00fatils.<\/p>\n","protected":false},"author":1,"featured_media":0,"parent":0,"menu_order":0,"comment_status":"closed","ping_status":"closed","template":"","meta":{"inline_featured_image":false},"acf":[],"_links":{"self":[{"href":"http:\/\/disseny-test.uoc.edu\/materials\/prod-digital\/wp-json\/wp\/v2\/pages\/428"}],"collection":[{"href":"http:\/\/disseny-test.uoc.edu\/materials\/prod-digital\/wp-json\/wp\/v2\/pages"}],"about":[{"href":"http:\/\/disseny-test.uoc.edu\/materials\/prod-digital\/wp-json\/wp\/v2\/types\/page"}],"author":[{"embeddable":true,"href":"http:\/\/disseny-test.uoc.edu\/materials\/prod-digital\/wp-json\/wp\/v2\/users\/1"}],"replies":[{"embeddable":true,"href":"http:\/\/disseny-test.uoc.edu\/materials\/prod-digital\/wp-json\/wp\/v2\/comments?post=428"}],"version-history":[{"count":1,"href":"http:\/\/disseny-test.uoc.edu\/materials\/prod-digital\/wp-json\/wp\/v2\/pages\/428\/revisions"}],"predecessor-version":[{"id":429,"href":"http:\/\/disseny-test.uoc.edu\/materials\/prod-digital\/wp-json\/wp\/v2\/pages\/428\/revisions\/429"}],"wp:attachment":[{"href":"http:\/\/disseny-test.uoc.edu\/materials\/prod-digital\/wp-json\/wp\/v2\/media?parent=428"}],"curies":[{"name":"wp","href":"https:\/\/api.w.org\/{rel}","templated":true}]}}