{"id":430,"date":"2018-01-19T21:05:16","date_gmt":"2018-01-19T21:05:16","guid":{"rendered":"http:\/\/disseny-test.uoc.edu\/materials\/prod-digital\/?page_id=430"},"modified":"2018-01-30T19:09:26","modified_gmt":"2018-01-30T19:09:26","slug":"6-6-2-repositoris","status":"publish","type":"page","link":"http:\/\/disseny-test.uoc.edu\/materials\/prod-digital\/6-6-2-repositoris\/","title":{"rendered":"6.6.2. Repositoris"},"content":{"rendered":"<table>\n<tbody>\n<tr>\n<th width=\"20%\"><a href=\"https:\/\/archive.org\/details\/movies\" target=\"_blank\" rel=\"noopener\"><u>Archive<\/u><\/a><\/th>\n<td width=\"80%\">\u00a0Ja parlem d\u2019Archive en l\u2019apartat\u00a0 d\u2019imatge, per\u00f2 \u00e9s per a v\u00eddeo que l\u2019oferta d\u2019Archive \u00e9s m\u00e9s impactant. De manera totalment gratu\u00efta, teniu acc\u00e9s literalment a milions de v\u00eddeos, tots lliures de drets, incloses not\u00edcies de TV, documentals, pel\u00b7l\u00edcules, canals tem\u00e0tics dedicats als atemptats de l\u201911 de setembre de 2001, la guerra de l\u2019Iraq, el moviment Ocupa Wall Street o videobucles breus per a videoj\u00f2queis.<\/td>\n<\/tr>\n<tr>\n<th>\u00a0<a href=\"http:\/\/www.ubu.com\/film\/\" target=\"_blank\" rel=\"noopener\"><u>Ubu<\/u><\/a><\/th>\n<td>\u00a0Ubu \u00e9s un excel\u00b7lent repositori de videoart d\u2019acc\u00e9s gratu\u00eft, que ofereix el visionament de les obres m\u00e9s representatives de centenars d\u2019artistes contemporanis, des de Marina Abramovic fins a Nam June Paik, Andy Warhol o Wim Wenders, passant per pensadors com Jacques Lacan o Slavoj \u017di\u017eek i m\u00fasics com Terry Riley o John Zorn.<\/td>\n<\/tr>\n<tr>\n<th><a href=\"https:\/\/videos.pexels.com\/\" target=\"_blank\" rel=\"noopener\"><u>Pexel<\/u><\/a><\/th>\n<td>\u00a0Aquest repositori de v\u00eddeos no \u00e9s tan impressionant o complet com els comentats fins ara, per\u00f2 t\u00e9 l\u2019avantatge d\u2019oferir molts v\u00eddeos breus en estoc, organitzats tem\u00e0ticament per a utilitzar en els nostres projectes.<\/td>\n<\/tr>\n<tr>\n<th><a href=\"http:\/\/zkm.de\/en\/av\" target=\"_blank\" rel=\"noopener\"><u>Arxiu de v\u00eddeo del ZKM<\/u><\/a><\/th>\n<td>\u00a0El ZKM \u00e9s un centre cultural\u00a0 dedicat a l\u2019art i les tecnologies digitals situat a Karlsruhe (Alemanya). En aquesta web podr\u00e0s trobar v\u00eddeos dels diferents projectes que han tingut lloc en aquest espai.<\/td>\n<\/tr>\n<\/tbody>\n<\/table>\n","protected":false},"excerpt":{"rendered":"<p>Archive \u00a0Ja parlem d\u2019Archive en l\u2019apartat\u00a0 d\u2019imatge, per\u00f2 \u00e9s per a v\u00eddeo que l\u2019oferta d\u2019Archive \u00e9s m\u00e9s impactant. De manera totalment gratu\u00efta, teniu acc\u00e9s literalment a milions de v\u00eddeos, tots lliures de drets, incloses not\u00edcies de TV, documentals, pel\u00b7l\u00edcules, canals tem\u00e0tics dedicats als atemptats de l\u201911 de setembre de 2001, la guerra de l\u2019Iraq, el [&hellip;]<\/p>\n","protected":false},"author":1,"featured_media":0,"parent":0,"menu_order":0,"comment_status":"closed","ping_status":"closed","template":"","meta":{"inline_featured_image":false},"acf":[],"_links":{"self":[{"href":"http:\/\/disseny-test.uoc.edu\/materials\/prod-digital\/wp-json\/wp\/v2\/pages\/430"}],"collection":[{"href":"http:\/\/disseny-test.uoc.edu\/materials\/prod-digital\/wp-json\/wp\/v2\/pages"}],"about":[{"href":"http:\/\/disseny-test.uoc.edu\/materials\/prod-digital\/wp-json\/wp\/v2\/types\/page"}],"author":[{"embeddable":true,"href":"http:\/\/disseny-test.uoc.edu\/materials\/prod-digital\/wp-json\/wp\/v2\/users\/1"}],"replies":[{"embeddable":true,"href":"http:\/\/disseny-test.uoc.edu\/materials\/prod-digital\/wp-json\/wp\/v2\/comments?post=430"}],"version-history":[{"count":3,"href":"http:\/\/disseny-test.uoc.edu\/materials\/prod-digital\/wp-json\/wp\/v2\/pages\/430\/revisions"}],"predecessor-version":[{"id":1129,"href":"http:\/\/disseny-test.uoc.edu\/materials\/prod-digital\/wp-json\/wp\/v2\/pages\/430\/revisions\/1129"}],"wp:attachment":[{"href":"http:\/\/disseny-test.uoc.edu\/materials\/prod-digital\/wp-json\/wp\/v2\/media?parent=430"}],"curies":[{"name":"wp","href":"https:\/\/api.w.org\/{rel}","templated":true}]}}