{"id":432,"date":"2018-01-19T21:06:24","date_gmt":"2018-01-19T21:06:24","guid":{"rendered":"http:\/\/disseny-test.uoc.edu\/materials\/prod-digital\/?page_id=432"},"modified":"2018-01-19T21:06:24","modified_gmt":"2018-01-19T21:06:24","slug":"6-6-3-xarxes-socials","status":"publish","type":"page","link":"http:\/\/disseny-test.uoc.edu\/materials\/prod-digital\/6-6-3-xarxes-socials\/","title":{"rendered":"6.6.3. Xarxes socials"},"content":{"rendered":"<p>Segurament, la xarxa social amb m\u00e9s v\u00eddeos \u00e9s <strong>Facebook<\/strong>, i seria rid\u00edcul no utilitzar aquest recurs per a moure el nostre projecte transm\u00e8dia, sia oferint-ne fragments o movent un v\u00eddeo viral per donar a con\u00e8ixer el nostre projecte.<\/p>\n<p>A m\u00e9s d\u2019espais espec\u00edfics per a moure v\u00eddeos en xarxa, com <strong>YouTube<\/strong> i <strong>Vimeo<\/strong>, tenim <a href=\"http:\/\/www.dailymotion.com\/es\" target=\"_blank\" rel=\"noopener\"><strong>Dailymotion<\/strong><\/a>, <a href=\"http:\/\/www.ustream.tv\/\" target=\"_blank\" rel=\"noopener\"><strong>Ustream<\/strong><\/a> i <a href=\"http:\/\/www.veoh.com\/\" target=\"_blank\" rel=\"noopener\"><strong>Veoh<\/strong><\/a>, per exemple.<\/p>\n<p>M\u00e9s especialitzats s\u00f3n <a href=\"https:\/\/www.viddler.com\/\" target=\"_blank\" rel=\"noopener\"><strong>Vidler<\/strong><\/a> o <a href=\"https:\/\/www.instructables.com\/\" target=\"_blank\" rel=\"noopener\"><strong>Instructables<\/strong><\/a>, que estan pensats per a allotjar v\u00eddeos formatius on expliquem t\u00e8cniques i trucs per a aconseguir fer certes coses, des de com editar un v\u00eddeo fins a com fer origami.<\/p>\n<p>Igualment, hi ha <strong>Twich.tv<\/strong>, pensat especialment per a gravar i difondre les nostres partides de videojocs, o <a href=\"https:\/\/www.snapchat.com\/l\/es\/\" target=\"_blank\" rel=\"noopener\"><strong>Snapchat<\/strong><\/a>, per a difondre v\u00eddeos breus (especialment les autofotos animades en qu\u00e8 posem tot tipus d\u2019efectes), que desapareixeran quan ho indiquem.<\/p>\n","protected":false},"excerpt":{"rendered":"<p>Segurament, la xarxa social amb m\u00e9s v\u00eddeos \u00e9s Facebook, i seria rid\u00edcul no utilitzar aquest recurs per a moure el nostre projecte transm\u00e8dia, sia oferint-ne fragments o movent un v\u00eddeo viral per donar a con\u00e8ixer el nostre projecte. A m\u00e9s d\u2019espais espec\u00edfics per a moure v\u00eddeos en xarxa, com YouTube i Vimeo, tenim Dailymotion, Ustream [&hellip;]<\/p>\n","protected":false},"author":1,"featured_media":0,"parent":0,"menu_order":0,"comment_status":"closed","ping_status":"closed","template":"","meta":{"inline_featured_image":false},"acf":[],"_links":{"self":[{"href":"http:\/\/disseny-test.uoc.edu\/materials\/prod-digital\/wp-json\/wp\/v2\/pages\/432"}],"collection":[{"href":"http:\/\/disseny-test.uoc.edu\/materials\/prod-digital\/wp-json\/wp\/v2\/pages"}],"about":[{"href":"http:\/\/disseny-test.uoc.edu\/materials\/prod-digital\/wp-json\/wp\/v2\/types\/page"}],"author":[{"embeddable":true,"href":"http:\/\/disseny-test.uoc.edu\/materials\/prod-digital\/wp-json\/wp\/v2\/users\/1"}],"replies":[{"embeddable":true,"href":"http:\/\/disseny-test.uoc.edu\/materials\/prod-digital\/wp-json\/wp\/v2\/comments?post=432"}],"version-history":[{"count":1,"href":"http:\/\/disseny-test.uoc.edu\/materials\/prod-digital\/wp-json\/wp\/v2\/pages\/432\/revisions"}],"predecessor-version":[{"id":433,"href":"http:\/\/disseny-test.uoc.edu\/materials\/prod-digital\/wp-json\/wp\/v2\/pages\/432\/revisions\/433"}],"wp:attachment":[{"href":"http:\/\/disseny-test.uoc.edu\/materials\/prod-digital\/wp-json\/wp\/v2\/media?parent=432"}],"curies":[{"name":"wp","href":"https:\/\/api.w.org\/{rel}","templated":true}]}}