{"id":442,"date":"2018-01-19T21:14:09","date_gmt":"2018-01-19T21:14:09","guid":{"rendered":"http:\/\/disseny-test.uoc.edu\/materials\/prod-digital\/?page_id=442"},"modified":"2018-01-30T14:07:20","modified_gmt":"2018-01-30T14:07:20","slug":"6-7-5-videos-virals","status":"publish","type":"page","link":"http:\/\/disseny-test.uoc.edu\/materials\/prod-digital\/6-7-5-videos-virals\/","title":{"rendered":"6.7.5. V\u00eddeos virals"},"content":{"rendered":"<p>Fer un v\u00eddeo viral \u00e9s art, i tamb\u00e9 implica un gran element de sort, no ens enganyem. Si tingu\u00e9ssim la f\u00f3rmula infal\u00b7lible per a crear v\u00eddeos virals no estar\u00edem aqu\u00ed, sin\u00f3 en alguna platja del Carib vivint dels anuncis de YouTube.<\/p>\n<p>Aix\u00ed i tot, unes quantes nocions sobre com planejar un v\u00eddeo viral per a donar a con\u00e8ixer el nostre projecte transm\u00e8dia s\u00ed que les podem presentar perqu\u00e8 les useu com vulgueu en el vostre propi projecte.<\/p>\n<div class=\"featured featured-blue\"><p>Un v\u00eddeo viral ha de ser cridaner, original, etc. Per\u00f2 encara m\u00e9s important \u00e9s que tota aquesta originalitat i diversi\u00f3 estigui dirigida a respondre a una necessitat o desig b\u00e0sic de la nostra audi\u00e8ncia.<\/p>\n<\/div>\n<div class=\"featured featured-grey\"><p>Un exemple formidable s\u00f3n els v\u00eddeos de Jason Silva en el seu canal <a href=\"https:\/\/www.youtube.com\/user\/shotsofawe\" target=\"_blank\" rel=\"noopener\"><em>Shots of Awe<\/em><\/a>. Aquests v\u00eddeos tendeixen a ser molt senzills, moltes vegades hi apareix solament ell parlant a la c\u00e0mera, gesticulant i somrient, per\u00f2 el seu canal t\u00e9 m\u00e9s de mig mili\u00f3 de subscriptors perqu\u00e8 parla de necessitats concretes d\u2019una bona part dels humans, per exemple, la nostra necessitat de transcend\u00e8ncia, d\u2019espiritualitat, sense haver de passar per cap religi\u00f3 en particular.<\/p>\n<\/div>\n<p>Aquestes necessitats i desitjos b\u00e0sics els toquem mitjan\u00e7ant les emocions, i d\u2019aqu\u00ed la import\u00e0ncia de transmetre emocions m\u00e9s que conceptes i dades. De fet, el millor \u00e9s mantenir les m\u00ednimes dades i informacions necess\u00e0ries per a entendre el missatge i deixar que siguin les emocions les que finalment atreguin els nostres possibles usuaris\/clients.<\/p>\n<p>El nostre projecte est\u00e0 probablement pensat per a arribar a una comunitat espec\u00edfica. \u00c9s important que aix\u00f2 estigui reflectit tamb\u00e9 en el nostre v\u00eddeo viral. Dit d\u2019una altra manera, no es tracta de fer un v\u00eddeo viral d\u2019aquells que tenen milions de vistos a YouTube (encara que, b\u00e9, si ho aconseguiu genial!). Volem aconseguir un v\u00eddeo que es faci viral en una comunitat. Aix\u00f2 vol dir utilitzar els recursos visuals, narratius i tem\u00e0tics que funcionin millor en aquesta comunitat. Necessitem aix\u00ed estudiar els seus interessos, manies, frases fetes, celebritats, tem\u00e0tiques estimades i odiades, i aconseguir-los tant com sigui possible per al nostre v\u00eddeo. Igualment, tots els girs, conceptes, posicions que siguin de domini p\u00fablic per a aquesta comunitat no necessitem fer-los expl\u00edcits. Ells ja entendran qu\u00e8 volem dir.<\/p>\n<div class=\"featured featured-blue\"><p>Els experts en v\u00eddeos virals per al m\u00e0rqueting insisteixen que un v\u00eddeo aix\u00ed ha de respondre sobretot al perqu\u00e8 m\u00e9s que al qu\u00e8 o al com.<\/p>\n<\/div>\n<p class=\"Normalesp\"><span lang=\"CA\">Explicar el qu\u00e8 o el com \u00e9s donar informaci\u00f3, dades. En canvi, si contestem el perqu\u00e8 del nostre projecte, \u00e9s molt m\u00e9s f\u00e0cil explicar una hist\u00f2ria. El nostre p\u00fablic no est\u00e0 interessat a con\u00e8ixer la resoluci\u00f3 de les nostres fotografies o l\u2019algorisme de compressi\u00f3 que hem usat per a l\u2019\u00e0udio; b\u00e0sicament, vol saber per qu\u00e8 hem organitzat aquest projecte i on volem arribar amb ell.<\/span><\/p>\n","protected":false},"excerpt":{"rendered":"<p>Fer un v\u00eddeo viral \u00e9s art, i tamb\u00e9 implica un gran element de sort, no ens enganyem. Si tingu\u00e9ssim la f\u00f3rmula infal\u00b7lible per a crear v\u00eddeos virals no estar\u00edem aqu\u00ed, sin\u00f3 en alguna platja del Carib vivint dels anuncis de YouTube. Aix\u00ed i tot, unes quantes nocions sobre com planejar un v\u00eddeo viral per a [&hellip;]<\/p>\n","protected":false},"author":1,"featured_media":0,"parent":0,"menu_order":0,"comment_status":"closed","ping_status":"closed","template":"","meta":{"inline_featured_image":false},"acf":[],"_links":{"self":[{"href":"http:\/\/disseny-test.uoc.edu\/materials\/prod-digital\/wp-json\/wp\/v2\/pages\/442"}],"collection":[{"href":"http:\/\/disseny-test.uoc.edu\/materials\/prod-digital\/wp-json\/wp\/v2\/pages"}],"about":[{"href":"http:\/\/disseny-test.uoc.edu\/materials\/prod-digital\/wp-json\/wp\/v2\/types\/page"}],"author":[{"embeddable":true,"href":"http:\/\/disseny-test.uoc.edu\/materials\/prod-digital\/wp-json\/wp\/v2\/users\/1"}],"replies":[{"embeddable":true,"href":"http:\/\/disseny-test.uoc.edu\/materials\/prod-digital\/wp-json\/wp\/v2\/comments?post=442"}],"version-history":[{"count":2,"href":"http:\/\/disseny-test.uoc.edu\/materials\/prod-digital\/wp-json\/wp\/v2\/pages\/442\/revisions"}],"predecessor-version":[{"id":915,"href":"http:\/\/disseny-test.uoc.edu\/materials\/prod-digital\/wp-json\/wp\/v2\/pages\/442\/revisions\/915"}],"wp:attachment":[{"href":"http:\/\/disseny-test.uoc.edu\/materials\/prod-digital\/wp-json\/wp\/v2\/media?parent=442"}],"curies":[{"name":"wp","href":"https:\/\/api.w.org\/{rel}","templated":true}]}}