{"id":444,"date":"2018-01-19T21:16:11","date_gmt":"2018-01-19T21:16:11","guid":{"rendered":"http:\/\/disseny-test.uoc.edu\/materials\/prod-digital\/?page_id=444"},"modified":"2018-01-30T14:07:56","modified_gmt":"2018-01-30T14:07:56","slug":"6-7-6-elements-narratius","status":"publish","type":"page","link":"http:\/\/disseny-test.uoc.edu\/materials\/prod-digital\/6-7-6-elements-narratius\/","title":{"rendered":"6.7.6. Elements narratius"},"content":{"rendered":"<p>Suposem que el vostre v\u00eddeo incrustat va m\u00e9s enll\u00e0 de mostrar simplement una evid\u00e8ncia o potenciar una emoci\u00f3. Voleu explicar una hist\u00f2ria. Tant si teniu ambici\u00f3 i plantegeu crear un breu curt cinematogr\u00e0fic en qu\u00e8 s\u2019expliqui una hist\u00f2ria, com si \u00e9s una s\u00e8rie de fotografies animades amb un text o una veu en off, o simplement un videoblog o un tutorial en l\u00ednia en qu\u00e8 expliqueu alguna cosa, \u00e9s necessari pensar i planificar abans de posar-se a gravar.<\/p>\n<div class=\"featured featured-blue\"><p>El primer pas, ja l\u2019hem detallat en parlar d\u2019imatges, \u00e9s fer-se\u2019n una <strong>idea<\/strong>. Pensem en qu\u00e8 volem dir, per qu\u00e8 ho volem dir, a quin p\u00fablic volem arribar i quins formats usarem per a explicar la nostra hist\u00f2ria.<\/p>\n<\/div>\n<p>Entendre el nostre p\u00fablic \u00e9s important, especialment si dedicarem un temps extra a desenvolupar un v\u00eddeo. Evidentment, no podem (ni necessitem, en realitat) saber-ho tot sobre el p\u00fablic. Podem fer-nos una idea prou raonable de qui s\u00f3n les persones amb qui estem parlant si podem contestar aquestes tres preguntes:<\/p>\n<ul>\n<li>Quins s\u00f3n els seus interessos?<\/li>\n<li>Quines expectatives han posat en el nostre material?<\/li>\n<li>Quins coneixements previs tenen sobre el tema que tractem?<\/li>\n<\/ul>\n<p>Per a establir millor qu\u00e8 volem explicar, el millor \u00e9s entendre la nostra motivaci\u00f3 \u00faltima, per qu\u00e8 ho volem explicar. \u00c9s a dir, hem de respondre la pregunta: <strong>per qu\u00e8 \u00e9s important?<\/strong><\/p>\n<p>Una vegada tenim la motivaci\u00f3, hem de compilar les dades b\u00e0siques que situen la nostra hist\u00f2ria i li donen sentit. En el periodisme o en la literatura de no ficci\u00f3 s\u2019associen tradicionalment aquests processos d\u2019ubicaci\u00f3 a una s\u00e8rie de W de l\u2019idioma angl\u00e8s:<\/p>\n<ul>\n<li><em>What<\/em>: qu\u00e8 volem explicar.<\/li>\n<li><em>Why<\/em>: per qu\u00e8 ho volem explicar.<\/li>\n<li><em>Who<\/em>: qui s\u00f3n els agents de la hist\u00f2ria.<\/li>\n<li><em>When<\/em>: en quin moment t\u00e9 lloc l\u2019acci\u00f3.<\/li>\n<li><em>Where<\/em>: en quin lloc es desenvolupa l\u2019acci\u00f3.<\/li>\n<li><em>How<\/em>: de quina manera es desenvolupa l\u2019acci\u00f3.<\/li>\n<\/ul>\n<div class=\"featured featured-blue\"><p>Si podem contestar aquests interrogants, ja tenim la nostra hist\u00f2ria situada.<\/p>\n<\/div>\n<p>Hem de veure amb quins materials presentarem aquestes idees i esdeveniments. Tindrem actors que duran a terme una acci\u00f3? O simplement els narrarem? La hist\u00f2ria s\u2019organitzar\u00e0 com una conversa entre diverses persones al voltant d\u2019una taula? O seran imatges fixes amb un narrador? La decisi\u00f3 del format influir\u00e0 sobre el ritme i marc temporal que volem per a la nostra hist\u00f2ria i viceversa.<\/p>\n<p>Si el nostre objectiu \u00e9s argumentar una posici\u00f3, haurem d\u2019organitzar tamb\u00e9 l\u2019estructura des d\u2019una perspectiva l\u00f2gica, pensar en la manera natural en qu\u00e8 una persona es convenceria de la posici\u00f3 que volem defensar i presentar evid\u00e8ncies, idees i hist\u00f2ries de la mateixa manera, construint progressivament un raonament fins a tenir una estructura compacta.<\/p>\n<p>En aquest proc\u00e9s organitzatiu, si el v\u00eddeo \u00e9s suficientment llarg (m\u00e9s de deu minuts) necessitem establir moments de rep\u00f2s cognitiu. Escoltar una confer\u00e8ncia d\u2019una hora i mitja \u00e9s dur, i si a m\u00e9s ho fem en pantalla en lloc d\u2019estar en directe necessitem una motivaci\u00f3 enorme per a aguantar fins al final. D\u2019aqu\u00ed la import\u00e0ncia de crear descansos en la narraci\u00f3 cada 10, 15 minuts amb un canvi de perspectiva, una broma del narrador, una sorpresa visual, un canvi de ritme\u2026<\/p>\n<p>Una hist\u00f2ria s\u00f3n finalment emocions compactades i organitzades. D\u2019una bona hist\u00f2ria esperem <strong>sorpresa<\/strong>, ja que si tot segueix un ordre obvi i preestablert la hist\u00f2ria es tornar\u00e0 avorrida.<\/p>\n<p>Les hist\u00f2ries ens motiven tamb\u00e9 perqu\u00e8 finalment s\u00f3n <strong>senzilles<\/strong>. S\u00f3n alguna cosa a qu\u00e8 estem acostumats, i podem seguir-les amb m\u00e9s facilitat que una demostraci\u00f3 matem\u00e0tica o una argumentaci\u00f3 econ\u00f2mica.<\/p>\n<p>Per\u00f2 d\u2019una hist\u00f2ria tamb\u00e9 esperem <strong>rellev\u00e0ncia<\/strong>. Una hist\u00f2ria pot ser molt sorprenent, per\u00f2 si no t\u00e9 res a veure amb el que es vol transmetre en el projecte transm\u00e8dia, el nostre p\u00fablic probablement se sentir\u00e0 enganyat.<\/p>\n<p>Tota bona hist\u00f2ria segueix el que es diu un <strong>arc narratiu<\/strong>, que fa que ens interessi seguir-la fins al final. Una bona confer\u00e8ncia sobre un tema cient\u00edfic o humanista, de no ficci\u00f3, tamb\u00e9 pot desenvolupar-se seguint aquest esquema encara que no hi hagi herois que lluitin contra malvats.<\/p>\n<p>Tota hist\u00f2ria d\u2019\u00e8xit s\u2019organitza en els cinc passos seg\u00fcents:<\/p>\n<ol>\n<li><strong>Introducci\u00f3<\/strong>: Es planteja el tema que volem explicar, les condicions inicials que defineixen la hist\u00f2ria i que seran rellevants en la hist\u00f2ria. S\u2019explica per qu\u00e8 el protagonista vol aconseguir el que vol aconseguir.<\/li>\n<li><strong>Ascens<\/strong>: Es va construint una acci\u00f3 de manera progressiva. El protagonista va enfrontant-se amb diversos problemes i situacions i m\u00e9s o menys ho va aconseguint.<\/li>\n<li><strong>Cl\u00edmax<\/strong>: Arriba el moment definitiu de la hist\u00f2ria, en qu\u00e8 apareix la dificultat m\u00e9s gran.<\/li>\n<li><strong>Enfrontament<\/strong>: Despr\u00e9s del cl\u00edmax, el protagonista ha de reaccionar i enfrontar-se amb el problema, sia v\u00e8ncer el malvat o solucionar el problema abstracte amb una narraci\u00f3 en un context de no ficci\u00f3.<\/li>\n<li><strong>Desenlla\u00e7<\/strong>: El problema pot ser resolt finalment, potser no de la manera original que esper\u00e0vem (sorpresa) i aix\u00f2 genera una catarsi en el p\u00fablic, que se sent alleujat en veure que finalment els problemes han pogut solucionar-se.<\/li>\n<\/ol>\n<p>Si examinem qualsevol hist\u00f2ria que ens hagi atrapat en un moment donat, veurem que segueix aquest esquema d\u2019arc narratiu de manera molt fidel.<\/p>\n<div class=\"featured featured-grey\"><\/p>\n<p>Com a exemple, considerem <em>Star Wars<\/em>. La hist\u00f2ria comen\u00e7a amb una <strong>introducci\u00f3<\/strong> per a situar-nos. Luke Skywalker viu feli\u00e7ment amb els seus pares adoptius en una granja fins que un parell de robots apareixen en la seva vida. En tornar a casa despr\u00e9s d\u2019intentar retornar els robots al seu veritable propietari, un misteri\u00f3s Obi Wan Kenobi descobreix que la seva fam\u00edlia ha estat assassinada i la seva granja destru\u00efda. Ja res no pot ser com abans; Luke ha de reaccionar.<\/p>\n<p>L\u2019ascens en aquest cas apareix com una progressi\u00f3 positiva: a l\u2019equip de Luke, Obi Wan i els dos robots les coses els van b\u00e9. Gr\u00e0cies especialment als poders d\u2019Obi Wan, aconsegueixen m\u00e9s o menys tot el que es proposen.<\/p>\n<p>En <strong>el cl\u00edmax<\/strong> s\u2019enfronten al malvat Darth Vader i Obi Wan mor en la batalla. L\u2019heroi se sent frustrat i busca la venjan\u00e7a.<\/p>\n<p>En <strong>l\u2019enfrontament<\/strong>, gr\u00e0cies al mapa transportat per R2-D2, descobreixen un tal\u00f3 d\u2019Aquil\u00b7les en l\u2019estructura de la nau fortalesa de l\u2019enemic, l\u2019Estel de la Mort, i diversos pilots, entre ells Luke, es llancen a capturar-lo.<\/p>\n<p>En <strong>el desenlla\u00e7<\/strong>, el protagonista aconsegueix destruir finalment l\u2019Estel de la Mort i desbaratar els plans del malvat.<\/p>\n<p>No \u00e9s estrany que <em>Star Wars<\/em> mantingui aquesta estructura narrativa, ja que George Lucas, el director, la va buscar conscientment. Lucas es va inspirar en un expert en mitologia, Joseph Campbell, i el seu llibre <em>L\u2019heroi de les mil cares<\/em>, on explorava l\u2019estructura b\u00e0sica dels mites i com podien observar-se en les nostres hist\u00f2ries, novel\u00b7les o cinema contemporani.<\/p>\n<p>Campbell considerava que hi havia b\u00e0sicament unes hist\u00f2ries tipus que tota narraci\u00f3 acabava seguint, com la que acabem d\u2019explicar de l\u2019heroi que s\u2019enfronta a un monstre (sia la de Darth Vader o sant Jordi contra el drac). Hi ha tamb\u00e9 la <strong>cerca<\/strong> en qu\u00e8 el protagonista ha d\u2019aconseguir un objecte clau, en el proc\u00e9s de la qual es transforma a si mateix, com \u00e9s la hist\u00f2ria dels Cavallers de la Taula Rodona que busquen el Sant Greal.<\/p>\n<p>\n<\/div>\n<p>Una altra narraci\u00f3 tipus \u00e9s el <strong>viatge <\/strong>i la<strong> tornada<\/strong> en qu\u00e8 el protagonista acaba aterrant en un m\u00f3n estrany que el fascina per\u00f2 que acaba entenent que no \u00e9s per a ell i en qu\u00e8 decideix tornar a la seva llar, com succeeix a Ulisses a l\u2019<em>Odissea<\/em>.<\/p>\n<p>Aquestes tipologies de narraci\u00f3 poden combinar-se creant aix\u00ed hist\u00f2ries fascinants.<\/p>\n<div class=\"featured featured-grey\"><p>Una de les raons per la qual <em>El silenci dels anyells<\/em> (tant la novel\u00b7la com la pel\u00b7l\u00edcula) ens atrapa \u00e9s perqu\u00e8 sembla una hist\u00f2ria lineal sobre l\u2019heroi que atrapa el monstre, per\u00f2 en el fons \u00e9s una hist\u00f2ria d\u2019una cerca: la protagonista, Clarice Starling (interpretada en la pel\u00b7l\u00edcula per Jodie Foster), en el proc\u00e9s d\u2019atrapar el psic\u00f2pata Buffalo Bill i aix\u00ed ascendir en l\u2019FBI, est\u00e0 en un proc\u00e9s de transformaci\u00f3 personal de qu\u00e8 sortir\u00e0 totalment canviada.<\/p>\n<\/div>\n<p class=\"Normalesp\"><span lang=\"CA\">Per a aplicar les idees de Campbell, no necessiteu que la vostra hist\u00f2ria sigui narrativa en un sentit cl\u00e0ssic.<\/span><\/p>\n<div class=\"featured featured-grey\"><\/p>\n<p>Imagineu-vos que heu de crear una s\u00e8rie de lli\u00e7ons en v\u00eddeo per a un curs sobre ci\u00e8ncies pol\u00edtiques. En un dels v\u00eddeos heu d\u2019explicar una cosa tan abstracta com per qu\u00e8 en unes eleccions el resultat de qui governa finalment no \u00e9s simplement la regla d\u2019\u00abuna persona, un vot\u00bb i els remeis que els experts en pol\u00edtica proposen per a remeiar-ho en tant que sigui possible.<\/p>\n<p>Podr\u00edeu fer-ho com si fos una classe, donant tot tipus de detalls i gr\u00e0fics, per\u00f2 tamb\u00e9 podr\u00edeu convertir-ho en una hist\u00f2ria.<\/p>\n<p>Podr\u00edeu comen\u00e7ar amb una introducci\u00f3, posant un exemple d\u2019aquesta distorsi\u00f3, com les eleccions del 2016 als Estats Units, en qu\u00e8 va guanyar Donald Trump a pesar que Hilary Clinton havia aconseguit gaireb\u00e9 tres milions de vots m\u00e9s. Aqu\u00ed esteu assentant les bases de la hist\u00f2ria.<\/p>\n<p>Una vegada creada la intriga en el nostre p\u00fablic, anir\u00edem explicant els diferents mecanismes electors que fan possible aix\u00f2, posant exemples m\u00e9s propers al nostre p\u00fablic. Comen\u00e7ar\u00edem per mecanismes senzills d\u2019entendre i relativament benignes, i anir\u00edem augmentant la complexitat i la distorsi\u00f3 a cada pas. El cl\u00edmax podria ser all\u00f2 que els anglosaxons anomenen <em>gerrymandering<\/em>, \u00e9s a dir, la manipulaci\u00f3 de les circumscripcions electorals en un territori per part dels pol\u00edtics en el poder per a assegurar-se que el recompte de vots els ser\u00e0 al m\u00e9s favorable possible.<\/p>\n<p>En l\u2019enfrontament, proposar\u00edem la nostra mesura alternativa de com explicar vots en unes eleccions, tots els avantatges que reportaria en el desenlla\u00e7 i per qu\u00e8 aquesta alternativa \u00e9s millor que totes les que hem anat descrivint.<\/p>\n<p>\n<\/div>\n<p>&nbsp;<\/p>\n<p>&nbsp;<\/p>\n","protected":false},"excerpt":{"rendered":"<p>Suposem que el vostre v\u00eddeo incrustat va m\u00e9s enll\u00e0 de mostrar simplement una evid\u00e8ncia o potenciar una emoci\u00f3. Voleu explicar una hist\u00f2ria. Tant si teniu ambici\u00f3 i plantegeu crear un breu curt cinematogr\u00e0fic en qu\u00e8 s\u2019expliqui una hist\u00f2ria, com si \u00e9s una s\u00e8rie de fotografies animades amb un text o una veu en off, o [&hellip;]<\/p>\n","protected":false},"author":1,"featured_media":0,"parent":0,"menu_order":0,"comment_status":"closed","ping_status":"closed","template":"","meta":{"inline_featured_image":false},"acf":[],"_links":{"self":[{"href":"http:\/\/disseny-test.uoc.edu\/materials\/prod-digital\/wp-json\/wp\/v2\/pages\/444"}],"collection":[{"href":"http:\/\/disseny-test.uoc.edu\/materials\/prod-digital\/wp-json\/wp\/v2\/pages"}],"about":[{"href":"http:\/\/disseny-test.uoc.edu\/materials\/prod-digital\/wp-json\/wp\/v2\/types\/page"}],"author":[{"embeddable":true,"href":"http:\/\/disseny-test.uoc.edu\/materials\/prod-digital\/wp-json\/wp\/v2\/users\/1"}],"replies":[{"embeddable":true,"href":"http:\/\/disseny-test.uoc.edu\/materials\/prod-digital\/wp-json\/wp\/v2\/comments?post=444"}],"version-history":[{"count":3,"href":"http:\/\/disseny-test.uoc.edu\/materials\/prod-digital\/wp-json\/wp\/v2\/pages\/444\/revisions"}],"predecessor-version":[{"id":916,"href":"http:\/\/disseny-test.uoc.edu\/materials\/prod-digital\/wp-json\/wp\/v2\/pages\/444\/revisions\/916"}],"wp:attachment":[{"href":"http:\/\/disseny-test.uoc.edu\/materials\/prod-digital\/wp-json\/wp\/v2\/media?parent=444"}],"curies":[{"name":"wp","href":"https:\/\/api.w.org\/{rel}","templated":true}]}}