{"id":446,"date":"2018-01-19T21:17:19","date_gmt":"2018-01-19T21:17:19","guid":{"rendered":"http:\/\/disseny-test.uoc.edu\/materials\/prod-digital\/?page_id=446"},"modified":"2018-01-19T21:17:19","modified_gmt":"2018-01-19T21:17:19","slug":"6-8-1-idees-basiques","status":"publish","type":"page","link":"http:\/\/disseny-test.uoc.edu\/materials\/prod-digital\/6-8-1-idees-basiques\/","title":{"rendered":"6.8.1. Idees b\u00e0siques"},"content":{"rendered":"<p>Aquest apartat podria ser tan breu com una frase t\u00edpica de l\u2019estil \u00abMai no posis v\u00eddeos protegits per lleis de propietat intel\u00b7lectual en el teu projecte transm\u00e8dia\u00bb. Per\u00f2, m\u00e9s enll\u00e0 de les creuades en pro i en contra de la pirateria, pensem que els drets d\u2019autor s\u00f3n una cosa important a preservar, de manera que us oferim una breu digressi\u00f3 per a explicar per qu\u00e8 s\u00f3n rellevants per a vosaltres com a creadors digitals.<\/p>\n<p>Ras i curt, un v\u00eddeo (o un arxiu d\u2019\u00e0udio o un text o una fotografia) no \u00e9s de qui el paga, sin\u00f3 de qui el fa. L\u2019autor pot cedir els seus drets un temps a un tercer perqu\u00e8 usi la seva obra. Normalment, aquesta cessi\u00f3 implica pagar una quantitat determinada a l\u2019autor.<\/p>\n<p>Aquesta remuneraci\u00f3 no \u00e9s el pagament pel cost de la realitzaci\u00f3, sin\u00f3 que \u00e9s com un c\u00e0non pel dret d\u2019usar aquesta obra.<\/p>\n<p>Aix\u00ed, suposem que una dissenyadora ha creat un logotip molt bonic per una empresa. L\u2019empresa ha pagat pel treball que li ha comportat fer aquest logotip i a m\u00e9s un c\u00e0non determinat per usar-lo. Uns anys despr\u00e9s el logotip es fa tan fam\u00f3s que un editor que vol publicar un llibre sobre disseny de logotips est\u00e0 interessat a incloure\u2019l. B\u00e9, aquest editor no hauria de pagar a la dissenyadora ni un c\u00e8ntim pel treball de realitzaci\u00f3 del logotip (ja l\u2019hi va pagar, m\u00e9s mal que b\u00e9 segurament, l\u2019empresa en q\u00fcesti\u00f3). No obstant aix\u00f2, l\u2019editor no pot sense m\u00e9s ni m\u00e9s agafar el logotip d\u2019internet i incloure\u2019l en el seu llibre, fins i tot encara que tingui el perm\u00eds de l\u2019empresa que va pagar pel logotip. Aquesta empresa t\u00e9 dret a usar el logotip, per\u00f2 no \u00e9s seu. El logotip \u00e9s i ser\u00e0 sempre de la dissenyadora que el va crear.<\/p>\n<p>Aix\u00ed, doncs, l\u2019editor de <em>The coolest logos<\/em> haur\u00e0 de posar-se en contacte amb la dissenyadora i obtenir-ne el perm\u00eds. \u00c9s la seva decisi\u00f3 si l\u2019hi dona sense m\u00e9s ni m\u00e9s (potser li interessa per q\u00fcestions de publicitat) o si vol cobrar alguna cosa a canvi. Pot ser una quantitat fixa o un petit percentatge sobre les vendes del llibre.<\/p>\n<p>A m\u00e9s d\u2019aquestes q\u00fcestions econ\u00f2miques, tamb\u00e9 hi ha un costat intel\u00b7lectual de l\u2019assumpte.<\/p>\n<div class=\"featured featured-blue\"><p>Els <strong>drets d\u2019autor<\/strong> estableixen que vosaltres, com a autors, teniu dret a decidir si la vostra obra ser\u00e0 divulgada i de quina manera s\u2019haur\u00e0 de fer. Igualment, teniu dret a exigir el respecte a la integritat de l\u2019obra i impedir qualsevol deformaci\u00f3, modificaci\u00f3 o alteraci\u00f3 d\u2019aquesta.<\/p>\n<\/div>\n<p>El mateix s\u2019aplica a les imatges que trobem en la web. M\u00e9s endavant expliquem una mica m\u00e9s diferents maneres d\u2019oferir les vostres creacions digitals al p\u00fablic.<\/p>\n<p>Els drets d\u2019autor no cobreixen solament l\u2019obra art\u00edstica, sin\u00f3 qualsevol producte comercial en qu\u00e8 hi hagi treball de creaci\u00f3, per molt avorrit o mancat d\u2019originalitat que sigui. En cas contrari, Fonsi no estaria nedant en l\u2019abund\u00e0ncia gr\u00e0cies a <em>Despasito<\/em>. Qualsevol creaci\u00f3 visual, pel mer fet de ser-ho, est\u00e0 protegida pels drets d\u2019autor. Aquesta foto de la nostra fam\u00edlia a la platja que hem pujat al nostre lloc web t\u00e9 els mateixos drets d\u2019autor que un retrat fet per Annie Leibovitz.<\/p>\n<p>En general, els drets d\u2019autor caduquen passats uns vuitanta anys des de la mort de l\u2019autor. Passat aquest lapse, els hereus perden els drets. Diem en general, ja que quan hi ha interessos poderosos les grans companyies aconsegueixen estirar aquests marges, com quan Disney va aconseguir estirar els drets d\u2019autor associats al primer dibuix animat en qu\u00e8 apareixia el ratol\u00ed Mickey i aix\u00ed evitar que el ratol\u00ed milionari entr\u00e9s en el domini p\u00fablic.<\/p>\n<p>La ra\u00f3 per la qual els drets d\u2019autor caduquen, al contrari de les propietats, que poden passar per her\u00e8ncia de generaci\u00f3 en generaci\u00f3, \u00e9s que (encara que s\u2019anomenin tamb\u00e9 propietat intel\u00b7lectual) no s\u00f3n una propietat en el mateix sentit que un rellotge Patek Philipe que, segons l\u2019anunci, un passa d\u2019una generaci\u00f3 a la seg\u00fcent.<\/p>\n<p>En general, en teoria del dret s\u2019estableix que els drets d\u2019autor s\u00f3n com un dret de segon ordre. Es garanteix que els autors tinguin dret a explotar l\u2019obra per a assegurar-se aix\u00ed que hi haur\u00e0 persones disposades a crear coses interessants en el futur.<\/p>\n<div class=\"featured featured-blue\"><p>\u00c9s a dir, els drets d\u2019autor estan limitats per garantir que el dret de l\u2019autor i els seus hereus a explotar l\u2019obra no entri en conflicte amb el dret del p\u00fablic a gaudir de les creacions culturals, art\u00edstiques i comercials de tot tipus.<\/p>\n<\/div>\n","protected":false},"excerpt":{"rendered":"<p>Aquest apartat podria ser tan breu com una frase t\u00edpica de l\u2019estil \u00abMai no posis v\u00eddeos protegits per lleis de propietat intel\u00b7lectual en el teu projecte transm\u00e8dia\u00bb. Per\u00f2, m\u00e9s enll\u00e0 de les creuades en pro i en contra de la pirateria, pensem que els drets d\u2019autor s\u00f3n una cosa important a preservar, de manera que [&hellip;]<\/p>\n","protected":false},"author":1,"featured_media":0,"parent":0,"menu_order":0,"comment_status":"closed","ping_status":"closed","template":"","meta":{"inline_featured_image":false},"acf":[],"_links":{"self":[{"href":"http:\/\/disseny-test.uoc.edu\/materials\/prod-digital\/wp-json\/wp\/v2\/pages\/446"}],"collection":[{"href":"http:\/\/disseny-test.uoc.edu\/materials\/prod-digital\/wp-json\/wp\/v2\/pages"}],"about":[{"href":"http:\/\/disseny-test.uoc.edu\/materials\/prod-digital\/wp-json\/wp\/v2\/types\/page"}],"author":[{"embeddable":true,"href":"http:\/\/disseny-test.uoc.edu\/materials\/prod-digital\/wp-json\/wp\/v2\/users\/1"}],"replies":[{"embeddable":true,"href":"http:\/\/disseny-test.uoc.edu\/materials\/prod-digital\/wp-json\/wp\/v2\/comments?post=446"}],"version-history":[{"count":1,"href":"http:\/\/disseny-test.uoc.edu\/materials\/prod-digital\/wp-json\/wp\/v2\/pages\/446\/revisions"}],"predecessor-version":[{"id":447,"href":"http:\/\/disseny-test.uoc.edu\/materials\/prod-digital\/wp-json\/wp\/v2\/pages\/446\/revisions\/447"}],"wp:attachment":[{"href":"http:\/\/disseny-test.uoc.edu\/materials\/prod-digital\/wp-json\/wp\/v2\/media?parent=446"}],"curies":[{"name":"wp","href":"https:\/\/api.w.org\/{rel}","templated":true}]}}