{"id":448,"date":"2018-01-19T21:18:30","date_gmt":"2018-01-19T21:18:30","guid":{"rendered":"http:\/\/disseny-test.uoc.edu\/materials\/prod-digital\/?page_id=448"},"modified":"2018-01-19T21:18:30","modified_gmt":"2018-01-19T21:18:30","slug":"6-8-2-el-dret-a-citar","status":"publish","type":"page","link":"http:\/\/disseny-test.uoc.edu\/materials\/prod-digital\/6-8-2-el-dret-a-citar\/","title":{"rendered":"6.8.2. El dret a citar"},"content":{"rendered":"<p>Afortunadament, hi ha una manera en qu\u00e8 podem utilitzar material d\u2019altres creadors encara que estigui protegit per drets d\u2019autor. Es tracta del dret a citar. Aquest dret \u00e9s molt clar en la lletra impresa. Un investigador est\u00e0 escrivint un llibre, per exemple, sobre la hist\u00f2ria d\u2019internet. Aquest investigador ha llegit, en un llibre de Tim O\u2019Reilly publicat aquest mateix any, una s\u00e8rie d\u2019idees sobre l\u2019origen d\u2019internet amb les quals no est\u00e0 d\u2019acord (o s\u00ed que ho est\u00e0). Doncs, b\u00e9, aquest investigador t\u00e9 tot el dret del m\u00f3n a citar el text de Tim O\u2019Reilly sense haver-li de pagar res i ni tan sols demanar-li perm\u00eds. Si el llibre de l\u2019investigador es ven, els c\u00e0nons s\u00f3n per a l\u2019autor, i Tim O\u2019Reilly no en rep ni un c\u00e8ntim. El mateix succeeix amb els resums. Si un cr\u00edtic redacta un resum del <em>Marci\u00e0<\/em>, el copyright d\u2019aquest resum \u00e9s del cr\u00edtic i no d\u2019Andy Weir, l\u2019autor de la novel\u00b7la.<\/p>\n<p>En el m\u00f3n audiovisual les coses no s\u00f3n tan clares. Usos molt espec\u00edfics, com reproduir <em>Els<\/em> <em>gira-sols<\/em> de Van Gogh si un est\u00e0 escrivint un estudi de pintura holandesa contempor\u00e0nia, \u00e9s perm\u00e8s; o reproduir uns fotogrames de <em>Blade runner<\/em>, de Ridley Scott, si es fa una recerca sobre el cinema de ci\u00e8ncia-ficci\u00f3, tamb\u00e9, per\u00f2 a partir d\u2019aqu\u00ed les fronteres es fan borroses. Tot dependr\u00e0 finalment de si hi ha \u00e0nim de lucre en el nostre projecte, quants diners estem hi guanyant i quin \u00fas estem fent de les imatges.<\/p>\n<div class=\"featured featured-grey\"><p>Per exemple, Mattel t\u00e9 una escrupolosa pol\u00edtica de protecci\u00f3 de la seva nina Barbie i amena\u00e7a amb accions legals qualsevol persona que faci un \u00fas ir\u00f2nic o llibert\u00ed de la nina.<\/p>\n<\/div>\n<p>Com que un v\u00eddeo probablement inclour\u00e0 tamb\u00e9 sons, necessitem ser doblement acurats a l\u2019hora de comprovar que no estem traspassant la propietat intel\u00b7lectual de ning\u00fa. Potser el v\u00eddeo casol\u00e0 o de domini p\u00fablic que hem trobat a la xarxa t\u00e9 una banda sonora propiet\u00e0ria i quan el pugem a una xarxa de distribuci\u00f3 com YouTube un dia es queda de sobte sense so perqu\u00e8 el propietari ha descobert la nostra violaci\u00f3 de la propietat intel\u00b7lectual.<\/p>\n<p>Val la pena assegurar-se que treballem amb material realment lliure, tant per professionalitat com per a evitar-nos problemes. Una bona opci\u00f3 \u00e9s utilitzar el cercador de <a href=\"https:\/\/search.creativecommons.org\/\" target=\"_blank\" rel=\"noopener\"><strong>Creative Commons<\/strong><\/a>, que t\u00e9 una impressionant base de dades de v\u00eddeos lliures. Un cercador alternatiu \u00e9s <a href=\"http:\/\/www.spinxpress.com\/getmedia\" target=\"_blank\" rel=\"noopener\"><strong>SpinXpress<\/strong><\/a>.<\/p>\n<p>Aprofiteu-vos tamb\u00e9 de repositoris com <a href=\"http:\/\/www.archive.org\" target=\"_blank\" rel=\"noopener\"><strong>Archive<\/strong><\/a>, on sabeu segur que tots els v\u00eddeos que hi ha no tenen problemes de drets.<\/p>\n","protected":false},"excerpt":{"rendered":"<p>Afortunadament, hi ha una manera en qu\u00e8 podem utilitzar material d\u2019altres creadors encara que estigui protegit per drets d\u2019autor. Es tracta del dret a citar. Aquest dret \u00e9s molt clar en la lletra impresa. Un investigador est\u00e0 escrivint un llibre, per exemple, sobre la hist\u00f2ria d\u2019internet. Aquest investigador ha llegit, en un llibre de Tim [&hellip;]<\/p>\n","protected":false},"author":1,"featured_media":0,"parent":0,"menu_order":0,"comment_status":"closed","ping_status":"closed","template":"","meta":{"inline_featured_image":false},"acf":[],"_links":{"self":[{"href":"http:\/\/disseny-test.uoc.edu\/materials\/prod-digital\/wp-json\/wp\/v2\/pages\/448"}],"collection":[{"href":"http:\/\/disseny-test.uoc.edu\/materials\/prod-digital\/wp-json\/wp\/v2\/pages"}],"about":[{"href":"http:\/\/disseny-test.uoc.edu\/materials\/prod-digital\/wp-json\/wp\/v2\/types\/page"}],"author":[{"embeddable":true,"href":"http:\/\/disseny-test.uoc.edu\/materials\/prod-digital\/wp-json\/wp\/v2\/users\/1"}],"replies":[{"embeddable":true,"href":"http:\/\/disseny-test.uoc.edu\/materials\/prod-digital\/wp-json\/wp\/v2\/comments?post=448"}],"version-history":[{"count":1,"href":"http:\/\/disseny-test.uoc.edu\/materials\/prod-digital\/wp-json\/wp\/v2\/pages\/448\/revisions"}],"predecessor-version":[{"id":449,"href":"http:\/\/disseny-test.uoc.edu\/materials\/prod-digital\/wp-json\/wp\/v2\/pages\/448\/revisions\/449"}],"wp:attachment":[{"href":"http:\/\/disseny-test.uoc.edu\/materials\/prod-digital\/wp-json\/wp\/v2\/media?parent=448"}],"curies":[{"name":"wp","href":"https:\/\/api.w.org\/{rel}","templated":true}]}}