{"id":452,"date":"2018-01-19T21:21:41","date_gmt":"2018-01-19T21:21:41","guid":{"rendered":"http:\/\/disseny-test.uoc.edu\/materials\/prod-digital\/?page_id=452"},"modified":"2018-01-19T21:21:41","modified_gmt":"2018-01-19T21:21:41","slug":"6-8-4-la-propietat-intellectual-en-les-xarxes-socials","status":"publish","type":"page","link":"http:\/\/disseny-test.uoc.edu\/materials\/prod-digital\/6-8-4-la-propietat-intellectual-en-les-xarxes-socials\/","title":{"rendered":"6.8.4. La propietat intel\u00b7lectual en les xarxes socials"},"content":{"rendered":"<p>Hi ha moltes llegendes sobre la maldat intr\u00ednseca de grans empreses com Facebook, Twitter o Google (aix\u00f2 no significa que no siguin intr\u00ednsecament malvades, per\u00f2 aix\u00f2 \u00e9s un altre tema que no forma part d\u2019aquest text). Una de molt estesa \u00e9s la idea que les xarxes socials s\u00f3n propiet\u00e0ries de tot el material multim\u00e8dia que hi pugem. Si un busca per internet \u00e9s f\u00e0cil que trobi declaracions terror\u00edfiques sobre Facebook, Twitter o Google en qu\u00e8 s\u2019atorguen la propietat intel\u00b7lectual de les imatges, sons i v\u00eddeos que pugem a les seves plataformes.<\/p>\n<p>La realitat \u00e9s t\u00e8cnicament m\u00e9s complexa: el dret que s\u2019autoadjudiquen empreses com Facebook relacionades amb les imatges i v\u00eddeos que pugem \u00e9s a poder mostrar-se dins de l\u2019aplicaci\u00f3. En cap moment aix\u00f2 no els dona dret a oferir aquestes imatges a tercers perqu\u00e8 les usin en els seus propis projectes. L\u2019\u00fanica manera en qu\u00e8 un tercer pot accedir legalment a les nostres imatges \u00e9s si nosaltres li donem un perm\u00eds expl\u00edcit des de l\u2019aplicaci\u00f3 de Facebook.<\/p>\n<p>Un altre aspecte important d\u2019aquests tecnicismes legals \u00e9s que Facebook pot cedir a un tribunal imatges que hem pujat a la seva plataforma si hi ha una ordre judicial que obligui Facebook a fer-ho.<\/p>\n<p>De totes maneres, abans de pujar qualsevol projecte transm\u00e8dia vostre a una plataforma d\u2019un tercer, assegureu-vos de llegir els termes i condicions en lletra petita i que no estan cedint drets vostres per un plat de llenties o uns quants seguidors que us donin <em>m\u2019agrada<\/em>.<\/p>\n<p>Evidentment, que ning\u00fa no pugui accedir legalment sense el vostre perm\u00eds a les imatges que pugeu a una xarxa social no significa que no pugui fer-ho il\u00b7legalment. D\u2019aqu\u00ed la necessitat de prendre algunes precaucions.<\/p>\n<p>La m\u00e9s b\u00e0sica \u00e9s no pujar una imatge, un \u00e0udio o un v\u00eddeo amb m\u00e9s resoluci\u00f3 de l\u2019estrictament necess\u00e0ria. Aix\u00f2, a m\u00e9s de fer que tot vagi m\u00e9s r\u00e0pid i fluid, far\u00e0 m\u00e9s dif\u00edcil que es reutilitzi, ja que no tindr\u00e0 la qualitat suficient. Aquesta \u00e9s una altra ra\u00f3 per a cuidar els formats en qu\u00e8 pugem els nostres projectes a la xarxa.<\/p>\n<p>Si no considereu suficient aquesta mesura, no hi ha res m\u00e9s senzill que crear una marca d\u2019aigua per a protegir les vostres imatges i v\u00eddeos. Per a afegir una marca d\u2019aigua en una imatge, entreu a Photoshop, Gimp o el vostre editor d\u2019imatges favorit i marqueu la imatge amb un parell de l\u00ednies diagonals fent una X. Useu una grand\u00e0ria de pinzell fi per a no espatllar la imatge. A internet hi ha programes per a eliminar aquestes marques, per\u00f2 un pirata casual segurament deixar\u00e0 les vostres fotos tranquil\u00b7les i anir\u00e0 a buscar altres v\u00edctimes. Per a afegir una marca d\u2019aigua en un v\u00eddeo, utilitzeu l\u2019opci\u00f3 d\u2019afegir text o una imatge, arrossegueu-lo sobre la pista de v\u00eddeo que voleu protegir, aneu a Efectes i redu\u00efu l\u2019opacitat al 40%.<\/p>\n","protected":false},"excerpt":{"rendered":"<p>Hi ha moltes llegendes sobre la maldat intr\u00ednseca de grans empreses com Facebook, Twitter o Google (aix\u00f2 no significa que no siguin intr\u00ednsecament malvades, per\u00f2 aix\u00f2 \u00e9s un altre tema que no forma part d\u2019aquest text). Una de molt estesa \u00e9s la idea que les xarxes socials s\u00f3n propiet\u00e0ries de tot el material multim\u00e8dia que [&hellip;]<\/p>\n","protected":false},"author":1,"featured_media":0,"parent":0,"menu_order":0,"comment_status":"closed","ping_status":"closed","template":"","meta":{"inline_featured_image":false},"acf":[],"_links":{"self":[{"href":"http:\/\/disseny-test.uoc.edu\/materials\/prod-digital\/wp-json\/wp\/v2\/pages\/452"}],"collection":[{"href":"http:\/\/disseny-test.uoc.edu\/materials\/prod-digital\/wp-json\/wp\/v2\/pages"}],"about":[{"href":"http:\/\/disseny-test.uoc.edu\/materials\/prod-digital\/wp-json\/wp\/v2\/types\/page"}],"author":[{"embeddable":true,"href":"http:\/\/disseny-test.uoc.edu\/materials\/prod-digital\/wp-json\/wp\/v2\/users\/1"}],"replies":[{"embeddable":true,"href":"http:\/\/disseny-test.uoc.edu\/materials\/prod-digital\/wp-json\/wp\/v2\/comments?post=452"}],"version-history":[{"count":1,"href":"http:\/\/disseny-test.uoc.edu\/materials\/prod-digital\/wp-json\/wp\/v2\/pages\/452\/revisions"}],"predecessor-version":[{"id":453,"href":"http:\/\/disseny-test.uoc.edu\/materials\/prod-digital\/wp-json\/wp\/v2\/pages\/452\/revisions\/453"}],"wp:attachment":[{"href":"http:\/\/disseny-test.uoc.edu\/materials\/prod-digital\/wp-json\/wp\/v2\/media?parent=452"}],"curies":[{"name":"wp","href":"https:\/\/api.w.org\/{rel}","templated":true}]}}