{"id":454,"date":"2018-01-19T21:22:10","date_gmt":"2018-01-19T21:22:10","guid":{"rendered":"http:\/\/disseny-test.uoc.edu\/materials\/prod-digital\/?page_id=454"},"modified":"2018-01-19T21:22:10","modified_gmt":"2018-01-19T21:22:10","slug":"6-9-conclusio","status":"publish","type":"page","link":"http:\/\/disseny-test.uoc.edu\/materials\/prod-digital\/6-9-conclusio\/","title":{"rendered":"6.9. Conclusi\u00f3"},"content":{"rendered":"<p>Podem anomenar-ho projecte transm\u00e8dia, creaci\u00f3 digital, producte multim\u00e8dia, curs en l\u00ednia massiu obert, o com vulguem, per\u00f2 finalment tot aquest tipus de materials, si \u00e9s rellevant, ens explica una hist\u00f2ria.<\/p>\n<p>Per aix\u00f2 \u00e9s tan important que en les vostres actuacions com a creadors digitals, m\u00e9s enll\u00e0 de demostrar la vostra habilitat t\u00e8cnica, el vostre coneixement dels diferents formats o el vostre domini de l\u2019HTML 5, penseu sempre en qu\u00e8 voleu transmetre, a qui voleu arribar i com podeu oferir tot aix\u00f2 en una bona hist\u00f2ria.<\/p>\n<p>Esperem que totes les indicacions que hem anat recollint aqu\u00ed serveixin per a apoderar-vos com a creadores digitals, i us animem que no us quedeu aqu\u00ed i, ara que teniu les bases, les exploreu per dominar m\u00e9s registres i t\u00e8cniques de creaci\u00f3 digital i desenvolupeu projectes transm\u00e8dia, innovadors i impactants, sens dubte, per\u00f2 tamb\u00e9 sincers i transformadors.<\/p>\n","protected":false},"excerpt":{"rendered":"<p>Podem anomenar-ho projecte transm\u00e8dia, creaci\u00f3 digital, producte multim\u00e8dia, curs en l\u00ednia massiu obert, o com vulguem, per\u00f2 finalment tot aquest tipus de materials, si \u00e9s rellevant, ens explica una hist\u00f2ria. Per aix\u00f2 \u00e9s tan important que en les vostres actuacions com a creadors digitals, m\u00e9s enll\u00e0 de demostrar la vostra habilitat t\u00e8cnica, el vostre coneixement [&hellip;]<\/p>\n","protected":false},"author":1,"featured_media":0,"parent":0,"menu_order":0,"comment_status":"closed","ping_status":"closed","template":"","meta":{"inline_featured_image":false},"acf":[],"_links":{"self":[{"href":"http:\/\/disseny-test.uoc.edu\/materials\/prod-digital\/wp-json\/wp\/v2\/pages\/454"}],"collection":[{"href":"http:\/\/disseny-test.uoc.edu\/materials\/prod-digital\/wp-json\/wp\/v2\/pages"}],"about":[{"href":"http:\/\/disseny-test.uoc.edu\/materials\/prod-digital\/wp-json\/wp\/v2\/types\/page"}],"author":[{"embeddable":true,"href":"http:\/\/disseny-test.uoc.edu\/materials\/prod-digital\/wp-json\/wp\/v2\/users\/1"}],"replies":[{"embeddable":true,"href":"http:\/\/disseny-test.uoc.edu\/materials\/prod-digital\/wp-json\/wp\/v2\/comments?post=454"}],"version-history":[{"count":1,"href":"http:\/\/disseny-test.uoc.edu\/materials\/prod-digital\/wp-json\/wp\/v2\/pages\/454\/revisions"}],"predecessor-version":[{"id":455,"href":"http:\/\/disseny-test.uoc.edu\/materials\/prod-digital\/wp-json\/wp\/v2\/pages\/454\/revisions\/455"}],"wp:attachment":[{"href":"http:\/\/disseny-test.uoc.edu\/materials\/prod-digital\/wp-json\/wp\/v2\/media?parent=454"}],"curies":[{"name":"wp","href":"https:\/\/api.w.org\/{rel}","templated":true}]}}