{"id":497,"date":"2018-01-22T12:39:32","date_gmt":"2018-01-22T12:39:32","guid":{"rendered":"http:\/\/disseny-test.uoc.edu\/materials\/prod-digital\/?page_id=497"},"modified":"2018-01-30T16:37:30","modified_gmt":"2018-01-30T16:37:30","slug":"7-1-la-relacio-indissociable-entre-format-objecte-i-model-de-negoci","status":"publish","type":"page","link":"http:\/\/disseny-test.uoc.edu\/materials\/prod-digital\/7-1-la-relacio-indissociable-entre-format-objecte-i-model-de-negoci\/","title":{"rendered":"7.1. La relaci\u00f3 indissociable entre format, objecte i model de negoci"},"content":{"rendered":"<p>En l\u2019apartat <a href=\"http:\/\/disseny-test.uoc.edu\/materials\/prod-digital\/2-1-introduccio\/\" target=\"_blank\" rel=\"noopener\">2 \u00abProducci\u00f3 editorial digital: objectes, formats i eines\u00bb<\/a> hem insistit molt que l\u2019ecosistema actual ens ofereix moltes opcions diferents, tant a l\u2019hora de crear un objecte editorial digital com a l\u2019hora de publicar-lo comercialitzar-lo a la xarxa.<\/p>\n<p>Hem definit un ecosistema en qu\u00e8 les decisions que prenguem quan escollim un objecte o un altre, un format o un altre, un programari, determinaran de manera molt significativa les opcions que tindrem per a publicar i comercialitzar un producte editorial. En aquest cas, a difer\u00e8ncia d\u2019altres sectors relacionats amb la creaci\u00f3 de continguts (\u00e0udio, v\u00eddeo, etc.), el proc\u00e9s t\u00e8cnic que haguem seguit per a crear l\u2019objecte editorial determinar\u00e0 les possibilitats comercials o, en tot cas, la feina extra que haurem de fer per a poder-hi accedir.<\/p>\n<p>Sempre podrem transformar el nostre objecte en altres formats, o modificar-ne la constituci\u00f3 t\u00e8cnica per adaptar-la a determinats requisits formals que les plataformes de publicaci\u00f3 digital ens exigeixen, per\u00f2 si no hem tingut en compte, <em>a priori<\/em>, quines plataformes de publicaci\u00f3 volem usar i quins s\u00f3n els formats que usen aquestes, el proc\u00e9s pot ser molt m\u00e9s llarg i tedi\u00f3s.<\/p>\n<div class=\"featured featured-blue\"><p>El mapa d\u2019opcions de negoci per a la producci\u00f3 editorial digital est\u00e0 fortament relacionat amb els caracter\u00edstiques t\u00e8cniques de cada objecte digital, el seu format i els llenguatges inform\u00e0tics que s\u2019hagin usat per a crear-lo.<\/p>\n<\/div>\n<p>Si b\u00e9 \u00e9s cert que hi ha opcions que s\u00f3n universals, en les quals podem escollir comercialitzar qualsevol contingut digital independentment del seu format, s\u00f3n menors i prenen al creador una gran part de la capacitat de modificar i intervenir en la visualitzaci\u00f3 final del producte.<\/p>\n<p>Si hom vol oferir continguts actualitzables permanentment, per exemple, \u00e9s poc realista pensar que l\u2019usuari descarregar\u00e0 peri\u00f2dicament d\u2019un servidor les noves versions a mesura que aquestes estiguin disponibles i, per tant, haurem d\u2019intentar oferir un contingut en l\u00ednia en qu\u00e8 l\u2019actualitzaci\u00f3 del contingut \u00e9s pugui fer autom\u00e0ticament. En aquest cas necessitarem que el contingut pugui ser mostrat a la xarxa i que, per tant, usi els llenguatges per a la web o formats que prenen com a refer\u00e8ncia aquests llenguatges, com el format EPUB.<\/p>\n<p>La definici\u00f3 i classificaci\u00f3 de les diferents opcions comercials disponibles no \u00e9s senzilla, i s\u2019esdev\u00e9 en un entorn en qu\u00e8 les fronteres conceptuals es desdibuixen donant lloc a productes i solucions h\u00edbrids. No obstant aix\u00f2, plantejarem les caracter\u00edstiques b\u00e0siques de cada un dels models possibles per a ser capa\u00e7os d\u2019entendre quines s\u00f3n els possibilitats per a comercialitzar un producte editorial digital.<\/p>\n<p>I ho farem des d\u2019una \u00f2ptica que pret\u00e9n abastar des dels models actualment en \u00fas, els m\u00e9s populars, fins als de recent implantaci\u00f3 i que es basin en l\u2019evoluci\u00f3 de les tecnologies per a la web. La tend\u00e8ncia a la publicaci\u00f3 digital en l\u00ednia \u00e9s un fet en tots els sectors digitals, com ja hem dit, i en aquest proc\u00e9s s\u2019han generat un conjunt de noves oportunitats per a catalogar, indexar, manipular i visualitzar els continguts editorials digitals.<\/p>\n<div class=\"featured featured-blue\"><p>La publicaci\u00f3 digital en l\u00ednea no deixa de banda els models cl\u00e0ssics de publicaci\u00f3 i comercialitzaci\u00f3 editorial, sin\u00f3 que a la remediaci\u00f3 dels models anal\u00f2gics s&#8217;afegeixen noves opcions digitals que aprofiten els canvis tecnol\u00f2gics i l\u2019evoluci\u00f3 dels llenguatges web per a maximitzar la difusi\u00f3 dels continguts, alhora que es defineix un ecosistema comercial factible, flexible i amb capacitat d\u2019adaptar-se a les demandes dels \u00abnous\u00bb lectors.<\/p>\n<\/div>\n<p>Classificarem els diferents models de negoci per a les publicacions digitals en dos grans grups. En primer lloc, el que anomenem <strong>models cl\u00e0ssics<\/strong>, perqu\u00e8 s\u00f3n \u00abtraduccions\u00bb digitals dels models de negoci convencionals, i, en segon lloc, els <strong>nous models digitals<\/strong>.<\/p>\n<h4><\/h4>\n<div class=\"featured featured-grey\"><\/p>\n<h4><strong>Models de negoci \u00a0<\/strong><\/h4>\n<p>Si analitzem amb detall els diferents models ens adonarem que, en realitat, la majoria de les opcions digitals s\u00f3n relectures, noves interpretacions, dels models anal\u00f2gics convencionals. No s&#8217;inventen nous mitjans i nous models del no-res, sin\u00f3 que es transformen els antics tenint en compte les noves caracter\u00edstiques i possibilitats digitals.<\/p>\n<p>\n<\/div>\n<p class=\"Normalesp\"><span lang=\"CA\">La classificaci\u00f3 que presentem \u00e9s una diferenciaci\u00f3 conceptual que es basa en el fet que els models digitals no eren possibles, o eren molt dif\u00edcils d\u2019aplicar, en l\u2019entorn anal\u00f2gic anterior.<\/span><\/p>\n<table>\n<thead>\n<tr class=\"table-header\">\n<th>Models cl\u00e0ssics<\/th>\n<th>Models digitals<\/th>\n<\/tr>\n<\/thead>\n<tbody>\n<tr>\n<td>\n<ul>\n<li>Venda directa d&#8217;exemplars<\/li>\n<li>Acc\u00e9s per subscripci\u00f3<\/li>\n<li>Ingressos per publicitat<\/li>\n<\/ul>\n<\/td>\n<td>\n<ul>\n<li>Freemium\/Premium<\/li>\n<li>Actualitzaci\u00f3 permanent<\/li>\n<li><em>Open Access \/ Pay what you want<\/em><\/li>\n<li>Finan\u00e7ament col\u00b7lectiu<\/li>\n<li>Continguts parcials<\/li>\n<li>Continguts personalitzats (compendis)<\/li>\n<li>Etc.<\/li>\n<\/ul>\n<\/td>\n<\/tr>\n<\/tbody>\n<\/table>\n<p>&nbsp;<\/p>\n","protected":false},"excerpt":{"rendered":"<p>En l\u2019apartat 2 \u00abProducci\u00f3 editorial digital: objectes, formats i eines\u00bb hem insistit molt que l\u2019ecosistema actual ens ofereix moltes opcions diferents, tant a l\u2019hora de crear un objecte editorial digital com a l\u2019hora de publicar-lo comercialitzar-lo a la xarxa. Hem definit un ecosistema en qu\u00e8 les decisions que prenguem quan escollim un objecte o un [&hellip;]<\/p>\n","protected":false},"author":1,"featured_media":0,"parent":0,"menu_order":0,"comment_status":"closed","ping_status":"closed","template":"","meta":{"inline_featured_image":false},"acf":[],"_links":{"self":[{"href":"http:\/\/disseny-test.uoc.edu\/materials\/prod-digital\/wp-json\/wp\/v2\/pages\/497"}],"collection":[{"href":"http:\/\/disseny-test.uoc.edu\/materials\/prod-digital\/wp-json\/wp\/v2\/pages"}],"about":[{"href":"http:\/\/disseny-test.uoc.edu\/materials\/prod-digital\/wp-json\/wp\/v2\/types\/page"}],"author":[{"embeddable":true,"href":"http:\/\/disseny-test.uoc.edu\/materials\/prod-digital\/wp-json\/wp\/v2\/users\/1"}],"replies":[{"embeddable":true,"href":"http:\/\/disseny-test.uoc.edu\/materials\/prod-digital\/wp-json\/wp\/v2\/comments?post=497"}],"version-history":[{"count":4,"href":"http:\/\/disseny-test.uoc.edu\/materials\/prod-digital\/wp-json\/wp\/v2\/pages\/497\/revisions"}],"predecessor-version":[{"id":931,"href":"http:\/\/disseny-test.uoc.edu\/materials\/prod-digital\/wp-json\/wp\/v2\/pages\/497\/revisions\/931"}],"wp:attachment":[{"href":"http:\/\/disseny-test.uoc.edu\/materials\/prod-digital\/wp-json\/wp\/v2\/media?parent=497"}],"curies":[{"name":"wp","href":"https:\/\/api.w.org\/{rel}","templated":true}]}}