{"id":503,"date":"2018-01-22T12:51:09","date_gmt":"2018-01-22T12:51:09","guid":{"rendered":"http:\/\/disseny-test.uoc.edu\/materials\/prod-digital\/?page_id=503"},"modified":"2018-01-22T12:51:09","modified_gmt":"2018-01-22T12:51:09","slug":"7-2-3-continguts-per-subscripcio","status":"publish","type":"page","link":"http:\/\/disseny-test.uoc.edu\/materials\/prod-digital\/7-2-3-continguts-per-subscripcio\/","title":{"rendered":"7.2.3. Continguts per subscripci\u00f3"},"content":{"rendered":"<p>Un altre dels models actuals que podem anomenar cl\u00e0ssic \u00e9s el model per subscripci\u00f3. \u00c9s cert que era un model anal\u00f2gic menys habitual que el de la venda per exemplar, per\u00f2 no \u00e9s menys cert que podem trobar diferents exemples en qu\u00e8 el lector paga una quantitat fixa mensualment a canvi de l\u2019acc\u00e9s a un conjunt d\u2019exemplars o de continguts editorials. Aix\u00ed, des dels clubs de compra de llibres, com en el seu moment el fam\u00f3s C\u00edrculo de Lectores, fins a les subscripcions mensuals a revistes en paper, el model per subscripci\u00f3 no \u00e9s un model d\u2019origen digital.<\/p>\n<div class=\"featured featured-blue\"><p>No obstant aix\u00f2, amb l\u2019aparici\u00f3 d\u2019internet i la possibilitat d\u2019accedir digitalment al contingut, aquest tipus de models han pres molt m\u00e9s sentit i s\u2019estan convertint en un est\u00e0ndard comercial tant pel que fa als continguts editorials com al m\u00f3n de la m\u00fasica o l\u2019audiovisual.<\/p>\n<\/div>\n<p>En el cas de l\u2019audiovisual a ning\u00fa no s\u2019escapa l\u2019\u00e8xit de plataformes com Netflix o HBO, en les quals l\u2019usuari paga una taxa fixa mensual a canvi d\u2019un acc\u00e9s il\u00b7limitat als continguts del portal.<\/p>\n<p>En el sector de les publicacions digitals el model per subscripci\u00f3 s\u2019ha transformat en un model flexible en qu\u00e8 trobem casos en qu\u00e8 un pagament mensual ens dona un acc\u00e9s il\u00b7limitat a un cat\u00e0leg editorial (figura 30), i d\u2019altres en qu\u00e8 aquesta subscripci\u00f3 ens permet accedir, a m\u00e9s a m\u00e9s, a un conjunt de serveis associats (xarxes socials relacionades, cr\u00edtiques de llibres, valoracions dels lectors, recomanacions, etc.).<\/p>\n<div class=\"featured featured-blue\"><p>Sigui com sigui, aquest model es basa en el fet que l\u2019usuari, el lector en aquest cas, paga un import fix per\u00f2 continuat per accedir a uns continguts digitals.<\/p>\n<\/div>\n<p>Aquest model t\u00e9 l\u2019avantatge de garantir uns ingressos continuats a l\u2019empresa responsable del servei i dep\u00e8n menys de l\u2019\u00e8xit concret d\u2019un exemplar. No obstant aix\u00f2, si no oferim contingut de qualitat i facilitats per a cancel\u00b7lar la subscripci\u00f3 \u00e9s un model dif\u00edcil de sostenir.<\/p>\n<p>Alguns exemples interessants sobre l\u2019acc\u00e9s per subscripci\u00f3 a continguts editorials s\u00f3n 24symbols, Safari d\u2019O\u2019Reilly o Nubico.<\/p>\n<figure id=\"attachment_49\" aria-describedby=\"caption-attachment-49\" style=\"width: 800px\" class=\"wp-caption aligncenter\"><img loading=\"lazy\" class=\"alignnone size-full wp-image-49\" src=\"http:\/\/disseny-test.uoc.edu\/materials\/prod-digital\/wp-content\/uploads\/sites\/6\/2018\/01\/20015_030.jpg\" alt=\"24symbols ens ofereix acc\u00e9s multidispositiu al seu cat\u00e0leg digital\" width=\"800\" height=\"404\" srcset=\"http:\/\/disseny-test.uoc.edu\/materials\/prod-digital\/wp-content\/uploads\/sites\/6\/2018\/01\/20015_030.jpg 800w, http:\/\/disseny-test.uoc.edu\/materials\/prod-digital\/wp-content\/uploads\/sites\/6\/2018\/01\/20015_030-300x152.jpg 300w, http:\/\/disseny-test.uoc.edu\/materials\/prod-digital\/wp-content\/uploads\/sites\/6\/2018\/01\/20015_030-768x388.jpg 768w\" sizes=\"(max-width: 800px) 100vw, 800px\" \/><figcaption id=\"caption-attachment-49\" class=\"wp-caption-text\"><strong>Figura 30.<\/strong> 24symbols ens ofereix acc\u00e9s multidispositiu al seu cat\u00e0leg digital<\/figcaption><\/figure>\n<figure id=\"attachment_50\" aria-describedby=\"caption-attachment-50\" style=\"width: 800px\" class=\"wp-caption aligncenter\"><img loading=\"lazy\" class=\"alignnone size-full wp-image-50\" src=\"http:\/\/disseny-test.uoc.edu\/materials\/prod-digital\/wp-content\/uploads\/sites\/6\/2018\/01\/20015_031.jpg\" alt=\"Nubico ofereix un servei similar amb acc\u00e9s al cat\u00e0leg amb una tarifa plana\" width=\"800\" height=\"459\" srcset=\"http:\/\/disseny-test.uoc.edu\/materials\/prod-digital\/wp-content\/uploads\/sites\/6\/2018\/01\/20015_031.jpg 800w, http:\/\/disseny-test.uoc.edu\/materials\/prod-digital\/wp-content\/uploads\/sites\/6\/2018\/01\/20015_031-300x172.jpg 300w, http:\/\/disseny-test.uoc.edu\/materials\/prod-digital\/wp-content\/uploads\/sites\/6\/2018\/01\/20015_031-768x441.jpg 768w\" sizes=\"(max-width: 800px) 100vw, 800px\" \/><figcaption id=\"caption-attachment-50\" class=\"wp-caption-text\"><strong>Figura 31.<\/strong> Nubico ofereix un servei similar amb acc\u00e9s al cat\u00e0leg amb una tarifa plana<\/figcaption><\/figure>\n<p>&nbsp;<\/p>\n","protected":false},"excerpt":{"rendered":"<p>Un altre dels models actuals que podem anomenar cl\u00e0ssic \u00e9s el model per subscripci\u00f3. \u00c9s cert que era un model anal\u00f2gic menys habitual que el de la venda per exemplar, per\u00f2 no \u00e9s menys cert que podem trobar diferents exemples en qu\u00e8 el lector paga una quantitat fixa mensualment a canvi de l\u2019acc\u00e9s a un [&hellip;]<\/p>\n","protected":false},"author":1,"featured_media":0,"parent":0,"menu_order":0,"comment_status":"closed","ping_status":"closed","template":"","meta":{"inline_featured_image":false},"acf":[],"_links":{"self":[{"href":"http:\/\/disseny-test.uoc.edu\/materials\/prod-digital\/wp-json\/wp\/v2\/pages\/503"}],"collection":[{"href":"http:\/\/disseny-test.uoc.edu\/materials\/prod-digital\/wp-json\/wp\/v2\/pages"}],"about":[{"href":"http:\/\/disseny-test.uoc.edu\/materials\/prod-digital\/wp-json\/wp\/v2\/types\/page"}],"author":[{"embeddable":true,"href":"http:\/\/disseny-test.uoc.edu\/materials\/prod-digital\/wp-json\/wp\/v2\/users\/1"}],"replies":[{"embeddable":true,"href":"http:\/\/disseny-test.uoc.edu\/materials\/prod-digital\/wp-json\/wp\/v2\/comments?post=503"}],"version-history":[{"count":1,"href":"http:\/\/disseny-test.uoc.edu\/materials\/prod-digital\/wp-json\/wp\/v2\/pages\/503\/revisions"}],"predecessor-version":[{"id":504,"href":"http:\/\/disseny-test.uoc.edu\/materials\/prod-digital\/wp-json\/wp\/v2\/pages\/503\/revisions\/504"}],"wp:attachment":[{"href":"http:\/\/disseny-test.uoc.edu\/materials\/prod-digital\/wp-json\/wp\/v2\/media?parent=503"}],"curies":[{"name":"wp","href":"https:\/\/api.w.org\/{rel}","templated":true}]}}