{"id":511,"date":"2018-01-22T13:06:54","date_gmt":"2018-01-22T13:06:54","guid":{"rendered":"http:\/\/disseny-test.uoc.edu\/materials\/prod-digital\/?page_id=511"},"modified":"2018-01-22T13:06:54","modified_gmt":"2018-01-22T13:06:54","slug":"7-3-3-crowdfunding","status":"publish","type":"page","link":"http:\/\/disseny-test.uoc.edu\/materials\/prod-digital\/7-3-3-crowdfunding\/","title":{"rendered":"7.3.3. <em>Crowdfunding<\/em>"},"content":{"rendered":"<div class=\"featured featured-blue\"><p>El <strong>micromecenatge<\/strong> o <strong><em>crowdfunding<\/em><\/strong> \u00e9s un model de finan\u00e7ament col\u00b7lectiu que es basa en la participaci\u00f3 activa d\u2019agents individuals (potencials clients, interessants en la proposta, etc.) en el finan\u00e7ament de determinades iniciatives culturals o comercials.<\/p>\n<\/div>\n<p>S\u2019elimina la intervenci\u00f3 dels agents financers en el desenvolupament d\u2019un producte i, a canvi d\u2019algun retorn (el producte produ\u00eft, continguts extra, etc.), l\u2019usuari finan\u00e7a el desenvolupament del projecte amb petites aportacions.<\/p>\n<p>Evidentment, hi ha diferents graus de participaci\u00f3 econ\u00f2mica que determinen el valor del retorn obtingut i condicionen la relaci\u00f3 de l\u2019usuari amb el projecte. Aquest tipus d\u2019iniciatives s\u2019usen tant per a projectes art\u00edstics com per a la fabricaci\u00f3 de productes digitals o per al desenvolupament d\u2019iniciatives culturals. Per tant, trobarem opcions de <em>crowdfunding<\/em> m\u00e9s enfocades a projectes socials, com <a href=\"https:\/\/ca.goteo.org\/about\" target=\"_blank\" rel=\"noopener\">Goteo<\/a>, i d\u2019altres que simplement es presenten com a alternatives comercials per a potenciar projectes de creaci\u00f3 cultural, com <a href=\"https:\/\/www.verkami.com\/\" target=\"_blank\" rel=\"noopener\">Verkami<\/a>. Una cerca a Google amb el terme <em>crowdfunding<\/em> ens retornar\u00e0 un gran volum d\u2019iniciatives que ens permeten usar aquest tipus d\u2019estrat\u00e8gies comercials.<\/p>\n<p>Val a dir que, en aquest cas, aquest model est\u00e0 pensat per a oferir solucions a productes que per la seva tipologia o p\u00fablic potencial troben dificultats per a desenvolupar un projecte cultural o art\u00edstic de dubt\u00f3s \u00e8xit comercial, fet que allunya els inversors tradicionals.<\/p>\n<p>El funcionament d\u2019aquest model es basa a presentar el producte en la plataforma de <em>crowdfunding<\/em> escollida i a determinar un objectiu econ\u00f2mic per aconseguir mitjan\u00e7ant les donacions dels usuaris (micromecenes) i el retorn que rebr\u00e0 cada usuari en funci\u00f3 de la seva aportaci\u00f3 al projecte. \u00c9s una estrat\u00e8gia pensada per a ser usada abans de crear un producte i no tant per a distribuir-lo o vendre\u2019l posteriorment.<\/p>\n","protected":false},"excerpt":{"rendered":"<p>S\u2019elimina la intervenci\u00f3 dels agents financers en el desenvolupament d\u2019un producte i, a canvi d\u2019algun retorn (el producte produ\u00eft, continguts extra, etc.), l\u2019usuari finan\u00e7a el desenvolupament del projecte amb petites aportacions. Evidentment, hi ha diferents graus de participaci\u00f3 econ\u00f2mica que determinen el valor del retorn obtingut i condicionen la relaci\u00f3 de l\u2019usuari amb el projecte. [&hellip;]<\/p>\n","protected":false},"author":1,"featured_media":0,"parent":0,"menu_order":0,"comment_status":"closed","ping_status":"closed","template":"","meta":{"inline_featured_image":false},"acf":[],"_links":{"self":[{"href":"http:\/\/disseny-test.uoc.edu\/materials\/prod-digital\/wp-json\/wp\/v2\/pages\/511"}],"collection":[{"href":"http:\/\/disseny-test.uoc.edu\/materials\/prod-digital\/wp-json\/wp\/v2\/pages"}],"about":[{"href":"http:\/\/disseny-test.uoc.edu\/materials\/prod-digital\/wp-json\/wp\/v2\/types\/page"}],"author":[{"embeddable":true,"href":"http:\/\/disseny-test.uoc.edu\/materials\/prod-digital\/wp-json\/wp\/v2\/users\/1"}],"replies":[{"embeddable":true,"href":"http:\/\/disseny-test.uoc.edu\/materials\/prod-digital\/wp-json\/wp\/v2\/comments?post=511"}],"version-history":[{"count":1,"href":"http:\/\/disseny-test.uoc.edu\/materials\/prod-digital\/wp-json\/wp\/v2\/pages\/511\/revisions"}],"predecessor-version":[{"id":512,"href":"http:\/\/disseny-test.uoc.edu\/materials\/prod-digital\/wp-json\/wp\/v2\/pages\/511\/revisions\/512"}],"wp:attachment":[{"href":"http:\/\/disseny-test.uoc.edu\/materials\/prod-digital\/wp-json\/wp\/v2\/media?parent=511"}],"curies":[{"name":"wp","href":"https:\/\/api.w.org\/{rel}","templated":true}]}}