{"id":513,"date":"2018-01-22T13:08:09","date_gmt":"2018-01-22T13:08:09","guid":{"rendered":"http:\/\/disseny-test.uoc.edu\/materials\/prod-digital\/?page_id=513"},"modified":"2018-01-30T14:09:26","modified_gmt":"2018-01-30T14:09:26","slug":"7-3-4-model-dacces-lliure-open-access","status":"publish","type":"page","link":"http:\/\/disseny-test.uoc.edu\/materials\/prod-digital\/7-3-4-model-dacces-lliure-open-access\/","title":{"rendered":"7.3.4. Model d&#8217;acc\u00e9s lliure (<em>Open Access<\/em>)"},"content":{"rendered":"<p>El model d\u2019acc\u00e9s lliure \u00e9s probablement el m\u00e9s dif\u00edcil d\u2019entendre com a model comercial. \u00c9s cert que oferir l\u2019acc\u00e9s de manera lliure i gratu\u00efta a un producte ens allunya de les estrat\u00e8gies de negoci convencionals: no cobrarem un preu per un producte, ni una subscripci\u00f3 mensual ni micropagaments als usuaris per accedir a funcionalitats o contingut extra.<\/p>\n<p>La Viquip\u00e8dia \u00a0ens diu que l\u2019acc\u00e9s obert o <em>open access<\/em> es basa en el fet que l\u2019usuari pot llegir, descarregar, copiar, manipular i distribuir el contingut sense cap restricci\u00f3. \u00c9s un concepte molt habitual en la tecnologia digital (per exemple, en programari de codi obert o <em>open-source software<\/em>), molt usat en el sector dels sistemes operatius, l\u2019acc\u00e9s a grans conjunts de dades, la literatura cient\u00edfica, el programari. Aix\u00ed, grans protagonistes del sector inform\u00e0tic com les distribucions del sistema operatiu Linux es basen en aquesta filosofia. En el cas de l\u2019acc\u00e9s a continguts tamb\u00e9 l\u2019anomenem <strong><em>open access<\/em><\/strong> i els principis en qu\u00e8 es basa s\u00f3n els mateixos.<\/p>\n<p>\u00c9s dif\u00edcil trobar agents del sector editorial que ofereixin acc\u00e9s lliure als seus continguts sense restriccions ni limitacions, i aquest model acostuma a formar part de l\u2019estrat\u00e8gia de semipagament, \u00e9s a dir, oferim al lector l\u2019acc\u00e9s lliure a una part redu\u00efda del cat\u00e0leg mentre que mantenim la resta en opcions de pagament, sia per exemplar o per subscripci\u00f3.<\/p>\n<p>Hi ha diferents iniciatives relacionades amb l\u2019acc\u00e9s lliure que pretenen desenvolupar models mixtos en qu\u00e8 \u00e9s l\u2019autor qui determina qu\u00e8 es pot fer i qu\u00e8 no amb un producte, i quins s\u00f3n els drets que vol mantenir i quins s\u00f3n cedits a la comunitat.<\/p>\n<p>La m\u00e9s coneguda \u00e9s <a href=\"https:\/\/creativecommons.org\/\" target=\"_blank\" rel=\"noopener\"><strong>Creative Commons<\/strong><\/a>, que proposa llic\u00e8ncies d\u2019\u00fas lliure en qu\u00e8 l\u2019autor defineix l\u2019abast del <em>copyright<\/em> a qu\u00e8 s\u2019ha de sotmetre un producte o una obra. En aquest cas l\u2019autor pot decidir mantenir determinats drets, per exemple, no comercialitzar el producte, o obrir totalment el contingut perqu\u00e8 sigui usat, manipulat i distribu\u00eft sense restriccions.<\/p>\n<figure id=\"attachment_51\" aria-describedby=\"caption-attachment-51\" style=\"width: 800px\" class=\"wp-caption aligncenter\"><img loading=\"lazy\" class=\"alignnone size-full wp-image-51\" src=\"http:\/\/disseny-test.uoc.edu\/materials\/prod-digital\/wp-content\/uploads\/sites\/6\/2018\/01\/20015_032.jpg\" alt=\"Selecci\u00f3 del tipus de llic\u00e8ncia en funci\u00f3 dels drets de copyright que volem cedir\" width=\"800\" height=\"436\" srcset=\"http:\/\/disseny-test.uoc.edu\/materials\/prod-digital\/wp-content\/uploads\/sites\/6\/2018\/01\/20015_032.jpg 800w, http:\/\/disseny-test.uoc.edu\/materials\/prod-digital\/wp-content\/uploads\/sites\/6\/2018\/01\/20015_032-300x164.jpg 300w, http:\/\/disseny-test.uoc.edu\/materials\/prod-digital\/wp-content\/uploads\/sites\/6\/2018\/01\/20015_032-768x419.jpg 768w\" sizes=\"(max-width: 800px) 100vw, 800px\" \/><figcaption id=\"caption-attachment-51\" class=\"wp-caption-text\"><strong>Figura 32.<\/strong> Selecci\u00f3 del tipus de llic\u00e8ncia en funci\u00f3 dels drets de <em>copyright<\/em> que volem cedir<\/figcaption><\/figure>\n<p>Aquest tipus d\u2019acc\u00e9s lliure al contingut dificulta les formes d\u2019obtenci\u00f3 de beneficis per la venda directa d\u2019un producte, i s\u2019acostuma a complementar amb altres opcions de <strong>participaci\u00f3 dels usuaris que col\u00b7laboren desinteressadament a promocionar un producte o que fan donacions per a assegurar-ne la continu\u00eftat<\/strong>.<\/p>\n<p>Les <strong>donacions<\/strong> (altrament conegudes com <em>pay-what-you-want<\/em>) han esdevingut un complement for\u00e7a habitual per a garantir un cert retorn econ\u00f2mic en productes o iniciatives que s\u2019ofereixen gratu\u00eftament. L\u2019usuari decideix, un cop ha accedit a un contingut, quin \u00e9s el preu que li vol donar i paga en conseq\u00fc\u00e8ncia. Algunes entitats del m\u00f3n de l\u2019art han tingut iniciatives similars obrint les portes dels museus de manera gratu\u00efta a tothom i esperant que l\u2019usuari, a posteriori, pagui en funci\u00f3 del seu nivell de conformitat amb l\u2019experi\u00e8ncia viscuda. S\u00f3n models de resultats molt heterogenis i que acostumen a funcionar millor en projectes socials o que tenen algun component d\u2019actuaci\u00f3 desinteressada.<\/p>\n<p>Altres opcions per a poder rendibilitzar un acc\u00e9s obert passen per <strong>fer pagar als autors<\/strong> que escriuen en una determinada publicaci\u00f3 i oferir-los a canvi un gran p\u00fablic lector o la possibilitat de donar a con\u00e8ixer la seva feina. Aquest model funciona en publicacions d\u2019un cert renom en qu\u00e8 els autors tenen inter\u00e8s en publicar perqu\u00e8 aix\u00f2 els obra despr\u00e9s altres portes.<\/p>\n","protected":false},"excerpt":{"rendered":"<p>El model d\u2019acc\u00e9s lliure \u00e9s probablement el m\u00e9s dif\u00edcil d\u2019entendre com a model comercial. \u00c9s cert que oferir l\u2019acc\u00e9s de manera lliure i gratu\u00efta a un producte ens allunya de les estrat\u00e8gies de negoci convencionals: no cobrarem un preu per un producte, ni una subscripci\u00f3 mensual ni micropagaments als usuaris per accedir a funcionalitats o [&hellip;]<\/p>\n","protected":false},"author":1,"featured_media":0,"parent":0,"menu_order":0,"comment_status":"closed","ping_status":"closed","template":"","meta":{"inline_featured_image":false},"acf":[],"_links":{"self":[{"href":"http:\/\/disseny-test.uoc.edu\/materials\/prod-digital\/wp-json\/wp\/v2\/pages\/513"}],"collection":[{"href":"http:\/\/disseny-test.uoc.edu\/materials\/prod-digital\/wp-json\/wp\/v2\/pages"}],"about":[{"href":"http:\/\/disseny-test.uoc.edu\/materials\/prod-digital\/wp-json\/wp\/v2\/types\/page"}],"author":[{"embeddable":true,"href":"http:\/\/disseny-test.uoc.edu\/materials\/prod-digital\/wp-json\/wp\/v2\/users\/1"}],"replies":[{"embeddable":true,"href":"http:\/\/disseny-test.uoc.edu\/materials\/prod-digital\/wp-json\/wp\/v2\/comments?post=513"}],"version-history":[{"count":4,"href":"http:\/\/disseny-test.uoc.edu\/materials\/prod-digital\/wp-json\/wp\/v2\/pages\/513\/revisions"}],"predecessor-version":[{"id":918,"href":"http:\/\/disseny-test.uoc.edu\/materials\/prod-digital\/wp-json\/wp\/v2\/pages\/513\/revisions\/918"}],"wp:attachment":[{"href":"http:\/\/disseny-test.uoc.edu\/materials\/prod-digital\/wp-json\/wp\/v2\/media?parent=513"}],"curies":[{"name":"wp","href":"https:\/\/api.w.org\/{rel}","templated":true}]}}