{"id":521,"date":"2018-01-22T13:45:14","date_gmt":"2018-01-22T13:45:14","guid":{"rendered":"http:\/\/disseny-test.uoc.edu\/materials\/prod-digital\/?page_id=521"},"modified":"2018-01-22T19:27:05","modified_gmt":"2018-01-22T19:27:05","slug":"8-2-1-amazon-kindle-direct-publishing","status":"publish","type":"page","link":"http:\/\/disseny-test.uoc.edu\/materials\/prod-digital\/8-2-1-amazon-kindle-direct-publishing\/","title":{"rendered":"8.2.1. Amazon: Kindle Direct Publishing"},"content":{"rendered":"<div class=\"featured featured-blue\"><p><a href=\"https:\/\/kdp.amazon.com\/en_US\/\" target=\"_blank\" rel=\"noopener\"><strong>Amazon<\/strong><\/a> \u00a0\u00e9s un dels principals agents del sector de publicaci\u00f3 editorial digital.<\/p>\n<\/div>\n<p>El seu portal ofereix un gran p\u00fablic objectiu i condicions de venda for\u00e7a favorables si els donem l\u2019exclusivitat. Alhora, el sistema d\u2019Amazon \u00e9s molt senzill d\u2019utilitzar i, si estem disposats a acceptar les restriccions t\u00e8cniques del format i les formals del contracte, la publicaci\u00f3 de contingut \u00e9s for\u00e7a r\u00e0pida. El lector podr\u00e0 accedir al contingut des de qualsevol sistema operatiu i dispositiu sempre que usem l\u2019aplicaci\u00f3 que l\u2019empresa ens ofereix per a llegir els llibres.<\/p>\n<h4><strong>Avantatges<\/strong><\/h4>\n<ul>\n<li>Principal venedor de llibres en l\u00ednia. P\u00fablic objectiu molt elevat.<\/li>\n<li>Pol\u00edtiques de preus agressives que inclouen promocions, ofertes i accessos per subscripci\u00f3.<\/li>\n<\/ul>\n<h4><strong>Inconvenients<\/strong><\/h4>\n<ul>\n<li>Ecosistema propi tant per al format com per a les aplicacions\/dispositius de lectura, cosa que condiciona l\u2019acc\u00e9s a un determinat tipus de p\u00fablic.<\/li>\n<li>Dificultats per a vendre multiformat.<\/li>\n<li><em>Condicions generals<\/em> que determinen la propietat i l\u2019edici\u00f3 del format dels llibres.<\/li>\n<li>Control per part de l\u2019empresa del contingut editat en el seu format. Restriccions t\u00e8cniques en l\u2019edici\u00f3.<\/li>\n<li>Marge de beneficis del portal de, com a m\u00ednim, el 35%, a voltes el 70%.<\/li>\n<\/ul>\n<p>M\u00e9s informaci\u00f3: <a href=\"http:\/\/disseny-test.uoc.edu\/materials\/prod-digital\/2-2-3-kf8-amazon-kindle-format\/\" target=\"_blank\" rel=\"noopener\">2.2.3 \u00abKF8 (Amazon Kindle Format)\u00bb<\/a> i <a href=\"http:\/\/disseny-test.uoc.edu\/materials\/prod-digital\/3-4-3-creacio-dun-arxiu-kf8-per-a-lecosistema-damazon\/\" target=\"_blank\" rel=\"noopener\">3.4.3 \u00abCreaci\u00f3 d\u2019un arxiu KF8 (per a l\u2019ecosistema d\u2019Amazon)\u00bb<\/a><\/p>\n<p>&nbsp;<\/p>\n","protected":false},"excerpt":{"rendered":"<p>El seu portal ofereix un gran p\u00fablic objectiu i condicions de venda for\u00e7a favorables si els donem l\u2019exclusivitat. Alhora, el sistema d\u2019Amazon \u00e9s molt senzill d\u2019utilitzar i, si estem disposats a acceptar les restriccions t\u00e8cniques del format i les formals del contracte, la publicaci\u00f3 de contingut \u00e9s for\u00e7a r\u00e0pida. El lector podr\u00e0 accedir al contingut [&hellip;]<\/p>\n","protected":false},"author":1,"featured_media":0,"parent":0,"menu_order":0,"comment_status":"closed","ping_status":"closed","template":"","meta":{"inline_featured_image":false},"acf":[],"_links":{"self":[{"href":"http:\/\/disseny-test.uoc.edu\/materials\/prod-digital\/wp-json\/wp\/v2\/pages\/521"}],"collection":[{"href":"http:\/\/disseny-test.uoc.edu\/materials\/prod-digital\/wp-json\/wp\/v2\/pages"}],"about":[{"href":"http:\/\/disseny-test.uoc.edu\/materials\/prod-digital\/wp-json\/wp\/v2\/types\/page"}],"author":[{"embeddable":true,"href":"http:\/\/disseny-test.uoc.edu\/materials\/prod-digital\/wp-json\/wp\/v2\/users\/1"}],"replies":[{"embeddable":true,"href":"http:\/\/disseny-test.uoc.edu\/materials\/prod-digital\/wp-json\/wp\/v2\/comments?post=521"}],"version-history":[{"count":2,"href":"http:\/\/disseny-test.uoc.edu\/materials\/prod-digital\/wp-json\/wp\/v2\/pages\/521\/revisions"}],"predecessor-version":[{"id":586,"href":"http:\/\/disseny-test.uoc.edu\/materials\/prod-digital\/wp-json\/wp\/v2\/pages\/521\/revisions\/586"}],"wp:attachment":[{"href":"http:\/\/disseny-test.uoc.edu\/materials\/prod-digital\/wp-json\/wp\/v2\/media?parent=521"}],"curies":[{"name":"wp","href":"https:\/\/api.w.org\/{rel}","templated":true}]}}