{"id":523,"date":"2018-01-22T13:47:20","date_gmt":"2018-01-22T13:47:20","guid":{"rendered":"http:\/\/disseny-test.uoc.edu\/materials\/prod-digital\/?page_id=523"},"modified":"2018-01-22T19:27:34","modified_gmt":"2018-01-22T19:27:34","slug":"8-2-2-google-play-books","status":"publish","type":"page","link":"http:\/\/disseny-test.uoc.edu\/materials\/prod-digital\/8-2-2-google-play-books\/","title":{"rendered":"8.2.2. Google Play Books"},"content":{"rendered":"<div class=\"featured featured-blue\"><p><a href=\"https:\/\/play.google.com\/books\/publish\/\" target=\"_blank\" rel=\"noopener\"><strong>Google Play<\/strong><\/a> \u00e9s l\u2019altre agent protagonista en la venda de llibres digitals. El seu format principal d\u2019entrada \u00e9s EPUB, tot i que tamb\u00e9 accepta documents en PDF.<\/p>\n<\/div>\n<p>Les pol\u00edtiques de preus i de relaci\u00f3 contractual queden definides i limitades per les condicions del servei. Els beneficis a obtenir, si donem exclusivitat al portal, s\u00f3n molt similars als d\u2019Amazon. A m\u00e9s a m\u00e9s, Google t\u00e9 grans eines de promoci\u00f3 i indexaci\u00f3 dels llibres que els fan molt accessibles. El lector podr\u00e0 accedir al contingut des de qualsevol sistema operatiu i dispositiu.<\/p>\n<h4><strong>Avantatges<\/strong><\/h4>\n<ul>\n<li>\u00das del format est\u00e0ndard EPUB per a les publicacions digitals, cosa que ens permet accedir a les \u00faltimes funcionalitats t\u00e8cniques i tenir acc\u00e9s al funcionament t\u00e8cnic del format.<\/li>\n<li>Format EPUB lliure, el codi del qual podem editar i modificar.<\/li>\n<li>P\u00fablic objectiu molt elevat: Google Books \u00e9s la 2\/3 plataforma de venda de llibres electr\u00f2nics.<\/li>\n<\/ul>\n<h4><strong>Inconvenients<\/strong><\/h4>\n<ul>\n<li>Condicions de venda no lliures encara que el format ho sigui. Google imposa unes restriccions sobre els beneficis i ens obliga a mantenir una exclusivitat si volem maximitzar el benefici per exemplar.<\/li>\n<li>Marge de benefici del producte del 30-35%, que pot arribar a l\u00edmits m\u00e9s alts si no venem en exclusivitat.<\/li>\n<\/ul>\n<p>M\u00e9s informaci\u00f3: <a href=\"http:\/\/disseny-test.uoc.edu\/materials\/prod-digital\/2-2-2-epub\/\" target=\"_blank\" rel=\"noopener\">2.2.2 \u00abEPUB\u00bb<\/a> i <a href=\"http:\/\/disseny-test.uoc.edu\/materials\/prod-digital\/3-4-2-creacio-dun-arxiu-en-format-epub\/\" target=\"_blank\" rel=\"noopener\">3.4.2 \u00abCreaci\u00f3 d\u2019un arxiu en format EPUB\u00bb<\/a><\/p>\n","protected":false},"excerpt":{"rendered":"<p>Les pol\u00edtiques de preus i de relaci\u00f3 contractual queden definides i limitades per les condicions del servei. Els beneficis a obtenir, si donem exclusivitat al portal, s\u00f3n molt similars als d\u2019Amazon. A m\u00e9s a m\u00e9s, Google t\u00e9 grans eines de promoci\u00f3 i indexaci\u00f3 dels llibres que els fan molt accessibles. El lector podr\u00e0 accedir al [&hellip;]<\/p>\n","protected":false},"author":1,"featured_media":0,"parent":0,"menu_order":0,"comment_status":"closed","ping_status":"closed","template":"","meta":{"inline_featured_image":false},"acf":[],"_links":{"self":[{"href":"http:\/\/disseny-test.uoc.edu\/materials\/prod-digital\/wp-json\/wp\/v2\/pages\/523"}],"collection":[{"href":"http:\/\/disseny-test.uoc.edu\/materials\/prod-digital\/wp-json\/wp\/v2\/pages"}],"about":[{"href":"http:\/\/disseny-test.uoc.edu\/materials\/prod-digital\/wp-json\/wp\/v2\/types\/page"}],"author":[{"embeddable":true,"href":"http:\/\/disseny-test.uoc.edu\/materials\/prod-digital\/wp-json\/wp\/v2\/users\/1"}],"replies":[{"embeddable":true,"href":"http:\/\/disseny-test.uoc.edu\/materials\/prod-digital\/wp-json\/wp\/v2\/comments?post=523"}],"version-history":[{"count":2,"href":"http:\/\/disseny-test.uoc.edu\/materials\/prod-digital\/wp-json\/wp\/v2\/pages\/523\/revisions"}],"predecessor-version":[{"id":587,"href":"http:\/\/disseny-test.uoc.edu\/materials\/prod-digital\/wp-json\/wp\/v2\/pages\/523\/revisions\/587"}],"wp:attachment":[{"href":"http:\/\/disseny-test.uoc.edu\/materials\/prod-digital\/wp-json\/wp\/v2\/media?parent=523"}],"curies":[{"name":"wp","href":"https:\/\/api.w.org\/{rel}","templated":true}]}}