{"id":527,"date":"2018-01-22T13:52:35","date_gmt":"2018-01-22T13:52:35","guid":{"rendered":"http:\/\/disseny-test.uoc.edu\/materials\/prod-digital\/?page_id=527"},"modified":"2018-01-22T19:28:18","modified_gmt":"2018-01-22T19:28:18","slug":"8-2-4-blurb","status":"publish","type":"page","link":"http:\/\/disseny-test.uoc.edu\/materials\/prod-digital\/8-2-4-blurb\/","title":{"rendered":"8.2.4. Blurb"},"content":{"rendered":"<div class=\"featured featured-blue\"><p><a href=\"http:\/\/www.blurb.com\/sell-and-distribute\" target=\"_blank\" rel=\"noopener\"><strong>Blurb<\/strong><\/a> \u00e9s una plataforma que ens ofereix la possibilitat de crear llibres digitals per via de la seva pr\u00f2pia aplicaci\u00f3 i vendre\u2019ls tant en el portal propi com als principals agents del sector.<\/p>\n<\/div>\n<p>L\u2019aplicaci\u00f3 que ofereixen \u00e9s multiplataforma i ens permet crear diferents tipus de publicacions en funci\u00f3 del contingut principal d\u2019aquestes. La publicaci\u00f3 \u00e9s de pagament i ens obliga a seguir unes directrius marcades per l\u2019empresa.<\/p>\n<h4><strong>Avantatges<\/strong><\/h4>\n<ul>\n<li>Eines de creaci\u00f3 disponibles per a tots els sistemes.<\/li>\n<li>Proc\u00e9s de creaci\u00f3 senzill.<\/li>\n<li>Acc\u00e9s a un paquet de serveis: creaci\u00f3, publicaci\u00f3, venda&#8230;<\/li>\n<\/ul>\n<h4><strong>Inconvenients<\/strong><\/h4>\n<ul>\n<li>Quota requerida per a publicar.<\/li>\n<li>Limitaci\u00f3 de l\u2019acci\u00f3 t\u00e8cnica sobre el resultat.<\/li>\n<li>Condicions del servei que manen sobre el que podem fer.<\/li>\n<\/ul>\n<p>M\u00e9s informaci\u00f3: <a href=\"http:\/\/disseny-test.uoc.edu\/materials\/prod-digital\/3-4-7-eines-de-creacio-automatica\/\" target=\"_blank\" rel=\"noopener\">3.4.7 \u00abEines de creaci\u00f3 autom\u00e0tica\u00bb<\/a><\/p>\n","protected":false},"excerpt":{"rendered":"<p>L\u2019aplicaci\u00f3 que ofereixen \u00e9s multiplataforma i ens permet crear diferents tipus de publicacions en funci\u00f3 del contingut principal d\u2019aquestes. La publicaci\u00f3 \u00e9s de pagament i ens obliga a seguir unes directrius marcades per l\u2019empresa. Avantatges Eines de creaci\u00f3 disponibles per a tots els sistemes. Proc\u00e9s de creaci\u00f3 senzill. Acc\u00e9s a un paquet de serveis: creaci\u00f3, [&hellip;]<\/p>\n","protected":false},"author":1,"featured_media":0,"parent":0,"menu_order":0,"comment_status":"closed","ping_status":"closed","template":"","meta":{"inline_featured_image":false},"acf":[],"_links":{"self":[{"href":"http:\/\/disseny-test.uoc.edu\/materials\/prod-digital\/wp-json\/wp\/v2\/pages\/527"}],"collection":[{"href":"http:\/\/disseny-test.uoc.edu\/materials\/prod-digital\/wp-json\/wp\/v2\/pages"}],"about":[{"href":"http:\/\/disseny-test.uoc.edu\/materials\/prod-digital\/wp-json\/wp\/v2\/types\/page"}],"author":[{"embeddable":true,"href":"http:\/\/disseny-test.uoc.edu\/materials\/prod-digital\/wp-json\/wp\/v2\/users\/1"}],"replies":[{"embeddable":true,"href":"http:\/\/disseny-test.uoc.edu\/materials\/prod-digital\/wp-json\/wp\/v2\/comments?post=527"}],"version-history":[{"count":2,"href":"http:\/\/disseny-test.uoc.edu\/materials\/prod-digital\/wp-json\/wp\/v2\/pages\/527\/revisions"}],"predecessor-version":[{"id":589,"href":"http:\/\/disseny-test.uoc.edu\/materials\/prod-digital\/wp-json\/wp\/v2\/pages\/527\/revisions\/589"}],"wp:attachment":[{"href":"http:\/\/disseny-test.uoc.edu\/materials\/prod-digital\/wp-json\/wp\/v2\/media?parent=527"}],"curies":[{"name":"wp","href":"https:\/\/api.w.org\/{rel}","templated":true}]}}