{"id":529,"date":"2018-01-22T13:54:42","date_gmt":"2018-01-22T13:54:42","guid":{"rendered":"http:\/\/disseny-test.uoc.edu\/materials\/prod-digital\/?page_id=529"},"modified":"2018-01-30T14:10:23","modified_gmt":"2018-01-30T14:10:23","slug":"8-3-plataformes-per-a-publicar-i-vendre-revistes-digitals","status":"publish","type":"page","link":"http:\/\/disseny-test.uoc.edu\/materials\/prod-digital\/8-3-plataformes-per-a-publicar-i-vendre-revistes-digitals\/","title":{"rendered":"8.3. Plataformes per a publicar i vendre revistes digitals"},"content":{"rendered":"<div class=\"featured featured-blue\"><p><a href=\"https:\/\/support.google.com\/producer\/\" target=\"_blank\" rel=\"noopener\"><strong>Google Quiosc<\/strong><\/a> \u00e9s una de les opcions principals per a crear i publicar revistes en l\u00ednia. Ens permet accedir a les capacitats d\u2019indexaci\u00f3 del motor de cerca de Google i publicar en unes condicions for\u00e7a favorables.<\/p>\n<\/div>\n<p>El contingut est\u00e0 disponible en l\u00ednia, es pot descarregar i \u00e9s accessible des de qualsevol dispositiu amb connexi\u00f3 a internet.<\/p>\n<h4><strong>Avantatges<\/strong><\/h4>\n<ul>\n<li>Principal agent del sector.<\/li>\n<li>Gran p\u00fablic objectiu.<\/li>\n<li>Proc\u00e9s de creaci\u00f3 en l\u00ednia senzill.<\/li>\n<\/ul>\n<h4><strong>Inconvenients<\/strong><\/h4>\n<ul>\n<li>Restriccions sobre els beneficis imposades per Google.<\/li>\n<li><em>Condicions generals<\/em>: cal seguir al peu de la lletra les indicacions sobre els processos de creaci\u00f3 que ens indica Google Publisher.<\/li>\n<\/ul>\n<div class=\"featured featured-blue\"><p><a href=\"https:\/\/es.zinio.com\/\" target=\"_blank\" rel=\"noopener\"><strong>Zinio<\/strong><\/a> \u00e9s un portal de venda de revistes que ens permet publicar el contingut directament en l\u00ednia gr\u00e0cies a la seva aplicaci\u00f3.<\/p>\n<\/div>\n<p class=\"Normalesp\"><span lang=\"CA\">Aquesta aplicaci\u00f3, que est\u00e0 disponible per a tots els sistemes operatius, ens permet crear una revista digital que despr\u00e9s publicarem i vendrem en el mateix portal de Zinio.<\/span><\/p>\n<div class=\"featured featured-blue\"><p><a href=\"https:\/\/www.joomag.com\" target=\"_blank\" rel=\"noopener\"><strong>Joomag<\/strong><\/a> \u00e9s una plataforma que ens ofereix eines pr\u00f2pies i un portal propi de venda per a distribuir revistes digitals.<\/p>\n<\/div>\n<p>T\u00e9 un editor en l\u00ednia que ens permet crear el contingut i, a posteriori, publicar-lo en el seu portal per vendre\u2019l en el quiosc de l\u2019empresa.<\/p>\n<h4><strong>Avantatges de Zinio i Joomag<\/strong><\/h4>\n<ul>\n<li>Eines de creaci\u00f3 disponibles per a tots els sistemes.<\/li>\n<li>Proc\u00e9s de creaci\u00f3 senzill.<\/li>\n<li>Acc\u00e9s a un paquet de serveis: creaci\u00f3, publicaci\u00f3, venda&#8230;<\/li>\n<li>Plataforma pr\u00f2pia de venda i publicaci\u00f3.<\/li>\n<\/ul>\n<h4><strong>Inconvenients de Zinio i Joomag<\/strong><\/h4>\n<ul>\n<li>Quota per a publicar.<\/li>\n<li>Limitaci\u00f3 de l\u2019acci\u00f3 t\u00e8cnica sobre el resultat.<\/li>\n<li>Condicions del servei que manen sobre el que podem fer.<\/li>\n<li>Abs\u00e8ncia d\u2019acc\u00e9s t\u00e8cnic al format.<\/li>\n<\/ul>\n<p>M\u00e9s informaci\u00f3: <a href=\"http:\/\/disseny-test.uoc.edu\/materials\/prod-digital\/3-4-7-eines-de-creacio-automatica\/\" target=\"_blank\" rel=\"noopener\">3.4.7 \u00abEines de creaci\u00f3 autom\u00e0tica\u00bb<\/a><\/p>\n","protected":false},"excerpt":{"rendered":"<p>El contingut est\u00e0 disponible en l\u00ednia, es pot descarregar i \u00e9s accessible des de qualsevol dispositiu amb connexi\u00f3 a internet. Avantatges Principal agent del sector. Gran p\u00fablic objectiu. Proc\u00e9s de creaci\u00f3 en l\u00ednia senzill. Inconvenients Restriccions sobre els beneficis imposades per Google. Condicions generals: cal seguir al peu de la lletra les indicacions sobre els [&hellip;]<\/p>\n","protected":false},"author":1,"featured_media":0,"parent":0,"menu_order":0,"comment_status":"closed","ping_status":"closed","template":"","meta":{"inline_featured_image":false},"acf":[],"_links":{"self":[{"href":"http:\/\/disseny-test.uoc.edu\/materials\/prod-digital\/wp-json\/wp\/v2\/pages\/529"}],"collection":[{"href":"http:\/\/disseny-test.uoc.edu\/materials\/prod-digital\/wp-json\/wp\/v2\/pages"}],"about":[{"href":"http:\/\/disseny-test.uoc.edu\/materials\/prod-digital\/wp-json\/wp\/v2\/types\/page"}],"author":[{"embeddable":true,"href":"http:\/\/disseny-test.uoc.edu\/materials\/prod-digital\/wp-json\/wp\/v2\/users\/1"}],"replies":[{"embeddable":true,"href":"http:\/\/disseny-test.uoc.edu\/materials\/prod-digital\/wp-json\/wp\/v2\/comments?post=529"}],"version-history":[{"count":3,"href":"http:\/\/disseny-test.uoc.edu\/materials\/prod-digital\/wp-json\/wp\/v2\/pages\/529\/revisions"}],"predecessor-version":[{"id":920,"href":"http:\/\/disseny-test.uoc.edu\/materials\/prod-digital\/wp-json\/wp\/v2\/pages\/529\/revisions\/920"}],"wp:attachment":[{"href":"http:\/\/disseny-test.uoc.edu\/materials\/prod-digital\/wp-json\/wp\/v2\/media?parent=529"}],"curies":[{"name":"wp","href":"https:\/\/api.w.org\/{rel}","templated":true}]}}