{"id":56,"date":"2018-01-18T13:16:55","date_gmt":"2018-01-18T13:16:55","guid":{"rendered":"http:\/\/disseny-test.uoc.edu\/materials\/prod-digital\/?page_id=56"},"modified":"2018-01-30T13:31:49","modified_gmt":"2018-01-30T13:31:49","slug":"1-4-quin-es-lobjecte-digital-que-recollira-la-proposta","status":"publish","type":"page","link":"http:\/\/disseny-test.uoc.edu\/materials\/prod-digital\/1-4-quin-es-lobjecte-digital-que-recollira-la-proposta\/","title":{"rendered":"1.4. Quin \u00e9s l\u2019objecte digital que recollir\u00e0 la proposta?"},"content":{"rendered":"<div class=\"featured featured-blue\"><\/p>\n<p>En segon lloc, per a determinar l\u2019objecte digital a desenvolupar, hi ha dos aspectes clau:<\/p>\n<ol>\n<li>La <strong>tipologia del contingut<\/strong>, aspecte m\u00e9s important.<\/li>\n<li>L\u2019<strong>elecci\u00f3<\/strong> sobre si volem oferir un <strong>producte en l\u00ednia<\/strong> (publicat a la xarxa, ubicat en un servidor, etc.) o <strong>contingut descarregable<\/strong> en un format d\u2019arxiu determinat que, posteriorment, obrirem amb algun programari lector.<\/li>\n<\/ol>\n<p>\n<\/div>\n<p>Pel que fa a la <strong>tipologia del contingut<\/strong>, no podem tractar de la mateixa manera un contingut purament textual, en el qual el redimensionament de l\u2019objecte no condicionar\u00e0 el resultat final, que un de centrat totalment en les imatges, en el qual necessitem un disseny que no admeti modificacions que puguin alterar el resultat visual. \u00c9s per aix\u00f2 que trobarem grans difer\u00e8ncies entre l\u2019edici\u00f3 del contingut textual \u2014amb algunes imatges suplement\u00e0ries si es vol\u2014, totalment adaptable i molt apte per a la variabilitat digital, i les publicacions en qu\u00e8 el disseny, la col\u00b7locaci\u00f3 de les imatges respecte al text o la seva conviv\u00e8ncia en un mateix espai visual determinen la transmissi\u00f3 del missatge.<\/p>\n<p>En el primer cas haurem de prioritzar la m\u00e0xima compatibilitat del contingut, usant els formats, les eines i els llenguatges que ens permetin produir un contingut multidispositiu, multisistema i, sobretot, amb una alta capacitat de resposta davant els canvis en el marc de visualitzaci\u00f3 (zooms, variacions dels marges, de la mida de la pantalla, de la tipologia, etc.). En el segon cas, haurem de buscar solucions adaptables a l\u2019entorn actual que ens permetin garantir, en la mesura del possible, que la proporcionalitat i la posici\u00f3 del text respecte a les imatges es mantenen, encara que hi hagi modificacions en l\u2019entorn reproductiu.<\/p>\n<div class=\"featured featured-grey\"><\/p>\n<p>En el cas del <strong>contingut textual<\/strong> pur, sigui aquest en format llibre o revista, ens adonarem que la prioritat \u00e9s que aquest contingut sigui llegible en la majoria de dispositius digitals i responsiu a la presa de decisions de l\u2019usuari\/lector. Els llibres digitals, per exemple, s\u00f3n llegits amb dispositius de tinta electr\u00f2nica, per\u00f2 tamb\u00e9 amb tauletes digitals i tel\u00e8fons intel\u00b7ligents; per tant, quan l\u2019usuari accedeixi al contingut ho far\u00e0 des de dispositius diferents, amb mides de pantalla diferents, sistemes operatius diferents, programari diferent, etc. Tal com passa amb les p\u00e0gines web, aquesta multiplicitat en l\u2019acc\u00e9s requerir\u00e0 que la nostra oferta final permeti que el contingut sigui adaptable, capa\u00e7 de transformar-se en vista d\u2019un canvi en les variables de l\u2019entorn reproductiu.<\/p>\n<p>En la majoria dels casos, l\u2019\u00fanica via per a obtenir aquesta adaptabilitat del contingut passa per l\u2019\u00fas dels llenguatges per a la web (HTML i CSS principalment), que no solament garanteixen un disseny adaptable si s\u2019usen correctament, sin\u00f3 que ens aporten eines molt \u00fatils per a marcar sem\u00e0nticament els continguts, fet indispensable per a l\u2019evoluci\u00f3 del corpus del coneixement digital i la catalogaci\u00f3, compartici\u00f3 i gesti\u00f3 de la informaci\u00f3 a la xarxa. Com veurem posteriorment, els formats que permeten obtenir els avantatges del disseny adaptable, multisistema i multidispositiu, tot i tenir noms diferents i processos de creaci\u00f3 diferents, comparteixen tots el fet d\u2019estar basats en els llenguatges web.<\/p>\n<p>\n<\/div>\n<p class=\"Normalesp\"><span lang=\"CA\">La difer\u00e8ncia entre el tractament del contingut purament textual i aquell en qu\u00e8 els recursos gr\u00e0fics o audiovisuals s\u00f3n protagonistes afecta el desenvolupament de qualsevol producci\u00f3 editorial digital, si b\u00e9 \u00e9s cert que aquest fet \u00e9s m\u00e9s o menys significatiu en funci\u00f3 de la resposta que donem a la segona q\u00fcesti\u00f3 que plantej\u00e0vem:<br \/>\nsi el contingut que oferim estar\u00e0 disponible en l\u00ednia o no.<\/span><\/p>\n<figure id=\"attachment_21\" aria-describedby=\"caption-attachment-21\" style=\"width: 477px\" class=\"wp-caption aligncenter\"><img loading=\"lazy\" class=\"alignnone size-full wp-image-21\" src=\"http:\/\/disseny-test.uoc.edu\/materials\/prod-digital\/wp-content\/uploads\/sites\/6\/2018\/01\/20015_002.jpg\" alt=\"Tipus d\u2019acc\u00e9s als continguts. Llenguatges i objectes relacionats\" width=\"477\" height=\"352\" srcset=\"http:\/\/disseny-test.uoc.edu\/materials\/prod-digital\/wp-content\/uploads\/sites\/6\/2018\/01\/20015_002.jpg 477w, http:\/\/disseny-test.uoc.edu\/materials\/prod-digital\/wp-content\/uploads\/sites\/6\/2018\/01\/20015_002-300x221.jpg 300w\" sizes=\"(max-width: 477px) 100vw, 477px\" \/><figcaption id=\"caption-attachment-21\" class=\"wp-caption-text\"><strong>Figura 2.<\/strong> Tipus d\u2019acc\u00e9s als continguts. Llenguatges i objectes relacionats<\/figcaption><\/figure>\n<p>En el cas del <strong>contingut en l\u00ednia<\/strong>, com veurem posteriorment, les opcions disponibles per a publicar continguts s\u00f3n m\u00e9s limitades pel que fa als formats i els llenguatges per a la publicaci\u00f3 editorial. L\u2019\u00fas d\u2019HTML i CSS com a llenguatges de refer\u00e8ncia fa que sigui molt m\u00e9s senzill oferir diferents opcions de visualitzaci\u00f3 del contingut adaptant-lo a les variables de l\u2019entorn i provocant una resposta din\u00e0mica d\u2019aquest davant les peticions de l\u2019usuari.<\/p>\n<p>Com anirem veient al llarg del plantejament de la resoluci\u00f3 dels reptes per a la producci\u00f3 editorial digital, haurem de prendre decisions en qu\u00e8 intervindran diferents variables o condicionants que caldr\u00e0 tenir en compte. Per tant, en molts casos, no es tracta d\u2019un proc\u00e9s seq\u00fcencial entre reptes o dubtes a resoldre, sin\u00f3 que aquests s\u2019hauran de plantejar en paral\u00b7lel.<\/p>\n<p>Vegem aquest repte ara en forma de preguntes que anirem responent al llarg dels punts que segueixen, quan definim els diferents objectes digitals possibles i les vies per a crear-los.<\/p>\n<table>\n<thead>\n<tr class=\"table-header\">\n<th>Preguntes a realitzar-nos abans de concebre el contingut d&#8217;una publicaci\u00f3 digital<\/th>\n<\/tr>\n<\/thead>\n<tbody>\n<tr>\n<td>El contingut a produir \u00e9s purament textual, o amb un percentatge redu\u00eft de contingut gr\u00e0fic o audiovisual que \u00e9s suplementari?<\/p>\n<p>O, al contrari, el contingut no textual \u00e9s protagonista i central per a comunicar el missatge?<\/p>\n<p>Necessitem permetre algun grau d\u2019intervenci\u00f3 per part del lector? \u00c9s a dir: que aquest pugui modificar o alterar el contingut visualitzat (petites interaccions, animacions usables, etc.)?<\/p>\n<p>Necessitem que el contingut s\u2019actualitzi peri\u00f2dicament? \u00c9s a dir, que estigui disponible en l\u00ednia? O \u00e9s contingut fix, que un cop entreguem al lector ja no actualitzarem m\u00e9s?<\/p>\n<p>Tot i tenir un objecte descarregable com a resultat, tenim la necessitat d\u2019enlla\u00e7ar a contingut en l\u00ednia? De quin tipus?<\/td>\n<\/tr>\n<\/tbody>\n<\/table>\n","protected":false},"excerpt":{"rendered":"<p>Pel que fa a la tipologia del contingut, no podem tractar de la mateixa manera un contingut purament textual, en el qual el redimensionament de l\u2019objecte no condicionar\u00e0 el resultat final, que un de centrat totalment en les imatges, en el qual necessitem un disseny que no admeti modificacions que puguin alterar el resultat visual. [&hellip;]<\/p>\n","protected":false},"author":1,"featured_media":0,"parent":0,"menu_order":0,"comment_status":"closed","ping_status":"closed","template":"","meta":{"inline_featured_image":false},"acf":[],"_links":{"self":[{"href":"http:\/\/disseny-test.uoc.edu\/materials\/prod-digital\/wp-json\/wp\/v2\/pages\/56"}],"collection":[{"href":"http:\/\/disseny-test.uoc.edu\/materials\/prod-digital\/wp-json\/wp\/v2\/pages"}],"about":[{"href":"http:\/\/disseny-test.uoc.edu\/materials\/prod-digital\/wp-json\/wp\/v2\/types\/page"}],"author":[{"embeddable":true,"href":"http:\/\/disseny-test.uoc.edu\/materials\/prod-digital\/wp-json\/wp\/v2\/users\/1"}],"replies":[{"embeddable":true,"href":"http:\/\/disseny-test.uoc.edu\/materials\/prod-digital\/wp-json\/wp\/v2\/comments?post=56"}],"version-history":[{"count":4,"href":"http:\/\/disseny-test.uoc.edu\/materials\/prod-digital\/wp-json\/wp\/v2\/pages\/56\/revisions"}],"predecessor-version":[{"id":885,"href":"http:\/\/disseny-test.uoc.edu\/materials\/prod-digital\/wp-json\/wp\/v2\/pages\/56\/revisions\/885"}],"wp:attachment":[{"href":"http:\/\/disseny-test.uoc.edu\/materials\/prod-digital\/wp-json\/wp\/v2\/media?parent=56"}],"curies":[{"name":"wp","href":"https:\/\/api.w.org\/{rel}","templated":true}]}}