{"id":59,"date":"2018-01-18T13:19:11","date_gmt":"2018-01-18T13:19:11","guid":{"rendered":"http:\/\/disseny-test.uoc.edu\/materials\/prod-digital\/?page_id=59"},"modified":"2018-01-18T13:19:11","modified_gmt":"2018-01-18T13:19:11","slug":"1-5-1-introduccio","status":"publish","type":"page","link":"http:\/\/disseny-test.uoc.edu\/materials\/prod-digital\/1-5-1-introduccio\/","title":{"rendered":"1.5.1. Introducci\u00f3"},"content":{"rendered":"<div class=\"featured featured-blue\"><p>Finalment, el tercer repte important \u00e9s determinar quines <strong>vies de distribuci\u00f3<\/strong> volem usar per al nostre producte, i a quines <strong>opcions de monetitzaci\u00f3 o comercialitzaci\u00f3<\/strong> volem accedir.<\/p>\n<\/div>\n<p>Aquesta heterogene\u00eftat i multiplicitat que en comen\u00e7ar associ\u00e0vem a l\u2019entorn digital no solament s\u2019esdev\u00e9 en la creaci\u00f3 de nous objectes digitals, sin\u00f3 que es manifesta tamb\u00e9 a l\u2019hora de publicar un producte per a vendre\u2019l o distribuir-lo a la xarxa.<\/p>\n<p>De nou, haurem de tenir en compte aquesta q\u00fcesti\u00f3 abans de comen\u00e7ar el proc\u00e9s de creaci\u00f3 de l\u2019objecte, abans de desenvolupar el projecte editorial. L\u2019elecci\u00f3 de les possibles vies de comercialitzaci\u00f3 d\u2019un producte, en el cas del digital, tamb\u00e9 condiciona i determina l\u2019elecci\u00f3 del format en qu\u00e8 haurem d\u2019oferir aquest contingut.<\/p>\n<div class=\"featured featured-grey\"><p>En alguns sectors, com en la ind\u00fastria musical o el sector audiovisual, els formats en qu\u00e8 hom crea el contingut no determinen les vies de distribuci\u00f3, perqu\u00e8 la transcodificaci\u00f3 o conversi\u00f3 de formats \u00e9s quelcom senzill, directe, en qu\u00e8 el contingut no es veu alterat. En el cas de la producci\u00f3 editorial, com anirem veient al llarg d\u2019aquests materials, aix\u00f2 no \u00e9s aix\u00ed. El sector de la venda i distribuci\u00f3 editorial, i de la publicaci\u00f3 de documents digitals amb objectius concrets (cat\u00e0legs, cartes de productes, etc.), s\u2019ha constru\u00eft a l\u2019entorn d\u2019ecosistemes tancats de producci\u00f3 (format, plataforma de distribuci\u00f3, dispositiu de lectura) dependents de grans empreses i amb una relaci\u00f3 necess\u00e0ria entre les eines de creaci\u00f3, el format i les opcions de comercialitzaci\u00f3.<\/p>\n<\/div>\n<p>D\u2019acord amb la complexitat de l\u2019entorn de publicaci\u00f3 editorial digital i les fortes relacions de depend\u00e8ncia entre formats i portals de distribuci\u00f3, dedicarem dues seccions d\u2019aquests materials a tractar aquesta q\u00fcesti\u00f3: per una banda, les plataformes de publicaci\u00f3 de continguts editorials m\u00e9s habituals i, per l\u2019altra, els possibles models de negoci associats als continguts editorials. No obstant aix\u00f2, com coment\u00e0vem, \u00e9s important plantejar, anticipadament i a grans trets, les opcions existents a fi i efecte de poder-les tenir en compte a l\u2019hora de determinar la forma del nostre projecte editorial.<\/p>\n<p>Atesa la conjuntura actual del mercat digital, \u00e9s evident que tot el contingut que produ\u00efm ser\u00e0 distribu\u00eft per internet. No \u00e9s possible avui pensar en un projecte digital que no usi la xarxa com a plataforma de distribuci\u00f3 i mercat principal. \u00c9s cert que podr\u00edem guardar l\u2019objecte resultant en una mem\u00f2ria port\u00e0til (targeta, mem\u00f2ria USB, etc.) i distribuir-lo f\u00edsicament, per\u00f2 aquesta via no solament ha deixat de tenir sentit amb la connectivitat total dels dispositius digitals a la xarxa, sin\u00f3 que no \u00e9s eficient en cap dels camps que ens interessen quan volem comercialitzar un contingut, ni econ\u00f2micament, ni per la immediatesa d\u2019entrega necess\u00e0ria, ni per les pretensions del lector\/client, etc.<\/p>\n","protected":false},"excerpt":{"rendered":"<p>Aquesta heterogene\u00eftat i multiplicitat que en comen\u00e7ar associ\u00e0vem a l\u2019entorn digital no solament s\u2019esdev\u00e9 en la creaci\u00f3 de nous objectes digitals, sin\u00f3 que es manifesta tamb\u00e9 a l\u2019hora de publicar un producte per a vendre\u2019l o distribuir-lo a la xarxa. De nou, haurem de tenir en compte aquesta q\u00fcesti\u00f3 abans de comen\u00e7ar el proc\u00e9s de [&hellip;]<\/p>\n","protected":false},"author":1,"featured_media":0,"parent":0,"menu_order":0,"comment_status":"closed","ping_status":"closed","template":"","meta":{"inline_featured_image":false},"acf":[],"_links":{"self":[{"href":"http:\/\/disseny-test.uoc.edu\/materials\/prod-digital\/wp-json\/wp\/v2\/pages\/59"}],"collection":[{"href":"http:\/\/disseny-test.uoc.edu\/materials\/prod-digital\/wp-json\/wp\/v2\/pages"}],"about":[{"href":"http:\/\/disseny-test.uoc.edu\/materials\/prod-digital\/wp-json\/wp\/v2\/types\/page"}],"author":[{"embeddable":true,"href":"http:\/\/disseny-test.uoc.edu\/materials\/prod-digital\/wp-json\/wp\/v2\/users\/1"}],"replies":[{"embeddable":true,"href":"http:\/\/disseny-test.uoc.edu\/materials\/prod-digital\/wp-json\/wp\/v2\/comments?post=59"}],"version-history":[{"count":1,"href":"http:\/\/disseny-test.uoc.edu\/materials\/prod-digital\/wp-json\/wp\/v2\/pages\/59\/revisions"}],"predecessor-version":[{"id":60,"href":"http:\/\/disseny-test.uoc.edu\/materials\/prod-digital\/wp-json\/wp\/v2\/pages\/59\/revisions\/60"}],"wp:attachment":[{"href":"http:\/\/disseny-test.uoc.edu\/materials\/prod-digital\/wp-json\/wp\/v2\/media?parent=59"}],"curies":[{"name":"wp","href":"https:\/\/api.w.org\/{rel}","templated":true}]}}