{"id":61,"date":"2018-01-18T13:25:38","date_gmt":"2018-01-18T13:25:38","guid":{"rendered":"http:\/\/disseny-test.uoc.edu\/materials\/prod-digital\/?page_id=61"},"modified":"2018-01-30T13:32:08","modified_gmt":"2018-01-30T13:32:08","slug":"1-5-2-opcions-per-a-publicar-i-distribuir-un-producte-editorial","status":"publish","type":"page","link":"http:\/\/disseny-test.uoc.edu\/materials\/prod-digital\/1-5-2-opcions-per-a-publicar-i-distribuir-un-producte-editorial\/","title":{"rendered":"1.5.2. Opcions per a publicar i distribuir  un producte editorial"},"content":{"rendered":"<p>Totes les vies de distribuci\u00f3 que plantejarem donen per suposat que el contingut es distribuir\u00e0 i estar\u00e0 disponible en l\u00ednia. Aquesta consideraci\u00f3 pot semblar <em>a priori<\/em> fora de lloc en l\u2019estat actual de la tecnologia i els dispositius m\u00f2bils, per\u00f2, en vista d\u2019algunes iniciatives que pretenen recuperar l\u2019objecte f\u00edsic com a contenidor d\u2019un objecte digital per a distribuir continguts, no sobra recordar que, tot i que puguem afegir una capa extra entre la xarxa i el lector la informaci\u00f3, el contingut s\u2019emmagatzemar\u00e0 i es distribuir\u00e0 per la xarxa.<\/p>\n<div class=\"featured featured-blue\"><p>Totes les opcions que tindrem hauran de passar, necess\u00e0riament, per ubicar l\u2019objecte produ\u00eft en un servidor en l\u00ednia propi o extern.<\/p>\n<\/div>\n<figure id=\"attachment_22\" aria-describedby=\"caption-attachment-22\" style=\"width: 559px\" class=\"wp-caption aligncenter\"><img loading=\"lazy\" class=\"alignnone size-full wp-image-22\" src=\"http:\/\/disseny-test.uoc.edu\/materials\/prod-digital\/wp-content\/uploads\/sites\/6\/2018\/01\/20015_003.jpg\" alt=\"Publicaci\u00f3 en l\u00ednia de continguts editorials digitals\" width=\"559\" height=\"288\" srcset=\"http:\/\/disseny-test.uoc.edu\/materials\/prod-digital\/wp-content\/uploads\/sites\/6\/2018\/01\/20015_003.jpg 559w, http:\/\/disseny-test.uoc.edu\/materials\/prod-digital\/wp-content\/uploads\/sites\/6\/2018\/01\/20015_003-300x155.jpg 300w\" sizes=\"(max-width: 559px) 100vw, 559px\" \/><figcaption id=\"caption-attachment-22\" class=\"wp-caption-text\"><strong>Figura 3.<\/strong> Publicaci\u00f3 en l\u00ednia de continguts editorials digitals<\/figcaption><\/figure>\n<p>Per a publicar i distribuir continguts digitals editorials, podem accedir a dos grans grups d\u2019opcions:<\/p>\n<ol>\n<li><strong>Crear una p\u00e0gina web pr\u00f2pia<\/strong> o un portal i distribuir nosaltres mateixos el contingut. En aquest cas, mentre produ\u00efm un arxiu que sigui descarregable (el pes del qual no el faci inaccessible i que tingui un format m\u00ednimament popular) no haurem de complir cap requisit t\u00e8cnic per a poder publicar el nostre contingut, sia en format web directament o usant algun dels formats digitals per a publicacions que tenim disponibles.<\/li>\n<li><strong>Accedir a diferents portals en l\u00ednia<\/strong>, que ens permeten, a canvi d\u2019un percentatge dels beneficis i de complir els requisits t\u00e8cnics que ens demanen (format, llenguatges, etc.), publicar el nostre contingut i fer-lo accessible als seus clients, deslocalitzant en aquest cas el proc\u00e9s de distribuci\u00f3 i cobrament del producte, que ser\u00e0 responsabilitat del portal. S\u00f3n plataformes tan conegudes com <a href=\"javascript:void(0);\" class=\"tooltip\" data-toggle=\"popover\" data-placement=\"bottom\" data-content=\"En la secci\u00f3 sobre plataformes de publicaci\u00f3 digital analitzarem amb detall les condicions i requisits t\u00e8cnics d\u2019aquests grans portals i el proc\u00e9s de publicaci\u00f3 necessari.\" data-placement=\"top\" data-html=\"true\" >Google Books, Amazon Kindle o Apple Store<\/a>.<\/li>\n<\/ol>\n<div class=\"featured featured-grey\"><\/p>\n<p>Si tenim en compte l\u2019esfor\u00e7 dut a terme pel consorci gestor dels est\u00e0ndards per a la web (<a href=\"https:\/\/www.w3.org\/publishing\/groups\/publ-wg\/\" target=\"_blank\" rel=\"noopener\"><u>W3C<\/u><\/a>) per a acostar la publicaci\u00f3 digital als llenguatges web est\u00e0ndards i construir un ecosistema digital apte per a recollir, emmagatzemar i processar tots els objectes digitals publicables (tot el corpus digital del coneixement), i la facilitat d\u2019implementaci\u00f3 d\u2019aquests acompanyada de la no necessitat d\u2019inversi\u00f3 en la compra de llenguatges o llic\u00e8ncies, ens adonarem r\u00e0pidament que el futur de la publicaci\u00f3 editorial digital est\u00e0 a la xarxa, i el de la construcci\u00f3 dels continguts en els llenguatges i formats est\u00e0ndards.<\/p>\n<p>Els llenguatges per a la web s\u00f3n llenguatges pensats per a definir estructures de continguts, i la marcaci\u00f3 sem\u00e0ntica en qu\u00e8 es basen permet crear publicacions digitals amb l\u2019estructura i la metainformaci\u00f3 suficient perqu\u00e8 el sistema lector entengui quin \u00e9s el paper de cada element del codi.<\/p>\n<p>No obstant aix\u00f2, la conjuntura tecnol\u00f2gica encara no ha evolucionat prou perqu\u00e8 puguem garantir un acc\u00e9s universal a la xarxa, ni perqu\u00e8 aquest acc\u00e9s sigui prou efectiu de manera que l\u2019acc\u00e9s a continguts en l\u00ednia no sigui una quimera que provoqui el desinter\u00e8s o la des\u00eddia. Hi ha moltes zones sense cobertura d\u2019internet, d\u2019altres en qu\u00e8 les velocitats de connexi\u00f3 responen a est\u00e0ndards d\u2019altres \u00e8poques, etc. Per tant, tot i que la tend\u00e8ncia general sigui cap al contingut permanentment en l\u00ednia, no \u00e9s encara realista publicar llibres digitals i revistes nom\u00e9s disponibles en l\u00ednia i sense una possibilitat de desc\u00e0rrega que permetin llegir-los independentment de la ubicaci\u00f3 geogr\u00e0fica del lector i la seva connectivitat.<\/p>\n<p>Per tant, els portals per a distribuir continguts en format d\u2019arxiu descarregable, o la distribuci\u00f3 d\u2019aquests arxius en portals propis, tenen encara un llarg recorregut per endavant.<\/p>\n<p>\n<\/div>\n<p>La difer\u00e8ncia clau entre aquestes dues opcions, que no s\u00f3n exclusives entre elles, rau en dos aspectes importants:<\/p>\n<ol>\n<li>La <strong>llibertat d\u2019elecci\u00f3 del format de distribuci\u00f3<\/strong> amb la necessitat de crear i gestionar un portal propi (gesti\u00f3 d\u2019usuaris, pagaments, manteniment del sistema, etc.).<\/li>\n<li>Les <strong>eines de creaci\u00f3<\/strong> amb la necessitat d\u2019acceptar els requisits t\u00e8cnics per al format de sortida, i les eines de creaci\u00f3 per a cedir un percentatge dels beneficis al propietari del portal.<\/li>\n<\/ol>\n<p>Evidentment, en molts casos, i tamb\u00e9 a canvi d\u2019un cost extra en la quota del portal, podrem accedir a diferents opcions simult\u00e0nies i vendre un producte a la nostra p\u00e0gina web alhora que el pugem a un portal com Amazon o Google Books. Per\u00f2, tot i que la decisi\u00f3 pot semblar f\u00e0cil de prendre, hi ha moltes consideracions, detalls, caracter\u00edstiques i procediments a tenir en compte en cada cas, que detallarem en les seccions sobre les plataformes de publicaci\u00f3 i els models de negoci.<\/p>\n<div class=\"featured featured-blue\"><p>L\u2019elecci\u00f3 del portal de distribuci\u00f3 del nostre producte condicionar\u00e0, de manera significativa, l\u2019elecci\u00f3 del format i les eines de creaci\u00f3 de l\u2019objecte.<\/p>\n<\/div>\n<p class=\"Normalesp\"><span lang=\"CA\">La conversi\u00f3 entre formats no \u00e9s efectiva en la majoria dels casos i, si no determinem quines necessitats finals tindrem per a planificar un proc\u00e9s de creaci\u00f3 que ens proporcioni un producte que encaixi amb els requisits t\u00e8cnics que ens exigeix la via de distribuci\u00f3 escollida, ens trobarem amb la necessitat de dedicar un gran volum de temps extra per a canviar de format o adaptar el contingut.<\/span><\/p>\n<p>&nbsp;<\/p>\n","protected":false},"excerpt":{"rendered":"<p>Totes les vies de distribuci\u00f3 que plantejarem donen per suposat que el contingut es distribuir\u00e0 i estar\u00e0 disponible en l\u00ednia. Aquesta consideraci\u00f3 pot semblar a priori fora de lloc en l\u2019estat actual de la tecnologia i els dispositius m\u00f2bils, per\u00f2, en vista d\u2019algunes iniciatives que pretenen recuperar l\u2019objecte f\u00edsic com a contenidor d\u2019un objecte digital [&hellip;]<\/p>\n","protected":false},"author":1,"featured_media":0,"parent":0,"menu_order":0,"comment_status":"closed","ping_status":"closed","template":"","meta":{"inline_featured_image":false},"acf":[],"_links":{"self":[{"href":"http:\/\/disseny-test.uoc.edu\/materials\/prod-digital\/wp-json\/wp\/v2\/pages\/61"}],"collection":[{"href":"http:\/\/disseny-test.uoc.edu\/materials\/prod-digital\/wp-json\/wp\/v2\/pages"}],"about":[{"href":"http:\/\/disseny-test.uoc.edu\/materials\/prod-digital\/wp-json\/wp\/v2\/types\/page"}],"author":[{"embeddable":true,"href":"http:\/\/disseny-test.uoc.edu\/materials\/prod-digital\/wp-json\/wp\/v2\/users\/1"}],"replies":[{"embeddable":true,"href":"http:\/\/disseny-test.uoc.edu\/materials\/prod-digital\/wp-json\/wp\/v2\/comments?post=61"}],"version-history":[{"count":3,"href":"http:\/\/disseny-test.uoc.edu\/materials\/prod-digital\/wp-json\/wp\/v2\/pages\/61\/revisions"}],"predecessor-version":[{"id":886,"href":"http:\/\/disseny-test.uoc.edu\/materials\/prod-digital\/wp-json\/wp\/v2\/pages\/61\/revisions\/886"}],"wp:attachment":[{"href":"http:\/\/disseny-test.uoc.edu\/materials\/prod-digital\/wp-json\/wp\/v2\/media?parent=61"}],"curies":[{"name":"wp","href":"https:\/\/api.w.org\/{rel}","templated":true}]}}