{"id":64,"date":"2018-01-18T13:28:33","date_gmt":"2018-01-18T13:28:33","guid":{"rendered":"http:\/\/disseny-test.uoc.edu\/materials\/prod-digital\/?page_id=64"},"modified":"2018-01-30T13:32:30","modified_gmt":"2018-01-30T13:32:30","slug":"1-5-3-possibles-models-de-negoci-associats-als-productes-editorials-digitals","status":"publish","type":"page","link":"http:\/\/disseny-test.uoc.edu\/materials\/prod-digital\/1-5-3-possibles-models-de-negoci-associats-als-productes-editorials-digitals\/","title":{"rendered":"1.5.3. Possibles models de negoci associats  als productes editorials digitals"},"content":{"rendered":"<p>En el cas dels possibles models de negoci associats a la producci\u00f3 editorial, tamb\u00e9 podem definir dos grans grups a tenir en compte. Podem diferenciar clarament entre:<\/p>\n<ol>\n<li>La <strong>digitalitzaci\u00f3 del model de distribuci\u00f3<\/strong>, els nous models purament digitals que s\u00f3n el fruit de les noves potencialitats de l\u2019ecosistema digital i la codificaci\u00f3 digital de la informaci\u00f3.<\/li>\n<li>La <strong>venda editorial cl\u00e0ssica<\/strong>, \u00e9s a dir, la venda d\u2019exemplars individuals a un preu predeterminat per a cada objecte.<\/li>\n<\/ol>\n<div class=\"featured featured-blue\"><p>La <strong>remediaci\u00f3<\/strong> dels processos comercials cl\u00e0ssics \u00e9s la primera opci\u00f3 que solem prendre quan digitalitzem un proc\u00e9s \u00abanal\u00f2gic\u00bb cl\u00e0ssic.<\/p>\n<\/div>\n<div class=\"featured featured-grey\"><p>Quan comen\u00e7\u00e0 el fenomen de la m\u00fasica comercial en MP3, no era possible accedir a una sola can\u00e7\u00f3, i manten\u00edem el format cl\u00e0ssic d\u2019LP o de disc complet, en el qual si un volia accedir al contingut havia de comprar-lo sencer i a un preu equiparable al format de distribuci\u00f3 pre-internet. A poc a poc, per\u00f2, i gr\u00e0cies a l\u2019aportaci\u00f3 de diferents iniciatives innovadores, es va popularitzar el model actual en qu\u00e8 es pot accedir a una sola can\u00e7\u00f3, comprar un conjunt d\u2019aquestes o subscriure\u2019s a un servei de m\u00fasica a demanda per un preu fix. El mateix ha passat en la ind\u00fastria de l\u2019audiovisual: del format convencional, de compra per exemplar i de preus elevats, hem passat a un model de subscripci\u00f3 per continguts (Netflix, HBO, Vodafone TV, etc.), molt m\u00e9s d\u2019acord amb les caracter\u00edstiques de l\u2019entorn actual.<\/p>\n<\/div>\n<p class=\"Normalesp\"><span lang=\"CA\">En el sector editorial aquest proc\u00e9s \u00e9s encara incipient i els models de negoci actuals, cada cop amb m\u00e9s excepcions (sobretot pel que fa a l\u2019acc\u00e9s per subscripci\u00f3), continuen essent tots models cl\u00e0ssics de distribuci\u00f3 d\u2019exemplars individuals.<\/span><\/p>\n<h4><strong><span lang=\"CA\">Models cl\u00e0ssics<\/span><\/strong><\/h4>\n<p>Els <strong>models cl\u00e0ssics de distribuci\u00f3<\/strong> i venda de continguts ja els coneixem de primera m\u00e0, ja que s\u00f3n els que usem en una llibreria convencional o qualsevol botiga de productes, tamb\u00e9 en l\u00ednia. Nosaltres ens interessem per un producte (un exemplar), paguem un preu concret, i el contingut passa a estar disponible per a accedir-hi i llegir-lo (no queda pas clar en molts casos que siguem propietaris d\u2019aquest exemplar digital, sin\u00f3 que en som usuaris). \u00c9s el model editorial habitual en qu\u00e8 l\u2019exemplar \u00e9s el centre del model de negoci.<\/p>\n<p>En aquest grup podr\u00edem afegir tamb\u00e9 el model que es basa en la <strong>subscripci\u00f3<\/strong> a uns continguts per un pagament fix mensual. \u00c9s un model que en alguns casos s\u2019inclou en el grup d\u2019innovacions, perqu\u00e8 \u00e9s cert que no era habitual en l\u2019entorn anal\u00f2gic que hom tingu\u00e9s acc\u00e9s a un cat\u00e0leg editorial complet per una subscripci\u00f3 mensual, per\u00f2 no s\u2019allunya gaire del que han fet sempre les biblioteques, els clubs de lectura o les subscripcions a editorials que permetien accedir per un preu redu\u00eft a un gran conjunt de llibres o revistes. Per tant, en aquest cas tamb\u00e9 podem parlar d\u2019una <strong>remediaci\u00f3 del model<\/strong>, que ara \u00e9s molt m\u00e9s f\u00e0cil d\u2019implementar i de rendibilitzar (ja que no hem de distribuir un objecte f\u00edsic pr\u00e8viament impr\u00e8s i enquadernat).<\/p>\n<h4><strong>Models innovadors i digitals<\/strong><\/h4>\n<p>Els <strong>models m\u00e9s innovadors i pr\u00f2piament digitals<\/strong> s\u00f3n els que desmunten la dictadura de l\u2019exemplar. S\u00f3n models que trenquen la relaci\u00f3 unilateral entre exemplar i preu per a fer propostes m\u00e9s adequades a l\u2019entorn digital. Aquestes propostes passen per la creaci\u00f3 d\u2019exemplars complexos, fruit de la suma i resta d\u2019una part dels continguts dels exemplars originals, per la creaci\u00f3 de productes personalitzats a les necessitats d\u2019un lector concret. S\u00f3n models que permeten reunir diferents cap\u00edtols de diferents exemplars en un mateix objecte digital, i crear aix\u00ed, <em>in situ<\/em>, un contingut adaptat.<\/p>\n<p>Aquests models, per\u00f2, s\u00f3n minoritaris en els portals habituals i queden en el terreny de la innovaci\u00f3, ja que, perqu\u00e8 siguin possibles, els continguts han de complir determinats requisits t\u00e8cnics i formals que la ind\u00fastria editorial es troba incorporant.<\/p>\n<div class=\"featured featured-grey\"><\/p>\n<p>Perqu\u00e8 sigui possible desmuntar un exemplar \u2014un llibre digital, per exemple, o una revista digital\u2014, \u00e9s necessari que el format que recull els objectes sigui accessible i comprensible per al sistemes inform\u00e0tics m\u00e9s enll\u00e0 de la consideraci\u00f3 d\u2019arxiu digital. Cal identificar el contingut d\u2019un llibre de la mateixa manera que ho fem amb una p\u00e0gina web, definint el t\u00edtol, el cos del text, les parts m\u00e9s i menys importants&#8230; per\u00f2 tamb\u00e9 l\u2019inici i el final d\u2019un cap\u00edtol, les metadades necess\u00e0ries per a identificar el contingut, i que aquest sigui f\u00e0cilment copiable, manipulable i adaptable digitalment. Aquestes condicions nom\u00e9s les compleixen avui dia els llenguatges per a la web. A poc a poc, amb l\u2019adopci\u00f3 del format EPUB, del qual parlarem posteriorment, i la tend\u00e8ncia global cap als llenguatges oberts, cada cop ser\u00e0 m\u00e9s factible implementar noves relacions entre el model de negoci i els continguts amb la manipulaci\u00f3 d\u2019aquests tenint en compte determinats requisits concrets. El lector podr\u00e0 seleccionar un t\u00f2pic i obtenir diferents cap\u00edtols, articles o continguts adequats al que cerca sense la necessitat de comprar tots els exemplars concrets. Aquest fet implicar\u00e0 una revoluci\u00f3 en la manera en qu\u00e8 accedim als continguts textuals.<\/p>\n<p>No podem obviar, per\u00f2, que aquests nous models de distribuci\u00f3 tenen molt m\u00e9s sentit quan parlem de continguts acad\u00e8mics o d\u2019assaig i molt menys en la novel\u00b7la o la narraci\u00f3 breu. Normalment, tot i que podr\u00edem trobar alguna excepci\u00f3, no t\u00e9 sentit partir una novel\u00b7la en cap\u00edtols, o un conte o narraci\u00f3 breu, si no \u00e9s que l\u2019objectiu que tinguem sigui d\u2019investigaci\u00f3 o an\u00e0lisi d\u2019aspectes concrets d\u2019aquest o del seu moviment literari.<\/p>\n<p>\n<\/div>\n<p class=\"Normalesp\" style=\"margin: 24.0pt 0cm 24.0pt 0cm;\"><span lang=\"CA\">Hem volgut plantejar aqu\u00ed aquest repte perqu\u00e8 tot i que en parlarem des de l\u2019\u00f2ptica de la distribuci\u00f3 i la comercialitzaci\u00f3 en una secci\u00f3 pr\u00f2pia, \u00e9s molt important entendre que les decisions t\u00e8cniques i conceptuals sobre la producci\u00f3 de l\u2019objecte determinaran les opcions comercials i de distribuci\u00f3 a qu\u00e8 podrem accedir.<\/span><\/p>\n<div class=\"featured featured-grey\"><p>Si volem vendre un exemplar a Amazon haurem d\u2019usar el seu format i les eines que ens ofereixen per a crear-lo, i si ho volem fer a Google Books haurem de triar el format EPUB. En el cas de les eines de creaci\u00f3, si usem un programa com iBooks Author (Apple) per a crear un llibre digital, nom\u00e9s tindrem l\u2019opci\u00f3 de vendre\u2019l al portal d\u2019Apple, perqu\u00e8 el format resultant del llibre ser\u00e0 propietat de l\u2019empresa. Amb Adobe InDesign, tot i que podrem exportar a diferents formats, haurem de sotmetre el resultat a una important revisi\u00f3 del codi per a complir els est\u00e0ndards del format i validar correctament el nostre exemplar.<\/p>\n<\/div>\n<p class=\"Normalesp\"><span lang=\"CA\">Tractarem totes aquestes dificultats, condicionants i depend\u00e8ncies de manera m\u00e9s detallada a continuaci\u00f3.<\/span><\/p>\n","protected":false},"excerpt":{"rendered":"<p>En el cas dels possibles models de negoci associats a la producci\u00f3 editorial, tamb\u00e9 podem definir dos grans grups a tenir en compte. Podem diferenciar clarament entre: La digitalitzaci\u00f3 del model de distribuci\u00f3, els nous models purament digitals que s\u00f3n el fruit de les noves potencialitats de l\u2019ecosistema digital i la codificaci\u00f3 digital de la [&hellip;]<\/p>\n","protected":false},"author":1,"featured_media":0,"parent":0,"menu_order":0,"comment_status":"closed","ping_status":"closed","template":"","meta":{"inline_featured_image":false},"acf":[],"_links":{"self":[{"href":"http:\/\/disseny-test.uoc.edu\/materials\/prod-digital\/wp-json\/wp\/v2\/pages\/64"}],"collection":[{"href":"http:\/\/disseny-test.uoc.edu\/materials\/prod-digital\/wp-json\/wp\/v2\/pages"}],"about":[{"href":"http:\/\/disseny-test.uoc.edu\/materials\/prod-digital\/wp-json\/wp\/v2\/types\/page"}],"author":[{"embeddable":true,"href":"http:\/\/disseny-test.uoc.edu\/materials\/prod-digital\/wp-json\/wp\/v2\/users\/1"}],"replies":[{"embeddable":true,"href":"http:\/\/disseny-test.uoc.edu\/materials\/prod-digital\/wp-json\/wp\/v2\/comments?post=64"}],"version-history":[{"count":4,"href":"http:\/\/disseny-test.uoc.edu\/materials\/prod-digital\/wp-json\/wp\/v2\/pages\/64\/revisions"}],"predecessor-version":[{"id":887,"href":"http:\/\/disseny-test.uoc.edu\/materials\/prod-digital\/wp-json\/wp\/v2\/pages\/64\/revisions\/887"}],"wp:attachment":[{"href":"http:\/\/disseny-test.uoc.edu\/materials\/prod-digital\/wp-json\/wp\/v2\/media?parent=64"}],"curies":[{"name":"wp","href":"https:\/\/api.w.org\/{rel}","templated":true}]}}