{"id":77,"date":"2018-01-18T14:08:30","date_gmt":"2018-01-18T14:08:30","guid":{"rendered":"http:\/\/disseny-test.uoc.edu\/materials\/prod-digital\/?page_id=77"},"modified":"2018-01-18T14:08:30","modified_gmt":"2018-01-18T14:08:30","slug":"2-1-introduccio","status":"publish","type":"page","link":"http:\/\/disseny-test.uoc.edu\/materials\/prod-digital\/2-1-introduccio\/","title":{"rendered":"2.1. Introducci\u00f3"},"content":{"rendered":"<p>Al llarg dels dos primers punts d\u2019aquests materials, hem plantejat els grans eixos sobre els quals han de versar les decisions pr\u00e8vies a la realitzaci\u00f3 d\u2019un projecte editorial digital. Ho hem fet des d\u2019un punt de vista conceptual, exposant l\u2019ecosistema en qu\u00e8 aquestes es desenvolupen i les grans relacions que s\u2019estableixen entre objecte, format i opcions comercials.<\/p>\n<p>Ara \u00e9s el moment, al llarg del que resta d\u2019aquesta secci\u00f3, d\u2019entrar en la part m\u00e9s t\u00e8cnica i explicar i valorar les diferents opcions que tenim, les seves caracter\u00edstiques principals, els formats disponibles per a cada opci\u00f3 i els condicionants que aquests impliquen. Hem de con\u00e8ixer el funcionament dels diferents objectes digitals, els formats en qu\u00e8 els podem codificar, els llenguatges implicats i les eines per a treballar-hi.<\/p>\n<p>Per a intentar il\u00b7luminar una mica un proc\u00e9s que pot ser molt tedi\u00f3s per als novells, \u00e9s important entendre que, tot i que establirem una classificaci\u00f3 basada en el tipus d\u2019objecte \u2014llibres digitals, revistes digitals, documents digitals\u2014 (incl\u00f2s en aquest gran grup tot all\u00f2 que no s\u00f3n llibres ni revistes), en alguns casos els formats d\u2019arxiu, i tamb\u00e9 algunes de les eines per a crear-los, s\u00f3n transversals i poden ser usats per a crear objectes diferents.<\/p>\n<p>Plantejarem l\u2019ordre l\u00f2gic que cal seguir per a prendre les decisions t\u00e8cniques i conceptuals que ens permetin arribar a bon port en el desenvolupament del nostre projecte editorial digital.<\/p>\n","protected":false},"excerpt":{"rendered":"<p>Al llarg dels dos primers punts d\u2019aquests materials, hem plantejat els grans eixos sobre els quals han de versar les decisions pr\u00e8vies a la realitzaci\u00f3 d\u2019un projecte editorial digital. Ho hem fet des d\u2019un punt de vista conceptual, exposant l\u2019ecosistema en qu\u00e8 aquestes es desenvolupen i les grans relacions que s\u2019estableixen entre objecte, format i [&hellip;]<\/p>\n","protected":false},"author":1,"featured_media":0,"parent":0,"menu_order":0,"comment_status":"closed","ping_status":"closed","template":"","meta":{"inline_featured_image":false},"acf":[],"_links":{"self":[{"href":"http:\/\/disseny-test.uoc.edu\/materials\/prod-digital\/wp-json\/wp\/v2\/pages\/77"}],"collection":[{"href":"http:\/\/disseny-test.uoc.edu\/materials\/prod-digital\/wp-json\/wp\/v2\/pages"}],"about":[{"href":"http:\/\/disseny-test.uoc.edu\/materials\/prod-digital\/wp-json\/wp\/v2\/types\/page"}],"author":[{"embeddable":true,"href":"http:\/\/disseny-test.uoc.edu\/materials\/prod-digital\/wp-json\/wp\/v2\/users\/1"}],"replies":[{"embeddable":true,"href":"http:\/\/disseny-test.uoc.edu\/materials\/prod-digital\/wp-json\/wp\/v2\/comments?post=77"}],"version-history":[{"count":2,"href":"http:\/\/disseny-test.uoc.edu\/materials\/prod-digital\/wp-json\/wp\/v2\/pages\/77\/revisions"}],"predecessor-version":[{"id":620,"href":"http:\/\/disseny-test.uoc.edu\/materials\/prod-digital\/wp-json\/wp\/v2\/pages\/77\/revisions\/620"}],"wp:attachment":[{"href":"http:\/\/disseny-test.uoc.edu\/materials\/prod-digital\/wp-json\/wp\/v2\/media?parent=77"}],"curies":[{"name":"wp","href":"https:\/\/api.w.org\/{rel}","templated":true}]}}