{"id":79,"date":"2018-01-18T14:11:44","date_gmt":"2018-01-18T14:11:44","guid":{"rendered":"http:\/\/disseny-test.uoc.edu\/materials\/prod-digital\/?page_id=79"},"modified":"2018-01-18T14:11:44","modified_gmt":"2018-01-18T14:11:44","slug":"2-2-1-concepte-definicio-i-formats","status":"publish","type":"page","link":"http:\/\/disseny-test.uoc.edu\/materials\/prod-digital\/2-2-1-concepte-definicio-i-formats\/","title":{"rendered":"2.2.1. Concepte, definici\u00f3 i formats"},"content":{"rendered":"<div class=\"featured featured-blue\"><p>Els <strong>llibres digitals<\/strong> s\u00f3n la remediaci\u00f3 del llibre en paper, el producte protagonista de la ind\u00fastria editorial cl\u00e0ssica.<\/p>\n<\/div>\n<p>En aquest cas, com en la majoria de digitalitzacions d\u2019objectes culturals, ser\u00e0 molt \u00fatil recuperar les caracter\u00edstiques pr\u00f2pies de l\u2019objecte remediat, aquell que \u00e9s origen de l\u2019objecte digital, per tal de ser capa\u00e7os de determinar qu\u00e8 \u00e9s un llibre digital i qu\u00e8 \u00e9s una altra cosa.<\/p>\n<p>Un document digital textual, com \u00e9s evident, no \u00e9s <em>per se<\/em> un llibre digital. Un llibre ha de tenir una estructura i unes caracter\u00edstiques pr\u00f2pies que li donen entitat i, per tant, quan parlem de llibres digitals esperem trobar una gran part de les caracter\u00edstiques formals dels llibres en paper.<\/p>\n<figure id=\"attachment_23\" aria-describedby=\"caption-attachment-23\" style=\"width: 800px\" class=\"wp-caption aligncenter\"><img loading=\"lazy\" class=\"alignnone size-full wp-image-23\" src=\"http:\/\/disseny-test.uoc.edu\/materials\/prod-digital\/wp-content\/uploads\/sites\/6\/2018\/01\/20015_004.jpg\" alt=\"Similituds entre el llibre en paper i el llibre digital\" width=\"800\" height=\"534\" srcset=\"http:\/\/disseny-test.uoc.edu\/materials\/prod-digital\/wp-content\/uploads\/sites\/6\/2018\/01\/20015_004.jpg 800w, http:\/\/disseny-test.uoc.edu\/materials\/prod-digital\/wp-content\/uploads\/sites\/6\/2018\/01\/20015_004-300x200.jpg 300w, http:\/\/disseny-test.uoc.edu\/materials\/prod-digital\/wp-content\/uploads\/sites\/6\/2018\/01\/20015_004-768x513.jpg 768w\" sizes=\"(max-width: 800px) 100vw, 800px\" \/><figcaption id=\"caption-attachment-23\" class=\"wp-caption-text\"><strong>Figura 4.<\/strong> Similituds entre el llibre en paper i el llibre digital<\/figcaption><\/figure>\n<div class=\"featured featured-blue\"><p>Un llibre digital o <em>e-book<\/em> \u00e9s un conjunt d\u2019arxius inform\u00e0tics que recullen les diferents caracter\u00edstiques t\u00e8cniques d\u2019un llibre i els seus continguts: el text, la seva estructura, les imatges i el format, l\u2019estil visual a aplicar, les metadades o informaci\u00f3 sobre el contingut, etc., tots codificats en llenguatges inform\u00e0tics (de programaci\u00f3, per a algunes funcionalitats) per a ser manipulats amb mitjans digitals.<\/p>\n<\/div>\n<p>La seva funci\u00f3 principal \u00e9s presentar text i imatges que siguin visualitzables en un format correcte amb un dispositiu de lectura digital. Per a aconseguir aquesta fita, \u00e9s important que entenguem que un llibre digital abandona el concepte de p\u00e0gina per a generar un corpus de continguts adaptables, en els quals la \u00abp\u00e0gina\u00bb passa a ser un concepte relatiu condicionat a la mida de la pantalla. El text i les imatges canviaran la forma i posici\u00f3 en la pantalla per a adaptar-se a les necessitats d\u2019un dispositiu, un programari lector o les prefer\u00e8ncies de visualitzaci\u00f3 de l\u2019usuari. \u00c9s el que es coneix com a <strong><em>reflow<\/em><\/strong>, i tots els llibres digitals han de ser, per definici\u00f3, <strong><em>reflowables<\/em><\/strong>.<\/p>\n<div class=\"featured featured-blue\"><p><strong><em>Reflow<\/em><\/strong>: Proc\u00e9s consistent en canviar la forma i posici\u00f3 del text i les imatges a la pantalla per tal d&#8217;adaptar-se a les necessitats d&#8217;un dispositiu, un programari lector o les prefer\u00e8ncies de visualitzaci\u00f3 de l&#8217;usuari.<\/p>\n<\/div>\n<div class=\"featured featured-blue\"><p>El conjunt de llenguatges implicats i la codificaci\u00f3 dels arxius t\u00e8cnics dona lloc al que anomenem <strong>format<\/strong>, junt amb el contenidor final.<\/p>\n<\/div>\n<p>Evidentment, hi ha tamb\u00e9 caracter\u00edstiques formals i conceptuals per a determinar qu\u00e8 \u00e9s un llibre digital. Si hem comentat que \u00e9s la remediaci\u00f3 del llibre en paper haur\u00e0 de retenir algunes de les caracter\u00edstiques d\u2019aquest. La caracter\u00edstica principal \u00e9s que un llibre ha de tenir una extensi\u00f3 predeterminada i ha d\u2019explicar una hist\u00f2ria o seguir un fil narratiu, del tipus que sigui per\u00f2 complet. Aix\u00f2 \u00e9s especialment clar quan parlem de narrativa (novel\u00b7la, conte, faula, etc.) i no tan evident quan parlem d\u2019altres g\u00e8neres literaris com l\u2019assaig. Per\u00f2 si analitzem amb una mica m\u00e9s d\u2019atenci\u00f3 la majoria de g\u00e8neres literaris, ens adonarem que podem concloure, sense gaire marge d\u2019error, que en la majoria dels casos la hist\u00f2ria que el llibre explica, sigui quina sigui la tipologia, \u00e9s tancada i completa.<\/p>\n<p>Aquest fet \u00e9s especialment important en el gran moment d\u2019explosi\u00f3 que han viscut les apps (aplicacions inform\u00e0tiques), fruit de l\u2019expansi\u00f3 dels dispositius m\u00f2bils i l\u2019aparici\u00f3 d\u2019eines que en faciliten el proc\u00e9s de creaci\u00f3. Quan hom crea una aplicaci\u00f3 inform\u00e0tica, que tot i estar basada en continguts textuals o gr\u00e0fics, tot i tenir una hist\u00f2ria predeterminada, t\u00e9 un alt grau d\u2019interactivitat amb el lector i per tant dona espai a una experi\u00e8ncia m\u00e9s propera al joc que a l\u2019experi\u00e8ncia lectora, dif\u00edcilment podr\u00e0 dir que ha creat un llibre digital. Encara que aquesta aplicaci\u00f3 es digui La Caputxeta Vermella i es basi en el text d\u2019aquest conte cl\u00e0ssic, si jo creo una experi\u00e8ncia digital en qu\u00e8, sobre la base d\u2019un entorn reproductiu interactiu i din\u00e0mic, reprodueixo la hist\u00f2ria d\u2019un conte o novel\u00b7la, el que estic fent \u00e9s crear un nou objecte digital que es basa en el contingut d\u2019un llibre. Estic creant una aplicaci\u00f3 inform\u00e0tica, un videojoc o una hist\u00f2ria interactiva, que t\u00e9 caracter\u00edstiques diferents.<\/p>\n<p>I aquesta difer\u00e8ncia conceptual es materialitza tamb\u00e9 a l\u2019hora de crear digitalment aquests objectes. Mentre que un llibre digital \u00e9s una publicaci\u00f3 principalment textual, el resultat de la qual \u00e9s un arxiu que ha de ser llegit amb un programari lector, en el cas de les aplicacions inform\u00e0tiques aquestes s\u2019instal\u00b7len al sistema operatiu que pertoqui i funcionen de manera independent.<\/p>\n<p>Pel que fa als processos de creaci\u00f3 i les eines i compet\u00e8ncies necess\u00e0ries, mentre que podem crear els llibres digitals amb programari intermediari, o amb llenguatges de marcatge sem\u00e0ntic i estilat de continguts, per a crear una aplicaci\u00f3 m\u00f2bil, encara que usem programari d\u2019ajuda, haurem d\u2019aprendre a programar.<\/p>\n<p>Les vies de distribuci\u00f3 tamb\u00e9 s\u00f3n diferents i cada objecte t\u00e9 els seus propis portals comercials per a distribuir continguts, que normalment no s\u00f3n compatibles entre ells.<\/p>\n<p>A difer\u00e8ncia d\u2019altres tipologies publicables, el lector no interv\u00e9 en la resoluci\u00f3 de la narrativa d\u2019un llibre, no t\u00e9 cap paper sobre la determinaci\u00f3 d\u2019aquesta, fins i tot en iniciatives en qu\u00e8 el lector pot prendre alguna decisi\u00f3 escollint entre una resoluci\u00f3 o una altra; en realitat, el que tenim s\u00f3n diferents hist\u00f2ries tancades i en paral\u00b7lel.<\/p>\n<div class=\"featured featured-blue\"><p>Els formats principals per a crear llibres digitals que s\u2019usen actualment, i que definirem detalladament a continuaci\u00f3, s\u00f3n EPUB i KF8 (Amazon).<\/p>\n<\/div>\n<p>Per una banda, hi ha el format <strong>EPUB<\/strong>, que \u00e9s l\u2019est\u00e0ndard lliure per a les publicacions digitals impulsat per l\u2019IDPF (<em>International Digital Publishing Forum<\/em>, ara fusionat amb el W3C) que ha copat progressivament el mercat dels llibres digitals. Per altra banda, hi ha el format propietat de l\u2019empresa Amazon, que actualment s\u2019anomena <strong>KF8<\/strong> i que ens permet vendre el producte a la gran llibreria en l\u00ednia de la mateixa empresa. Si analitzem el mercat actual ens adonarem que la gran majoria dels llibres digitals que no es venen a Amazon s\u00f3n creats en format EPUB.<\/p>\n<p>\u00c9s cert que hi ha m\u00e9s formats en qu\u00e8 \u00e9s possible publicar un llibre digital, per\u00f2, o han quedat obsolets, i sense compatibilitat amb els lectors de llibres electr\u00f2nics i el programari lector actual, o s\u00f3n poc eficients t\u00e8cnicament i comercial per la seva poca implantaci\u00f3 en el mercat.<\/p>\n","protected":false},"excerpt":{"rendered":"<p>En aquest cas, com en la majoria de digitalitzacions d\u2019objectes culturals, ser\u00e0 molt \u00fatil recuperar les caracter\u00edstiques pr\u00f2pies de l\u2019objecte remediat, aquell que \u00e9s origen de l\u2019objecte digital, per tal de ser capa\u00e7os de determinar qu\u00e8 \u00e9s un llibre digital i qu\u00e8 \u00e9s una altra cosa. Un document digital textual, com \u00e9s evident, no \u00e9s [&hellip;]<\/p>\n","protected":false},"author":1,"featured_media":0,"parent":0,"menu_order":0,"comment_status":"closed","ping_status":"closed","template":"","meta":{"inline_featured_image":false},"acf":[],"_links":{"self":[{"href":"http:\/\/disseny-test.uoc.edu\/materials\/prod-digital\/wp-json\/wp\/v2\/pages\/79"}],"collection":[{"href":"http:\/\/disseny-test.uoc.edu\/materials\/prod-digital\/wp-json\/wp\/v2\/pages"}],"about":[{"href":"http:\/\/disseny-test.uoc.edu\/materials\/prod-digital\/wp-json\/wp\/v2\/types\/page"}],"author":[{"embeddable":true,"href":"http:\/\/disseny-test.uoc.edu\/materials\/prod-digital\/wp-json\/wp\/v2\/users\/1"}],"replies":[{"embeddable":true,"href":"http:\/\/disseny-test.uoc.edu\/materials\/prod-digital\/wp-json\/wp\/v2\/comments?post=79"}],"version-history":[{"count":1,"href":"http:\/\/disseny-test.uoc.edu\/materials\/prod-digital\/wp-json\/wp\/v2\/pages\/79\/revisions"}],"predecessor-version":[{"id":80,"href":"http:\/\/disseny-test.uoc.edu\/materials\/prod-digital\/wp-json\/wp\/v2\/pages\/79\/revisions\/80"}],"wp:attachment":[{"href":"http:\/\/disseny-test.uoc.edu\/materials\/prod-digital\/wp-json\/wp\/v2\/media?parent=79"}],"curies":[{"name":"wp","href":"https:\/\/api.w.org\/{rel}","templated":true}]}}