{"id":87,"date":"2018-01-18T17:20:44","date_gmt":"2018-01-18T17:20:44","guid":{"rendered":"http:\/\/disseny-test.uoc.edu\/materials\/prod-digital\/?page_id=87"},"modified":"2018-01-22T18:27:17","modified_gmt":"2018-01-22T18:27:17","slug":"2-2-3-kf8-amazon-kindle-format","status":"publish","type":"page","link":"http:\/\/disseny-test.uoc.edu\/materials\/prod-digital\/2-2-3-kf8-amazon-kindle-format\/","title":{"rendered":"2.2.3. KF8 (Amazon Kindle Format)"},"content":{"rendered":"<div class=\"featured featured-blue\"><p>KF8 (tamb\u00e9 anomenat AZW3) \u00e9s, b\u00e0sicament, un arxiu EPUB compilat usant determinades caracter\u00edstiques t\u00e8cniques, pr\u00f2pies del sistema d\u2019Amazon.<\/p>\n<\/div>\n<p>A difer\u00e8ncia d\u2019EPUB, el format KF8 d\u2019Amazon (anteriorment AZW i abans mobipocket) \u00e9s un <strong>format propietari<\/strong>. Aix\u00f2 vol dir que no tenim acc\u00e9s directe al codi amb qu\u00e8 est\u00e0 marcat el contingut del llibre, ni el podem modificar per a adaptar-lo a les nostres necessitats t\u00e8cniques, com s\u00ed que podem fer amb qualsevol est\u00e0ndard obert. Amazon, com a propiet\u00e0ria del format, decideix quines s\u00f3n les plataformes en qu\u00e8 aquest es pot distribuir i quines s\u00f3n les seves caracter\u00edstiques t\u00e8cniques. Si volem usar el contingut fora de l\u2019ecosistema que l\u2019empresa ens proposa, l\u2019haurem de transformar en un altre format.<\/p>\n<p>Aix\u00ed, quan vulguem crear un llibre digital per a aquest format, seguirem un conjunt de passos predefinits per a acabar publicant el contingut en el portal d\u2019Amazon i vendre\u2019l com a <em>e-book<\/em> per a l\u2019ecosistema Kindle. Aquest ecosistema est\u00e0 format pels diferents lectors de llibres electr\u00f2nics fabricats per Amazon i l\u2019aplicaci\u00f3 de lectura que ofereixen per als altres sistemes i dispositius. No \u00e9s possible, sense conversi\u00f3 o acc\u00e9s a mesures il\u00b7legals, accedir al contingut editat amb aquest format per cap altra via.<\/p>\n<p>M\u00e9s informaci\u00f3: <a href=\"http:\/\/disseny-test.uoc.edu\/materials\/prod-digital\/3-4-3-creacio-dun-arxiu-kf8-per-a-lecosistema-damazon\/\" target=\"_blank\" rel=\"noopener\">3.4.3 \u00abCreaci\u00f3 d\u2019un arxiu KF8 (per a l\u2019ecosistema d\u2019Amazon)\u00bb<\/a><\/p>\n<p>Per a crear un llibre digital en format KF8, ho podrem fer de manera autom\u00e0tica, important contingut pr\u00e8viament editat amb l\u2019eina en l\u00ednia d\u2019Amazon i seguint les indicacions del Kindle Direct Publishing, o usant el programari que Amazon ens ofereix per a convertir arxius al format KF8.<\/p>\n<figure id=\"attachment_24\" aria-describedby=\"caption-attachment-24\" style=\"width: 800px\" class=\"wp-caption aligncenter\"><img loading=\"lazy\" class=\"alignnone size-full wp-image-24\" src=\"http:\/\/disseny-test.uoc.edu\/materials\/prod-digital\/wp-content\/uploads\/sites\/6\/2018\/01\/20015_005.jpg\" alt=\"Captura de la secci\u00f3 per a la gesti\u00f3 de publicacions i creaci\u00f3 de nous llibres\" width=\"800\" height=\"419\" srcset=\"http:\/\/disseny-test.uoc.edu\/materials\/prod-digital\/wp-content\/uploads\/sites\/6\/2018\/01\/20015_005.jpg 800w, http:\/\/disseny-test.uoc.edu\/materials\/prod-digital\/wp-content\/uploads\/sites\/6\/2018\/01\/20015_005-300x157.jpg 300w, http:\/\/disseny-test.uoc.edu\/materials\/prod-digital\/wp-content\/uploads\/sites\/6\/2018\/01\/20015_005-768x402.jpg 768w\" sizes=\"(max-width: 800px) 100vw, 800px\" \/><figcaption id=\"caption-attachment-24\" class=\"wp-caption-text\"><strong>Figura 5.<\/strong> Captura de la secci\u00f3 per a la gesti\u00f3 de publicacions i creaci\u00f3 de nous llibres<\/figcaption><\/figure>\n<p>Sigui com sigui, en tots els casos haurem d\u2019haver editat pr\u00e8viament el contingut amb algun editor de textos, o directament en HTML, abans de convertir-lo al format KF8.<\/p>\n<p>Les <strong>caracter\u00edstiques principals<\/strong> de KF8 s\u00f3n les seg\u00fcents:<\/p>\n<ul>\n<li>Suport per a HTML 5 (funcionalitat basada en EPUB3).<\/li>\n<li>Suport per a CSS (tamb\u00e9 CSS3).<\/li>\n<li><em>Popups<\/em> per al text amb funcionalitat pr\u00f2pia.<\/li>\n<li><em>Fixed layouts<\/em> (amb un sistema propi diferent de l\u2019est\u00e0ndard).<\/li>\n<li>Fonts afegides per a assegurar-ne la visualitzaci\u00f3.<\/li>\n<li>SVG (gr\u00e0fics adaptables).<\/li>\n<\/ul>\n<p>La recomanaci\u00f3 d\u2019Amazon \u00e9s que treballem amb el format DOCX seguint les <a href=\"https:\/\/kdp.amazon.com\/es_ES\/help\/topic\/A17W8UM0MMSQX6\" target=\"_blank\" rel=\"noopener\">instruccions d\u2019edici\u00f3<\/a> de la seva web. \u00c9s important tenir clar en aquest moment que en el cas del format KF8, a difer\u00e8ncia d\u2019EPUB, no tenim acc\u00e9s a una especificaci\u00f3 t\u00e8cnica que ens indica com funciona el format, quins s\u00f3n els llenguatges implicats, etc., i ens hem de limitar a seguir les instruccions que ens ofereix Amazon.<\/p>\n<p>Aquest fet, tot i que pot ser molt \u00fatil en l\u2019inici del treball amb la producci\u00f3 editorial digital, acaba essent una limitaci\u00f3 t\u00e8cnica important. Aix\u00f2 \u00e9s aix\u00ed perqu\u00e8 els resultats obtinguts no sempre s\u00f3n \u00f2ptims, i sense control sobre el codi del llibre poca cosa podem fer m\u00e9s enll\u00e0 de treballar amb un m\u00e8tode d\u2019assaig i error.<\/p>\n<table>\n<thead>\n<tr>\n<th>Avantatges principals<\/th>\n<th>Inconvenients principals<\/th>\n<\/tr>\n<\/thead>\n<tbody>\n<tr>\n<td>\n<ol>\n<li>Facilitat en la creaci\u00f3 de llibres senzills, automatitzaci\u00f3 del proc\u00e9s.<\/li>\n<li>Sense necessitat de coneixements t\u00e8cnics de cap tipus, per a treballs senzills.<\/li>\n<li>Possibilitat de treballar directament amb un editor de textos convencional com Word, amb un format de text molt usat en la ind\u00fastria editorial i amb el qual solen treballar els autors.<\/li>\n<li>Acc\u00e9s a una plataforma de venda molt potent i amb un gran volum de clients potencials.<\/li>\n<li>Bona adaptaci\u00f3 als diferents dispositius de lectura (disseny adaptable).<\/li>\n<\/ol>\n<\/td>\n<td>\n<ol>\n<li>Limitacions contractuals per a la venda que impliquen usar el portal d\u2019Amazon, cedir el 30% dels beneficis de venda com a m\u00ednim, en molts casos fins el 65% si no donem exclusivitat a Amazon, i acceptar les pol\u00edtiques de preus i condicions que Amazon imposa sobre els llibres.<\/li>\n<li>Incapacitat d\u2019accedir a les entranyes del format per a editar-lo i adaptar-lo a les nostres necessitats. Si b\u00e9 podem, amb el guany d\u2019expertesa, arribar a controlar for\u00e7a el resultat visual final del llibre, no podrem accedir als arxius t\u00e8cnics que el formen ni modificar-ne les caracter\u00edstiques.<\/li>\n<li>El fet d\u2019usar formats propietari* per a crear continguts editorials digitals implica, al marge de consideracions \u00e8tiques o socials que afecten la conservaci\u00f3 del coneixement, que estarem lligats a les decisions unilaterals que l\u2019empresa prengui, tant t\u00e8cnicament i d\u2019evoluci\u00f3 del format com comercialment i de condicions de venta, beneficis, etc.<\/li>\n<li>Impossibilitat d\u2019accedir a un p\u00fablic lector que accedeix a continguts mitjan\u00e7ant lectors de tinta electr\u00f2nica que no s\u00f3n de l\u2019empresa Amazon, un sector prou important en un mercat en qu\u00e8 la renovaci\u00f3 dels dispositius \u00e9s molt m\u00e9s lenta.<\/li>\n<\/ol>\n<\/td>\n<\/tr>\n<\/tbody>\n<\/table>\n<div class=\"tablefooter\"><p>*\u00a0 Cal tenir en compte aquest fet a l\u2019hora de prendre la decisi\u00f3 sobre quin format escollir per a un llibre digital i sobre si \u00e9s interessant generar una producci\u00f3 multiformat per a accedir a diferents opcions t\u00e8cniques i comercials.<\/p>\n<\/div>\n","protected":false},"excerpt":{"rendered":"<p>A difer\u00e8ncia d\u2019EPUB, el format KF8 d\u2019Amazon (anteriorment AZW i abans mobipocket) \u00e9s un format propietari. Aix\u00f2 vol dir que no tenim acc\u00e9s directe al codi amb qu\u00e8 est\u00e0 marcat el contingut del llibre, ni el podem modificar per a adaptar-lo a les nostres necessitats t\u00e8cniques, com s\u00ed que podem fer amb qualsevol est\u00e0ndard obert. [&hellip;]<\/p>\n","protected":false},"author":1,"featured_media":0,"parent":0,"menu_order":0,"comment_status":"closed","ping_status":"closed","template":"","meta":{"inline_featured_image":false},"acf":[],"_links":{"self":[{"href":"http:\/\/disseny-test.uoc.edu\/materials\/prod-digital\/wp-json\/wp\/v2\/pages\/87"}],"collection":[{"href":"http:\/\/disseny-test.uoc.edu\/materials\/prod-digital\/wp-json\/wp\/v2\/pages"}],"about":[{"href":"http:\/\/disseny-test.uoc.edu\/materials\/prod-digital\/wp-json\/wp\/v2\/types\/page"}],"author":[{"embeddable":true,"href":"http:\/\/disseny-test.uoc.edu\/materials\/prod-digital\/wp-json\/wp\/v2\/users\/1"}],"replies":[{"embeddable":true,"href":"http:\/\/disseny-test.uoc.edu\/materials\/prod-digital\/wp-json\/wp\/v2\/comments?post=87"}],"version-history":[{"count":3,"href":"http:\/\/disseny-test.uoc.edu\/materials\/prod-digital\/wp-json\/wp\/v2\/pages\/87\/revisions"}],"predecessor-version":[{"id":564,"href":"http:\/\/disseny-test.uoc.edu\/materials\/prod-digital\/wp-json\/wp\/v2\/pages\/87\/revisions\/564"}],"wp:attachment":[{"href":"http:\/\/disseny-test.uoc.edu\/materials\/prod-digital\/wp-json\/wp\/v2\/media?parent=87"}],"curies":[{"name":"wp","href":"https:\/\/api.w.org\/{rel}","templated":true}]}}