{"id":91,"date":"2018-01-18T17:32:36","date_gmt":"2018-01-18T17:32:36","guid":{"rendered":"http:\/\/disseny-test.uoc.edu\/materials\/prod-digital\/?page_id=91"},"modified":"2018-01-18T21:13:48","modified_gmt":"2018-01-18T21:13:48","slug":"2-2-5-ibooks-author-format","status":"publish","type":"page","link":"http:\/\/disseny-test.uoc.edu\/materials\/prod-digital\/2-2-5-ibooks-author-format\/","title":{"rendered":"2.2.5. iBooks Author Format"},"content":{"rendered":"<div class=\"featured featured-blue\"><p>El format iBooks Author (IBA\/.ibooks) \u00e9s un format propietari de l\u2019empesa Apple. \u00c9s un format que nom\u00e9s podem crear amb l\u2019editor iBooks Author, \u00fanicament disponible per al sistema operatiu OS, i que nom\u00e9s pot ser llegit pels dispositius creats per la mateixa empresa.<\/p>\n<\/div>\n<p>Aquest programari ha perm\u00e8s als novells accedir a funcionalitats for\u00e7a avan\u00e7ades de la publicaci\u00f3 digital mitjan\u00e7ant una eina d\u2019automatitzaci\u00f3 que permet treballar sense con\u00e8ixer t\u00e8cnicament qu\u00e8 est\u00e0 passant darrere de l\u2019editor visual, una iniciativa interessant per a crear propostes interactives senzilles per a l\u2019entorn d\u2019Apple sense la necessitat de fer l\u2019esfor\u00e7 d\u2019aprendre els llenguatges t\u00e8cnics que ho fan possible. Aquestes funcionalitats afegides, per\u00f2, s\u00f3n limitades i dependents dels <em>presets<\/em> i <em>widgets<\/em> que ens ofereix el programa.<\/p>\n<p>T\u00e8cnicament, el format iBooks \u00e9s un arxiu en EPUB al qual s\u2019apliquen algunes modificacions t\u00e8cniques i nom\u00e9s usable en l\u2019<a href=\"javascript:void(0);\" class=\"tooltip\" data-toggle=\"popover\" data-placement=\"bottom\" data-content=\"El format per al programa iBooks Author, la venda d\u2019exemplars a iBooks Store i el consum d\u2019aquests amb els dispositius propis de la marca.\" data-placement=\"top\" data-html=\"true\" >ecosistema propi d\u2019Apple<\/a>.\u00a0Un arxiu iBooks no pot ser llegit sense conversi\u00f3 en cap altre entorn de programari.<\/p>\n<p>El problema principal d\u2019aquest format, per\u00f2, que t\u00e8cnicament compleix molts dels requisits necessaris per a produir publicacions editorials digitals solvents, rau en els termes i condicions del format i de l\u2019aplicaci\u00f3 per a crear-lo. iBooks \u00e9s un format propietari, l\u2019\u00fas del qual est\u00e0 condicionat per les condicions que ens imposa la marca Apple. Aix\u00f2 vol dir que, a difer\u00e8ncia d\u2019EPUB, el format resultant del llibre ser\u00e0 propietat de la marca, tal com ho indiquen els termes i condicions. \u00c9s cert que el contingut continuar\u00e0 essent nostre, i que el podrem usar en altres entorns (via exportaci\u00f3), per\u00f2 el llibre digital per si mateix en format iBook, l\u2019arxiu que podem distribuir i vendre, estar\u00e0 vinculat a les condicions d\u2019Apple i nom\u00e9s podr\u00e0 ser venut al seu propi portal.<\/p>\n<p>Aix\u00f2 pot ser un problema greu si volem sortir del sistema d\u2019Apple i vendre el nostre producte en altres mercats, ja que haurem de recrear el llibre amb altres editors, i en un altre format, per a poder-lo distribuir sense el perill d\u2019incomplir les condicions contractuals d\u2019Apple. Si usem el programa de creaci\u00f3 iBooks Author tamb\u00e9 podrem exportar el contingut a <a href=\"javascript:void(0);\" class=\"tooltip\" data-toggle=\"popover\" data-placement=\"bottom\" data-content=\"Fruit de les modificacions en els termes i condicions aplicats el 2012, si l\u2019arxiu creat amb iBooks Author s\u2019exporta al format EPUB o PDF amb el propi programa el podrem vendre fora de l\u2019ecosistema d\u2019Apple.\" data-placement=\"top\" data-html=\"true\" >altres formats<\/a>,\u00a0perdent les funcionalitats extres que ens aporta aquest format per\u00f2 obrint el mercat a altres entorns. Quedar\u00e0 prendre la decisi\u00f3 sobre si, at\u00e8s que no podrem usar les funcionalitats extres del programa si no usem el format iBooks, val la pena acceptar les condicions que se\u2019ns imposen i usar-lo o decantar-nos per un altre editor m\u00e9s adequat.<\/p>\n","protected":false},"excerpt":{"rendered":"<p>Aquest programari ha perm\u00e8s als novells accedir a funcionalitats for\u00e7a avan\u00e7ades de la publicaci\u00f3 digital mitjan\u00e7ant una eina d\u2019automatitzaci\u00f3 que permet treballar sense con\u00e8ixer t\u00e8cnicament qu\u00e8 est\u00e0 passant darrere de l\u2019editor visual, una iniciativa interessant per a crear propostes interactives senzilles per a l\u2019entorn d\u2019Apple sense la necessitat de fer l\u2019esfor\u00e7 d\u2019aprendre els llenguatges t\u00e8cnics [&hellip;]<\/p>\n","protected":false},"author":1,"featured_media":0,"parent":0,"menu_order":0,"comment_status":"closed","ping_status":"closed","template":"","meta":{"inline_featured_image":false},"acf":[],"_links":{"self":[{"href":"http:\/\/disseny-test.uoc.edu\/materials\/prod-digital\/wp-json\/wp\/v2\/pages\/91"}],"collection":[{"href":"http:\/\/disseny-test.uoc.edu\/materials\/prod-digital\/wp-json\/wp\/v2\/pages"}],"about":[{"href":"http:\/\/disseny-test.uoc.edu\/materials\/prod-digital\/wp-json\/wp\/v2\/types\/page"}],"author":[{"embeddable":true,"href":"http:\/\/disseny-test.uoc.edu\/materials\/prod-digital\/wp-json\/wp\/v2\/users\/1"}],"replies":[{"embeddable":true,"href":"http:\/\/disseny-test.uoc.edu\/materials\/prod-digital\/wp-json\/wp\/v2\/comments?post=91"}],"version-history":[{"count":2,"href":"http:\/\/disseny-test.uoc.edu\/materials\/prod-digital\/wp-json\/wp\/v2\/pages\/91\/revisions"}],"predecessor-version":[{"id":129,"href":"http:\/\/disseny-test.uoc.edu\/materials\/prod-digital\/wp-json\/wp\/v2\/pages\/91\/revisions\/129"}],"wp:attachment":[{"href":"http:\/\/disseny-test.uoc.edu\/materials\/prod-digital\/wp-json\/wp\/v2\/media?parent=91"}],"curies":[{"name":"wp","href":"https:\/\/api.w.org\/{rel}","templated":true}]}}