{"id":97,"date":"2018-01-18T17:40:37","date_gmt":"2018-01-18T17:40:37","guid":{"rendered":"http:\/\/disseny-test.uoc.edu\/materials\/prod-digital\/?page_id=97"},"modified":"2018-01-18T17:40:37","modified_gmt":"2018-01-18T17:40:37","slug":"2-3-1-formats-i-opcions","status":"publish","type":"page","link":"http:\/\/disseny-test.uoc.edu\/materials\/prod-digital\/2-3-1-formats-i-opcions\/","title":{"rendered":"2.3.1. Formats i opcions"},"content":{"rendered":"<div class=\"featured featured-blue\"><p>En el cas de les revistes digitals, l\u2019exposici\u00f3 del seu ecosistema i dels formats habituals de creaci\u00f3 \u00e9s molt m\u00e9s senzilla, ja que la transici\u00f3 cap al model en l\u00ednia \u00e9s gaireb\u00e9 completa en aquest cas.<\/p>\n<\/div>\n<p>La majoria de revistes de nova creaci\u00f3 usen l\u2019entorn de la xarxa per a distribuir continguts, i en el cas de les revistes cl\u00e0ssiques en paper, en la majoria dels casos, ja ofereixen una reproducci\u00f3 del contingut digitalitzat i disponible en l\u00ednia.<\/p>\n<p>Les revistes digitals s\u00f3n la versi\u00f3 digital de les revistes convencionals i en recullen les caracter\u00edstiques principals. Una <strong>revista<\/strong> \u00e9s una publicaci\u00f3 peri\u00f2dica que, a difer\u00e8ncia de la premsa di\u00e0ria, aprofundeix m\u00e9s en el tractament dels temes que les ocupen. Poden ser de tem\u00e0tiques diverses i encara les trobem habitualment al quiosc, tot i que cada cop en menor mesura. En molts casos una <strong>revista digital<\/strong> pot ser molt similar als diaris digitals o a alguns blogs, per\u00f2 normalment \u00e9s el tipus de contingut i la manera de tractar-lo el que diferencia aquest tipus de publicacions.<\/p>\n<figure id=\"attachment_25\" aria-describedby=\"caption-attachment-25\" style=\"width: 640px\" class=\"wp-caption aligncenter\"><img loading=\"lazy\" class=\"alignnone size-full wp-image-25\" src=\"http:\/\/disseny-test.uoc.edu\/materials\/prod-digital\/wp-content\/uploads\/sites\/6\/2018\/01\/20015_006.jpg\" alt=\"Exemples de revistes\" width=\"640\" height=\"426\" srcset=\"http:\/\/disseny-test.uoc.edu\/materials\/prod-digital\/wp-content\/uploads\/sites\/6\/2018\/01\/20015_006.jpg 640w, http:\/\/disseny-test.uoc.edu\/materials\/prod-digital\/wp-content\/uploads\/sites\/6\/2018\/01\/20015_006-300x200.jpg 300w\" sizes=\"(max-width: 640px) 100vw, 640px\" \/><figcaption id=\"caption-attachment-25\" class=\"wp-caption-text\"><strong>Figura 6.<\/strong> Exemples de revistes<\/figcaption><\/figure>\n<p>La creaci\u00f3 d\u2019una revista digital, per tant, dependr\u00e0 molt del contingut que l\u2019ocupi, ja que no pot rebre el mateix tractament un contingut purament textual, basat en la investigaci\u00f3 i la reflexi\u00f3 a l\u2019entorn de temes concrets, que un contingut eminentment gr\u00e0fic basat en les fotografies, el dibuix, etc. Caldr\u00e0 tenir en compte la tem\u00e0tica de la revista a l\u2019hora d\u2019escollir quines eines, formats i entorns usem per a publicar-la. La periodicitat en la publicaci\u00f3 de nous continguts, i el nombre i tipus de participants d\u2019aquesta, determinaran tamb\u00e9 les decisions t\u00e8cniques a prendre.<\/p>\n<p>En un primer moment la digitalitzaci\u00f3 de les revistes es va dur a terme sobre suports f\u00edsics (CD, DVD, etc.) i, majorit\u00e0riament, en format PDF. Aix\u00f2 era aix\u00ed perqu\u00e8 la desc\u00e0rrega de continguts amb afegits multim\u00e8dia (imatges i v\u00eddeos principalment) era molt complexa amb les primeres connexions a la xarxa, molt lentes, inestables i amb un alt cos de connexi\u00f3. A poc a poc, per\u00f2, amb l\u2019abaratiment de la connexi\u00f3 a la xarxa i l\u2019augment de la velocitat d\u2019aquesta la gran majoria de revistes importants s\u2019han despla\u00e7at a la xarxa, de manera que ofereixen contingut en l\u00ednia, actualitzat i accessible des de qualsevol dispositiu digital.<\/p>\n<p>Aix\u00ed, tot i que encara podem trobar-nos casos en qu\u00e8 els articles s\u00f3n molt llargs, o de lectura feixuga, i podem descarregar el contingut d\u2019una publicaci\u00f3 (generalment en PDF), en la majoria dels casos, sia amb un gestor de continguts propi (CMS, del qual parlarem posteriorment) o amb algun dels portals de publicaci\u00f3 en l\u00ednia, com Google Play Quiosc, el contingut d\u2019una revista digital estar\u00e0 disponible en l\u00ednia i, per tant, usar\u00e0 eines i llenguatges propis de la web.<\/p>\n<h4><strong>Formats i opcions per a les revistes digitals<\/strong><\/h4>\n<p>Tal com hem dit, aqu\u00ed el proc\u00e9s d\u2019elecci\u00f3 ser\u00e0 molt m\u00e9s senzill. Cal plantejar dues consideracions inicials a l\u2019hora de prendre la decisi\u00f3 sobre el format o l\u2019entorn en qu\u00e8 publicar una revista digital:<\/p>\n<ol>\n<li><strong>Determinar si volem publicar el contingut directament en l\u00ednia, amb una web o un gestor de continguts, o si volem que estigui disponible per a desc\u00e0rrega i lectura fora de l\u00ednia.<\/strong> Aquesta decisi\u00f3 \u00e9s crucial perqu\u00e8 les aproximacions t\u00e8cniques s\u00f3n molt diferents en cada cas. Si necessitem un arxiu de desc\u00e0rrega, i aquesta \u00e9s l\u2019\u00fanica via en qu\u00e8 oferirem el contingut, haurem d\u2019usar programari que ens permeti encapsular el contingut en un sol arxiu descarregable i llegible per la majoria de sistemes operatius actuals. Si, al contrari, publiquem el contingut en l\u00ednia, usarem programari per a la web que ens ajudi a construir un portal accessible i disponible a la xarxa.<\/li>\n<li><strong>Determinar, en funci\u00f3 del contingut sobre el qual versi la revista, quin \u00e9s l\u2019entorn t\u00e8cnic que encaixa millor amb l\u2019objectiu de la publicaci\u00f3.<\/strong> Prendrem aquesta decisi\u00f3 tenint en compte si la publicaci\u00f3 pot ser <em>reflowable<\/em>, i adaptar-se a la mida de la pantalla i el programari lector modificant la ubicaci\u00f3 dels elements els uns respecte dels altres, o si, al contrari, necessitem una posici\u00f3 i relaci\u00f3 fixa entre el text i les imatges per a transmetre correctament el missatge (<em>fixed layout<\/em>).<\/li>\n<\/ol>\n<p>En la majoria dels casos, la resposta de les dues preguntes anteriors ens portar\u00e0 directament a l\u2019\u00fas dels llenguatges web i a entorns de programari pensats per a treballar amb continguts en l\u00ednia.<\/p>\n<p>Vegem a continuaci\u00f3 les opcions m\u00e9s habituals per a crear revistes digitals. En aquest cas, per\u00f2, tot i que mantenim la nomenclatura de formats, veurem r\u00e0pidament que algunes de les opcions no s\u00f3n formats sin\u00f3 aplicacions inform\u00e0tiques.<\/p>\n","protected":false},"excerpt":{"rendered":"<p>La majoria de revistes de nova creaci\u00f3 usen l\u2019entorn de la xarxa per a distribuir continguts, i en el cas de les revistes cl\u00e0ssiques en paper, en la majoria dels casos, ja ofereixen una reproducci\u00f3 del contingut digitalitzat i disponible en l\u00ednia. Les revistes digitals s\u00f3n la versi\u00f3 digital de les revistes convencionals i en [&hellip;]<\/p>\n","protected":false},"author":1,"featured_media":0,"parent":0,"menu_order":0,"comment_status":"closed","ping_status":"closed","template":"","meta":{"inline_featured_image":false},"acf":[],"_links":{"self":[{"href":"http:\/\/disseny-test.uoc.edu\/materials\/prod-digital\/wp-json\/wp\/v2\/pages\/97"}],"collection":[{"href":"http:\/\/disseny-test.uoc.edu\/materials\/prod-digital\/wp-json\/wp\/v2\/pages"}],"about":[{"href":"http:\/\/disseny-test.uoc.edu\/materials\/prod-digital\/wp-json\/wp\/v2\/types\/page"}],"author":[{"embeddable":true,"href":"http:\/\/disseny-test.uoc.edu\/materials\/prod-digital\/wp-json\/wp\/v2\/users\/1"}],"replies":[{"embeddable":true,"href":"http:\/\/disseny-test.uoc.edu\/materials\/prod-digital\/wp-json\/wp\/v2\/comments?post=97"}],"version-history":[{"count":1,"href":"http:\/\/disseny-test.uoc.edu\/materials\/prod-digital\/wp-json\/wp\/v2\/pages\/97\/revisions"}],"predecessor-version":[{"id":98,"href":"http:\/\/disseny-test.uoc.edu\/materials\/prod-digital\/wp-json\/wp\/v2\/pages\/97\/revisions\/98"}],"wp:attachment":[{"href":"http:\/\/disseny-test.uoc.edu\/materials\/prod-digital\/wp-json\/wp\/v2\/media?parent=97"}],"curies":[{"name":"wp","href":"https:\/\/api.w.org\/{rel}","templated":true}]}}