{"id":99,"date":"2018-01-18T17:45:25","date_gmt":"2018-01-18T17:45:25","guid":{"rendered":"http:\/\/disseny-test.uoc.edu\/materials\/prod-digital\/?page_id=99"},"modified":"2018-01-30T13:42:10","modified_gmt":"2018-01-30T13:42:10","slug":"2-3-2-content-system-manager-cms","status":"publish","type":"page","link":"http:\/\/disseny-test.uoc.edu\/materials\/prod-digital\/2-3-2-content-system-manager-cms\/","title":{"rendered":"2.3.2. <em>Content System Manager<\/em> (CMS)"},"content":{"rendered":"<div class=\"featured featured-blue\"><p>L\u2019opci\u00f3 m\u00e9s habitual per a crear continguts textuals de publicaci\u00f3 peri\u00f2dica a la xarxa \u00e9s usar gestors de continguts o CMS.<\/p>\n<\/div>\n<p>Aquestes aplicacions web permeten publicar contingut en l\u00ednia amb control del format i de les versions de publicaci\u00f3, generar una indexaci\u00f3 avan\u00e7ada d\u2019aquest, l\u2019afegit de contingut multim\u00e8dia, i l\u2019\u00fas de complements per a funcionalitats concretes (publicitat, xarxes socials, tipologies de contingut, etc.) en un entorn en l\u00ednia interactiu.<\/p>\n<p>S\u00f3n sistemes com <a href=\"http:\/\/www.wordpress.com\" target=\"_blank\" rel=\"noopener\">WordPress<\/a>, molt popular per a crear blogs i p\u00e0gines web i que ha copat el mercat en l\u00ednia amb el 30% del total de p\u00e0gines web constru\u00efdes en aquest sistema de gesti\u00f3 de continguts. S\u00f3n sistemes molt flexibles que permeten crear llocs complexos i amb funcionalitats diverses, per\u00f2 tamb\u00e9 molt aptes per a novells i per a crear entorns senzills, basats en la producci\u00f3 textual i gr\u00e0fica i sense necessitat de gestionar aspectes t\u00e8cnics que requereixen una certa expertesa. Amb els <a href=\"javascript:void(0);\" class=\"tooltip\" data-toggle=\"popover\" data-placement=\"bottom\" data-content=\"WP \u00e9s el m\u00e9s habitual, per\u00f2 en tenim molts d\u2019altres, els m\u00e9s importants s\u00f3n Drupal i Joomla.\" data-placement=\"top\" data-html=\"true\" >CMS<\/a>\u00a0\u00e9s possible posar en marxa una publicaci\u00f3 digital amb garanties amb poques hores de dedicaci\u00f3 a la planificaci\u00f3 i desenvolupament del sistema t\u00e8cnic que n\u2019ha de ser la forma.<\/p>\n<p>Evidentment, no \u00e9s el mateix iniciar la publicaci\u00f3 d\u2019un blog personal, sense intencions comercials i amb l\u2019\u00fanica directriu que complir els objectius propis, que crear una estrat\u00e8gia comercial per a publicar i distribuir una revista digital professional. Per a crear un blog, n\u2019hi ha prou amb crear un compte al portal de WP i escollir un subdomini propi; si volem crear una publicaci\u00f3 professional, a part de la qualitat del contingut, haurem de tenir en compte aspectes com el disseny, la gesti\u00f3 dels usuaris o lectors, el control de comentaris i el contingut brossa a la web, l\u2019actualitzaci\u00f3 permanent del sistema per a solucionar problemes de seguretat inform\u00e0tica, etc., com en qualsevol altre projecte professional en l\u00ednia que busqui unes certes garanties d\u2019\u00e8xit.<\/p>\n<p>Amb els gestors de continguts, un cop desenvolupat el disseny principal de la publicaci\u00f3, podrem dedicar-nos gaireb\u00e9 exclusivament a crear i gestionar el contingut textual (que el sistema convertir\u00e0 a HTML\/PHP) i dedicar menys esfor\u00e7os a fer funcionar t\u00e8cnicament la publicaci\u00f3.<\/p>\n<figure id=\"attachment_26\" aria-describedby=\"caption-attachment-26\" style=\"width: 800px\" class=\"wp-caption aligncenter\"><img loading=\"lazy\" class=\"alignnone size-full wp-image-26\" src=\"http:\/\/disseny-test.uoc.edu\/materials\/prod-digital\/wp-content\/uploads\/sites\/6\/2018\/01\/20015_007.jpg\" alt=\"Creaci\u00f3 de contingut per a un article amb WordPress\" width=\"800\" height=\"392\" srcset=\"http:\/\/disseny-test.uoc.edu\/materials\/prod-digital\/wp-content\/uploads\/sites\/6\/2018\/01\/20015_007.jpg 800w, http:\/\/disseny-test.uoc.edu\/materials\/prod-digital\/wp-content\/uploads\/sites\/6\/2018\/01\/20015_007-300x147.jpg 300w, http:\/\/disseny-test.uoc.edu\/materials\/prod-digital\/wp-content\/uploads\/sites\/6\/2018\/01\/20015_007-768x376.jpg 768w\" sizes=\"(max-width: 800px) 100vw, 800px\" \/><figcaption id=\"caption-attachment-26\" class=\"wp-caption-text\"><strong>Figura 7.<\/strong> Creaci\u00f3 de contingut per a un article amb WordPress<\/figcaption><\/figure>\n<p>Com veurem posteriorment, les opcions de publicaci\u00f3 externes de qu\u00e8 disposem per a les revistes digitals funcionen de manera molt similar a un CMS. Aix\u00ed, en entorns de publicaci\u00f3 de revistes digitals com Google Quiosc el proc\u00e9s de publicaci\u00f3 d\u2019una revista ser\u00e0 molt similar a crear contingut en un CMS propi.<\/p>\n<p>Per tant, tindrem la possibilitat de crear un lloc propi, amb un domini propi i una p\u00e0gina web de refer\u00e8ncia, o d\u2019incloure el contingut en algun portal de publicaci\u00f3 en l\u00ednia, opcions que se solen combinar de manera molt habitual.<\/p>\n<figure id=\"attachment_27\" aria-describedby=\"caption-attachment-27\" style=\"width: 800px\" class=\"wp-caption aligncenter\"><img loading=\"lazy\" class=\"alignnone size-full wp-image-27\" src=\"http:\/\/disseny-test.uoc.edu\/materials\/prod-digital\/wp-content\/uploads\/sites\/6\/2018\/01\/20015_008.jpg\" alt=\"Creaci\u00f3 d\u2019un article de revista per a Google Quiosc (Google Producer)\" width=\"800\" height=\"534\" srcset=\"http:\/\/disseny-test.uoc.edu\/materials\/prod-digital\/wp-content\/uploads\/sites\/6\/2018\/01\/20015_008.jpg 800w, http:\/\/disseny-test.uoc.edu\/materials\/prod-digital\/wp-content\/uploads\/sites\/6\/2018\/01\/20015_008-300x200.jpg 300w, http:\/\/disseny-test.uoc.edu\/materials\/prod-digital\/wp-content\/uploads\/sites\/6\/2018\/01\/20015_008-768x513.jpg 768w\" sizes=\"(max-width: 800px) 100vw, 800px\" \/><figcaption id=\"caption-attachment-27\" class=\"wp-caption-text\"><strong>Figura 8.<\/strong> Creaci\u00f3 d\u2019un article de revista per a Google Quiosc (Google Producer)<\/figcaption><\/figure>\n","protected":false},"excerpt":{"rendered":"<p>Aquestes aplicacions web permeten publicar contingut en l\u00ednia amb control del format i de les versions de publicaci\u00f3, generar una indexaci\u00f3 avan\u00e7ada d\u2019aquest, l\u2019afegit de contingut multim\u00e8dia, i l\u2019\u00fas de complements per a funcionalitats concretes (publicitat, xarxes socials, tipologies de contingut, etc.) en un entorn en l\u00ednia interactiu. S\u00f3n sistemes com WordPress, molt popular per [&hellip;]<\/p>\n","protected":false},"author":1,"featured_media":0,"parent":0,"menu_order":0,"comment_status":"closed","ping_status":"closed","template":"","meta":{"inline_featured_image":false},"acf":[],"_links":{"self":[{"href":"http:\/\/disseny-test.uoc.edu\/materials\/prod-digital\/wp-json\/wp\/v2\/pages\/99"}],"collection":[{"href":"http:\/\/disseny-test.uoc.edu\/materials\/prod-digital\/wp-json\/wp\/v2\/pages"}],"about":[{"href":"http:\/\/disseny-test.uoc.edu\/materials\/prod-digital\/wp-json\/wp\/v2\/types\/page"}],"author":[{"embeddable":true,"href":"http:\/\/disseny-test.uoc.edu\/materials\/prod-digital\/wp-json\/wp\/v2\/users\/1"}],"replies":[{"embeddable":true,"href":"http:\/\/disseny-test.uoc.edu\/materials\/prod-digital\/wp-json\/wp\/v2\/comments?post=99"}],"version-history":[{"count":2,"href":"http:\/\/disseny-test.uoc.edu\/materials\/prod-digital\/wp-json\/wp\/v2\/pages\/99\/revisions"}],"predecessor-version":[{"id":893,"href":"http:\/\/disseny-test.uoc.edu\/materials\/prod-digital\/wp-json\/wp\/v2\/pages\/99\/revisions\/893"}],"wp:attachment":[{"href":"http:\/\/disseny-test.uoc.edu\/materials\/prod-digital\/wp-json\/wp\/v2\/media?parent=99"}],"curies":[{"name":"wp","href":"https:\/\/api.w.org\/{rel}","templated":true}]}}