{"id":7,"date":"2018-01-12T12:40:10","date_gmt":"2018-01-12T10:40:10","guid":{"rendered":"http:\/\/disseny-test.uoc.edu\/materials\/producciomotion\/pagina-demo\/"},"modified":"2018-10-29T15:08:00","modified_gmt":"2018-10-29T13:08:00","slug":"pagina-demo","status":"publish","type":"page","link":"http:\/\/disseny-test.uoc.edu\/materials\/produccio-motion\/es\/","title":{"rendered":"Introducci\u00f3n"},"content":{"rendered":"<p>El orden en que un trabajo de <em>motion graphics<\/em> se lleva a cabo se conoce como <strong>l\u00ednea de producci\u00f3n<\/strong>. Esta se compone por una serie de tareas o etapas concretas, cada una completada en orden, antes de pasar a la siguiente (Crook y Beare, 2016, 164).<\/p>\n<p>Las etapas necesarias para la creaci\u00f3n de un proyecto de <em>motion graphics<\/em> pueden encontrarse en la l\u00ednea de producci\u00f3n y se identifican como preproducci\u00f3n, producci\u00f3n y posproducci\u00f3n.<\/p>\n","protected":false},"excerpt":{"rendered":"<p>El orden en que un trabajo de motion graphics se lleva a cabo se conoce como l\u00ednea de producci\u00f3n. Esta se compone por una serie de tareas o etapas concretas, cada una completada en orden, antes de pasar a la siguiente (Crook y Beare, 2016, 164). Las etapas necesarias para la creaci\u00f3n de un proyecto [&hellip;]<\/p>\n","protected":false},"author":1,"featured_media":0,"parent":0,"menu_order":0,"comment_status":"closed","ping_status":"closed","template":"","meta":{"inline_featured_image":false},"acf":[],"_links":{"self":[{"href":"http:\/\/disseny-test.uoc.edu\/materials\/produccio-motion\/es\/wp-json\/wp\/v2\/pages\/7"}],"collection":[{"href":"http:\/\/disseny-test.uoc.edu\/materials\/produccio-motion\/es\/wp-json\/wp\/v2\/pages"}],"about":[{"href":"http:\/\/disseny-test.uoc.edu\/materials\/produccio-motion\/es\/wp-json\/wp\/v2\/types\/page"}],"author":[{"embeddable":true,"href":"http:\/\/disseny-test.uoc.edu\/materials\/produccio-motion\/es\/wp-json\/wp\/v2\/users\/1"}],"replies":[{"embeddable":true,"href":"http:\/\/disseny-test.uoc.edu\/materials\/produccio-motion\/es\/wp-json\/wp\/v2\/comments?post=7"}],"version-history":[{"count":3,"href":"http:\/\/disseny-test.uoc.edu\/materials\/produccio-motion\/es\/wp-json\/wp\/v2\/pages\/7\/revisions"}],"predecessor-version":[{"id":65,"href":"http:\/\/disseny-test.uoc.edu\/materials\/produccio-motion\/es\/wp-json\/wp\/v2\/pages\/7\/revisions\/65"}],"wp:attachment":[{"href":"http:\/\/disseny-test.uoc.edu\/materials\/produccio-motion\/es\/wp-json\/wp\/v2\/media?parent=7"}],"curies":[{"name":"wp","href":"https:\/\/api.w.org\/{rel}","templated":true}]}}