{"id":105,"date":"2018-08-28T19:27:45","date_gmt":"2018-08-28T17:27:45","guid":{"rendered":"http:\/\/disseny-test.uoc.edu\/materials\/produccio-motion\/?page_id=105"},"modified":"2018-09-04T19:11:37","modified_gmt":"2018-09-04T17:11:37","slug":"conclusions","status":"publish","type":"page","link":"http:\/\/disseny-test.uoc.edu\/materials\/produccio-motion\/conclusions\/","title":{"rendered":"Conclusions"},"content":{"rendered":"<p>A manera de conclusi\u00f3, s&#8217;identifica en el proc\u00e9s per a l&#8217;elaboraci\u00f3 d&#8217;una pe\u00e7a de<em> motion graphics<\/em> l&#8217;exist\u00e8ncia de l&#8217;anomenada l\u00ednia de producci\u00f3, que compr\u00e8n tres etapes ben definides de preproducci\u00f3, producci\u00f3 i postproducci\u00f3, amb les seves t\u00e8cniques i processos.<\/p>\n<p>Es visualitza la incid\u00e8ncia en major o menor grau de les disciplines de l&#8217;animaci\u00f3, el cinema i el disseny en cadascuna d&#8217;aquestes fases. Es pot sintetitzar, <em>grosso modo<\/em>, que en l&#8217;etapa de preproducci\u00f3 hi ha major incid\u00e8ncia de t\u00e8cniques i processos provinents de la disciplina del disseny, en la producci\u00f3 de l&#8217;animaci\u00f3 i en la postproducci\u00f3 del cinema.<\/p>\n<p>Per a cadascuna de les fases de la l\u00ednia de producci\u00f3, es recomanen aquells autors m\u00e9s influents i\/o que descriuen de manera m\u00e9s detallada les t\u00e8cniques i processos implicats en cada cicle (vegeu la figura 4).<\/p>\n<p>Finalment, en relaci\u00f3 amb certs conceptes a\u00efllats, es recomana tenir-los en compte per a cadascuna de les etapes de la l\u00ednia de producci\u00f3 corresponent, per ampliar els conceptes descrits. Alguns exemples s\u00f3n les propietats f\u00edlmiques i cinematogr\u00e0fiques que descriu Krasner (2008): nous conceptes en l&#8217;etapa de preproducci\u00f3 com <em>style frames<\/em>, <em>process books<\/em>, <em>pitch books<\/em>; noves t\u00e8cniques per a la generaci\u00f3 d&#8217;idees com <em>moodboards<\/em>, <em>hero frames<\/em> i diferents tipus de <em>design boards<\/em> definits per Shaw (2016); conceptes en la producci\u00f3 referents a la c\u00e0mera, els formats de v\u00eddeo, la compressi\u00f3 de v\u00eddeo, els formats d&#8217;imatge fixa, els materials d&#8217;art tradicional, les eines i les t\u00e8cniques per captar el moviment natural del m\u00f3n real trobats a Crook i Beare ( 2016); i la terminologia i els conceptes de tecnologia pertanyents al mitj\u00e0 an\u00e0leg o digital, resoluci\u00f3 de la imatge, resoluci\u00f3 de la pantalla, sistemes de color i radiodifusi\u00f3 comentats per Woolman (2004).<\/p>\n<figure id=\"attachment_149\" aria-describedby=\"caption-attachment-149\" style=\"width: 800px\" class=\"wp-caption alignnone\"><img loading=\"lazy\" class=\"size-full wp-image-149\" src=\"http:\/\/disseny-test.uoc.edu\/materials\/produccio-motion\/wp-content\/uploads\/sites\/9\/2018\/09\/20037_04.jpg\" alt=\"\" width=\"800\" height=\"2486\" srcset=\"http:\/\/disseny-test.uoc.edu\/materials\/produccio-motion\/wp-content\/uploads\/sites\/9\/2018\/09\/20037_04.jpg 800w, http:\/\/disseny-test.uoc.edu\/materials\/produccio-motion\/wp-content\/uploads\/sites\/9\/2018\/09\/20037_04-97x300.jpg 97w, http:\/\/disseny-test.uoc.edu\/materials\/produccio-motion\/wp-content\/uploads\/sites\/9\/2018\/09\/20037_04-768x2387.jpg 768w, http:\/\/disseny-test.uoc.edu\/materials\/produccio-motion\/wp-content\/uploads\/sites\/9\/2018\/09\/20037_04-330x1024.jpg 330w\" sizes=\"(max-width: 800px) 100vw, 800px\" \/><figcaption id=\"caption-attachment-149\" class=\"wp-caption-text\">Figura 4. L\u00ednia de producci\u00f3 de <em>motion graphics<\/em>.<br \/>Font: elaboraci\u00f3 pr\u00f2pia a partir de Braha i Byrne (2011), Crook i Beare (2016), Gallagher i Paldy (2007), Krasner (2008), Shaw (2016) i Woolman (2004).<\/figcaption><\/figure>\n","protected":false},"excerpt":{"rendered":"<p>A manera de conclusi\u00f3, s&#8217;identifica en el proc\u00e9s per a l&#8217;elaboraci\u00f3 d&#8217;una pe\u00e7a de motion graphics l&#8217;exist\u00e8ncia de l&#8217;anomenada l\u00ednia de producci\u00f3, que compr\u00e8n tres etapes ben definides de preproducci\u00f3, producci\u00f3 i postproducci\u00f3, amb les seves t\u00e8cniques i processos. Es visualitza la incid\u00e8ncia en major o menor grau de les disciplines de l&#8217;animaci\u00f3, el cinema [&hellip;]<\/p>\n","protected":false},"author":1,"featured_media":0,"parent":0,"menu_order":0,"comment_status":"closed","ping_status":"closed","template":"","meta":{"inline_featured_image":false},"acf":[],"_links":{"self":[{"href":"http:\/\/disseny-test.uoc.edu\/materials\/produccio-motion\/wp-json\/wp\/v2\/pages\/105"}],"collection":[{"href":"http:\/\/disseny-test.uoc.edu\/materials\/produccio-motion\/wp-json\/wp\/v2\/pages"}],"about":[{"href":"http:\/\/disseny-test.uoc.edu\/materials\/produccio-motion\/wp-json\/wp\/v2\/types\/page"}],"author":[{"embeddable":true,"href":"http:\/\/disseny-test.uoc.edu\/materials\/produccio-motion\/wp-json\/wp\/v2\/users\/1"}],"replies":[{"embeddable":true,"href":"http:\/\/disseny-test.uoc.edu\/materials\/produccio-motion\/wp-json\/wp\/v2\/comments?post=105"}],"version-history":[{"count":3,"href":"http:\/\/disseny-test.uoc.edu\/materials\/produccio-motion\/wp-json\/wp\/v2\/pages\/105\/revisions"}],"predecessor-version":[{"id":151,"href":"http:\/\/disseny-test.uoc.edu\/materials\/produccio-motion\/wp-json\/wp\/v2\/pages\/105\/revisions\/151"}],"wp:attachment":[{"href":"http:\/\/disseny-test.uoc.edu\/materials\/produccio-motion\/wp-json\/wp\/v2\/media?parent=105"}],"curies":[{"name":"wp","href":"https:\/\/api.w.org\/{rel}","templated":true}]}}