{"id":5,"date":"2018-01-12T12:40:10","date_gmt":"2018-01-12T10:40:10","guid":{"rendered":"http:\/\/disseny-test.uoc.edu\/materials\/producciomotion\/?page_id=5"},"modified":"2023-12-15T12:24:46","modified_gmt":"2023-12-15T10:24:46","slug":"pagina-demo","status":"publish","type":"page","link":"http:\/\/disseny-test.uoc.edu\/materials\/produccio-motion\/","title":{"rendered":"Introducci\u00f3"},"content":{"rendered":"<p>L&#8217;ordre en qu\u00e8 un treball de<em> motion graphics<\/em> es porta a terme es coneix com a <strong>l\u00ednia de producci\u00f3<\/strong>. Aquesta es compon d&#8217;una s\u00e8rie de tasques o etapes concretes, cadascuna completada en ordre, abans de passar a la seg\u00fcent (Crook i Beare, 2016, p\u00e0g. 164).<\/p>\n<p>Les etapes necess\u00e0ries per a la creaci\u00f3 d&#8217;un projecte de <em>motion graphics<\/em> poden trobar-se en la l\u00ednia de producci\u00f3 i s&#8217;identifiquen com a preproducci\u00f3, producci\u00f3 i postproducci\u00f3.<\/p>\n","protected":false},"excerpt":{"rendered":"<p>L&#8217;ordre en qu\u00e8 un treball de motion graphics es porta a terme es coneix com a l\u00ednia de producci\u00f3. Aquesta es compon d&#8217;una s\u00e8rie de tasques o etapes concretes, cadascuna completada en ordre, abans de passar a la seg\u00fcent (Crook i Beare, 2016, p\u00e0g. 164). Les etapes necess\u00e0ries per a la creaci\u00f3 d&#8217;un projecte de [&hellip;]<\/p>\n","protected":false},"author":1,"featured_media":0,"parent":0,"menu_order":0,"comment_status":"closed","ping_status":"closed","template":"","meta":{"inline_featured_image":false},"acf":[],"_links":{"self":[{"href":"http:\/\/disseny-test.uoc.edu\/materials\/produccio-motion\/wp-json\/wp\/v2\/pages\/5"}],"collection":[{"href":"http:\/\/disseny-test.uoc.edu\/materials\/produccio-motion\/wp-json\/wp\/v2\/pages"}],"about":[{"href":"http:\/\/disseny-test.uoc.edu\/materials\/produccio-motion\/wp-json\/wp\/v2\/types\/page"}],"author":[{"embeddable":true,"href":"http:\/\/disseny-test.uoc.edu\/materials\/produccio-motion\/wp-json\/wp\/v2\/users\/1"}],"replies":[{"embeddable":true,"href":"http:\/\/disseny-test.uoc.edu\/materials\/produccio-motion\/wp-json\/wp\/v2\/comments?post=5"}],"version-history":[{"count":33,"href":"http:\/\/disseny-test.uoc.edu\/materials\/produccio-motion\/wp-json\/wp\/v2\/pages\/5\/revisions"}],"predecessor-version":[{"id":92,"href":"http:\/\/disseny-test.uoc.edu\/materials\/produccio-motion\/wp-json\/wp\/v2\/pages\/5\/revisions\/92"}],"wp:attachment":[{"href":"http:\/\/disseny-test.uoc.edu\/materials\/produccio-motion\/wp-json\/wp\/v2\/media?parent=5"}],"curies":[{"name":"wp","href":"https:\/\/api.w.org\/{rel}","templated":true}]}}