{"id":1285,"date":"2019-07-08T14:07:07","date_gmt":"2019-07-08T12:07:07","guid":{"rendered":"http:\/\/disseny-test.uoc.edu\/materials\/programacio\/?page_id=1285"},"modified":"2019-08-17T02:46:18","modified_gmt":"2019-08-17T00:46:18","slug":"1-8-puntos-y-comas-cambios-de-linea-y-sangrados","status":"publish","type":"page","link":"http:\/\/disseny-test.uoc.edu\/materials\/programacio\/es\/1-8-puntos-y-comas-cambios-de-linea-y-sangrados\/","title":{"rendered":"1.8. Puntos y comas, cambios de l\u00ednea y sangrados"},"content":{"rendered":"<p>Quiz\u00e1s os habr\u00e9is fijado en que, despu\u00e9s de cada instrucci\u00f3n, ponemos un punto y coma y un cambio de l\u00ednea. El punto y coma lo usa el navegador para saber cu\u00e1ndo se ha acabado una instrucci\u00f3n. Por lo tanto, todas las instrucciones se tienen que acabar con un \u00ab;\u00bb (bien, no todas en realidad, pero las excepciones ya las veremos m\u00e1s adelante).<\/p>\n<p>En cuanto al cambio de l\u00ednea, lo usamos nosotros para facilitarnos la lectura del c\u00f3digo, de forma que solemos poner una sola l\u00ednea por instrucci\u00f3n.<\/p>\n<p>Finalmente, el sangrado lo usamos tambi\u00e9n para que el c\u00f3digo sea m\u00e1s legible. El sangrado es este espacio inicial que encontramos en el c\u00f3digo que hay dentro de una funci\u00f3n:<\/p>\n<p><img loading=\"lazy\" class=\"alignnone size-full wp-image-145\" src=\"http:\/\/disseny-test.uoc.edu\/materials\/programacio\/wp-content\/uploads\/sites\/17\/2019\/06\/PID_00258586_011.jpg\" alt=\"\" width=\"267\" height=\"130\" \/><\/p>\n<p>En la imagen, las l\u00edneas 2, 5 y 6 est\u00e1n sangradas.<\/p>\n<div class=\"featured featured-grey\"><\/p>\n<p><strong>Manual de referencia de p5.js<\/strong><\/p>\n<p>Para hacer los ejercicios de este cap\u00edtulo, seguramente os ir\u00e1 bien tener a mano el <a href=\"https:\/\/p5js.org\/es\/reference\/\" target=\"_blank\" rel=\"noopener\">manual de referencia de p5.js<\/a> al que ya hemos hecho referencia anteriormente.<\/p>\n<p>En el manual de referencia podemos encontrar m\u00e1s informaci\u00f3n sobre las instrucciones que se trabajan en los diferentes ejercicios del libro.<\/p>\n<p>\n<\/div>\n<div class=\"featured featured-grey\"><\/p>\n<p>Para ampliar vuestros conocimientos os recomendamos algunos contenidos que os pueden ser de inter\u00e9s:<\/p>\n<ul>\n<li>Tutorial en v\u00eddeo de p5.js: <em>Basic of drawing<\/em>. Ingl\u00e9s subtitulado en castellano.<br \/>\n<iframe loading=\"lazy\" width=\"640\" height=\"360\" src=\"https:\/\/www.youtube.com\/embed\/D1ELEeIs0j8?feature=oembed\" frameborder=\"0\" allow=\"accelerometer; autoplay; encrypted-media; gyroscope; picture-in-picture\" allowfullscreen><\/iframe><\/li>\n<li>Tutorial en v\u00eddeo de p5.js: <em>Color<\/em>. Ingl\u00e9s subtitulado en castellano.<br \/>\n<iframe loading=\"lazy\" width=\"640\" height=\"360\" src=\"https:\/\/www.youtube.com\/embed\/9mucjcrhFcM?feature=oembed\" frameborder=\"0\" allow=\"accelerometer; autoplay; encrypted-media; gyroscope; picture-in-picture\" allowfullscreen><\/iframe><\/li>\n<\/ul>\n<p>\n<\/div>\n","protected":false},"excerpt":{"rendered":"<p>Quiz\u00e1s os habr\u00e9is fijado en que, despu\u00e9s de cada instrucci\u00f3n, ponemos un punto y coma y un cambio de l\u00ednea. El punto y coma lo usa el navegador para saber cu\u00e1ndo se ha acabado una instrucci\u00f3n. Por lo tanto, todas las instrucciones se tienen que acabar con un \u00ab;\u00bb (bien, no todas en realidad, pero [&hellip;]<\/p>\n","protected":false},"author":1,"featured_media":0,"parent":0,"menu_order":0,"comment_status":"closed","ping_status":"closed","template":"","meta":{"inline_featured_image":false},"acf":[],"_links":{"self":[{"href":"http:\/\/disseny-test.uoc.edu\/materials\/programacio\/es\/wp-json\/wp\/v2\/pages\/1285"}],"collection":[{"href":"http:\/\/disseny-test.uoc.edu\/materials\/programacio\/es\/wp-json\/wp\/v2\/pages"}],"about":[{"href":"http:\/\/disseny-test.uoc.edu\/materials\/programacio\/es\/wp-json\/wp\/v2\/types\/page"}],"author":[{"embeddable":true,"href":"http:\/\/disseny-test.uoc.edu\/materials\/programacio\/es\/wp-json\/wp\/v2\/users\/1"}],"replies":[{"embeddable":true,"href":"http:\/\/disseny-test.uoc.edu\/materials\/programacio\/es\/wp-json\/wp\/v2\/comments?post=1285"}],"version-history":[{"count":11,"href":"http:\/\/disseny-test.uoc.edu\/materials\/programacio\/es\/wp-json\/wp\/v2\/pages\/1285\/revisions"}],"predecessor-version":[{"id":3653,"href":"http:\/\/disseny-test.uoc.edu\/materials\/programacio\/es\/wp-json\/wp\/v2\/pages\/1285\/revisions\/3653"}],"wp:attachment":[{"href":"http:\/\/disseny-test.uoc.edu\/materials\/programacio\/es\/wp-json\/wp\/v2\/media?parent=1285"}],"curies":[{"name":"wp","href":"https:\/\/api.w.org\/{rel}","templated":true}]}}