{"id":1943,"date":"2019-07-09T20:40:14","date_gmt":"2019-07-09T18:40:14","guid":{"rendered":"http:\/\/disseny-test.uoc.edu\/materials\/programacio\/?page_id=1943"},"modified":"2019-09-02T16:56:13","modified_gmt":"2019-09-02T14:56:13","slug":"2-1-introduccion","status":"publish","type":"page","link":"http:\/\/disseny-test.uoc.edu\/materials\/programacio\/es\/2-1-introduccion\/","title":{"rendered":"2.1. Introducci\u00f3n"},"content":{"rendered":"<p>En este reto trabajaremos tres temas diferentes:<\/p>\n<ol>\n<li>Primero, aprenderemos a almacenar valores en las variables. Veremos qu\u00e9 son estas variables, cu\u00e1l es su utilidad y escribiremos alg\u00fan programa que las use. Tambi\u00e9n veremos c\u00f3mo hacer algunas operaciones aritm\u00e9ticas con valores y\/o variables.<\/li>\n<li>Lo que trabajaremos en segundo lugar ser\u00e1n las estructuras de control: las condicionales y la iteraci\u00f3n con la instrucci\u00f3n <strong><span style=\"font-family: Courier, Arial;\">for<\/span><\/strong>.<\/li>\n<li>Y, finalmente, veremos c\u00f3mo mover nuestros dibujos.<\/li>\n<\/ol>\n<p>Reforzamos esta gu\u00eda con los cap\u00edtulos 4 y 6 del libro. Aun as\u00ed, haremos algo m\u00e1s de lo que se ve en el libro, as\u00ed que es importante seguir esta gu\u00eda con cuidado.<\/p>\n","protected":false},"excerpt":{"rendered":"<p>En este reto trabajaremos tres temas diferentes: Primero, aprenderemos a almacenar valores en las variables. Veremos qu\u00e9 son estas variables, cu\u00e1l es su utilidad y escribiremos alg\u00fan programa que las use. Tambi\u00e9n veremos c\u00f3mo hacer algunas operaciones aritm\u00e9ticas con valores y\/o variables. Lo que trabajaremos en segundo lugar ser\u00e1n las estructuras de control: las condicionales [&hellip;]<\/p>\n","protected":false},"author":1,"featured_media":0,"parent":0,"menu_order":0,"comment_status":"closed","ping_status":"closed","template":"","meta":{"inline_featured_image":false},"acf":[],"_links":{"self":[{"href":"http:\/\/disseny-test.uoc.edu\/materials\/programacio\/es\/wp-json\/wp\/v2\/pages\/1943"}],"collection":[{"href":"http:\/\/disseny-test.uoc.edu\/materials\/programacio\/es\/wp-json\/wp\/v2\/pages"}],"about":[{"href":"http:\/\/disseny-test.uoc.edu\/materials\/programacio\/es\/wp-json\/wp\/v2\/types\/page"}],"author":[{"embeddable":true,"href":"http:\/\/disseny-test.uoc.edu\/materials\/programacio\/es\/wp-json\/wp\/v2\/users\/1"}],"replies":[{"embeddable":true,"href":"http:\/\/disseny-test.uoc.edu\/materials\/programacio\/es\/wp-json\/wp\/v2\/comments?post=1943"}],"version-history":[{"count":6,"href":"http:\/\/disseny-test.uoc.edu\/materials\/programacio\/es\/wp-json\/wp\/v2\/pages\/1943\/revisions"}],"predecessor-version":[{"id":4181,"href":"http:\/\/disseny-test.uoc.edu\/materials\/programacio\/es\/wp-json\/wp\/v2\/pages\/1943\/revisions\/4181"}],"wp:attachment":[{"href":"http:\/\/disseny-test.uoc.edu\/materials\/programacio\/es\/wp-json\/wp\/v2\/media?parent=1943"}],"curies":[{"name":"wp","href":"https:\/\/api.w.org\/{rel}","templated":true}]}}