{"id":1949,"date":"2019-07-09T20:52:05","date_gmt":"2019-07-09T18:52:05","guid":{"rendered":"http:\/\/disseny-test.uoc.edu\/materials\/programacio\/?page_id=1949"},"modified":"2019-08-17T13:04:59","modified_gmt":"2019-08-17T11:04:59","slug":"2-2-2-operaciones","status":"publish","type":"page","link":"http:\/\/disseny-test.uoc.edu\/materials\/programacio\/es\/2-2-2-operaciones\/","title":{"rendered":"2.2.2. Operaciones"},"content":{"rendered":"<p>En todos los lenguajes de programaci\u00f3n tenemos la posibilidad de hacer operaciones matem\u00e1ticas. En el ejemplo 4-4 tenemos algunos ejemplos de operaciones matem\u00e1ticas y tambi\u00e9n algunas explicaciones del orden en que se hacen las operaciones. <strong>Es muy importante<\/strong> entender el orden en que se hacen las operaciones matem\u00e1ticas.<\/p>\n<div class=\"featured featured-grey\"><\/p>\n<p><strong>\u00bfQu\u00e9 quiere decir\u00a0x =\u00a0x + 1?<\/strong><\/p>\n<p>Hay que tener presente que el s\u00edmbolo = en esta operaci\u00f3n no quiere decir <strong>igual que<\/strong> sino <strong>guardamos<\/strong>. As\u00ed, podemos leer esta operaci\u00f3n como: \u00aben la variable\u00a0<strong>x<\/strong> guardamos el resultado de sumar el valor actual que tenemos en la variable\u00a0<strong>x<\/strong> m\u00e1s 1\u00bb. Cuando llegue el momento de usar el signo = como sin\u00f3nimo de igualdad, veremos c\u00f3mo lo solucionamos.<\/p>\n<p>Seguramente lo veremos mejor con un ejemplo:<\/p>\n<p><strong>x<\/strong>\u00a0= 5;<br \/>\n<strong>x<\/strong>\u00a0= <strong>x<\/strong> + 1;<\/p>\n<p>Esta \u00faltima instrucci\u00f3n la podr\u00edamos leer c\u00f3mo: en la variable\u00a0<strong>x<\/strong> guardamos el valor resultante de sumar a su valor actual (5) un 1. Por lo tanto, guardaremos un 6.<\/p>\n<p>\n<\/div>\n","protected":false},"excerpt":{"rendered":"<p>En todos los lenguajes de programaci\u00f3n tenemos la posibilidad de hacer operaciones matem\u00e1ticas. En el ejemplo 4-4 tenemos algunos ejemplos de operaciones matem\u00e1ticas y tambi\u00e9n algunas explicaciones del orden en que se hacen las operaciones. Es muy importante entender el orden en que se hacen las operaciones matem\u00e1ticas.<\/p>\n","protected":false},"author":1,"featured_media":0,"parent":0,"menu_order":0,"comment_status":"closed","ping_status":"closed","template":"","meta":{"inline_featured_image":false},"acf":[],"_links":{"self":[{"href":"http:\/\/disseny-test.uoc.edu\/materials\/programacio\/es\/wp-json\/wp\/v2\/pages\/1949"}],"collection":[{"href":"http:\/\/disseny-test.uoc.edu\/materials\/programacio\/es\/wp-json\/wp\/v2\/pages"}],"about":[{"href":"http:\/\/disseny-test.uoc.edu\/materials\/programacio\/es\/wp-json\/wp\/v2\/types\/page"}],"author":[{"embeddable":true,"href":"http:\/\/disseny-test.uoc.edu\/materials\/programacio\/es\/wp-json\/wp\/v2\/users\/1"}],"replies":[{"embeddable":true,"href":"http:\/\/disseny-test.uoc.edu\/materials\/programacio\/es\/wp-json\/wp\/v2\/comments?post=1949"}],"version-history":[{"count":6,"href":"http:\/\/disseny-test.uoc.edu\/materials\/programacio\/es\/wp-json\/wp\/v2\/pages\/1949\/revisions"}],"predecessor-version":[{"id":3734,"href":"http:\/\/disseny-test.uoc.edu\/materials\/programacio\/es\/wp-json\/wp\/v2\/pages\/1949\/revisions\/3734"}],"wp:attachment":[{"href":"http:\/\/disseny-test.uoc.edu\/materials\/programacio\/es\/wp-json\/wp\/v2\/media?parent=1949"}],"curies":[{"name":"wp","href":"https:\/\/api.w.org\/{rel}","templated":true}]}}