{"id":1992,"date":"2019-07-10T15:58:35","date_gmt":"2019-07-10T13:58:35","guid":{"rendered":"http:\/\/disseny-test.uoc.edu\/materials\/programacio\/?page_id=1992"},"modified":"2020-04-22T22:54:08","modified_gmt":"2020-04-22T20:54:08","slug":"3-9-anexo-2-subir-archivos-al-servidor-remoto-de-la-uoc","status":"publish","type":"page","link":"http:\/\/disseny-test.uoc.edu\/materials\/programacio\/es\/3-9-anexo-2-subir-archivos-al-servidor-remoto-de-la-uoc\/","title":{"rendered":"3.9. Anexo 2. Subir archivos al servidor remoto de la UOC"},"content":{"rendered":"<p>La UOC nos ofrece la posibilidad de tener un espacio donde poder subir nuestros archivos HTML y JavaScript para poder compartir nuestras creaciones. Para hacerlo, necesitaremos instalar un programa cliente FTP (<em>File Transfer Protocol<\/em>), configurarlo y usarlo para subir los archivos.<\/p>\n<h2>Paso 1. Instalar FileZilla<\/h2>\n<p>A pesar de que podemos usar cualquier cliente de FTP, aqu\u00ed os explicaremos c\u00f3mo instalar y usar FileZilla porque es un programa de c\u00f3digo libre, gratuito y sencillo de utilizar.<\/p>\n<p>Para instalarlo, iremos a la p\u00e1gina\u00a0de <a href=\"https:\/\/filezilla-project.org\/\" target=\"_blank\" rel=\"noopener\">FileZilla<\/a> y descargaremos el cliente.<\/p>\n<p><img loading=\"lazy\" class=\"alignnone size-full wp-image-623\" src=\"http:\/\/disseny-test.uoc.edu\/materials\/programacio\/wp-content\/uploads\/sites\/17\/2019\/07\/PID_00258586_3_015.jpg\" alt=\"\" width=\"255\" height=\"87\" \/><\/p>\n<h2>Paso 2. Configurar FileZilla<\/h2>\n<p>Una vez instalada, hay que configurar el acceso al servidor UOC. Vamos a <em>File \/ Site Manager<\/em> y nos aparecer\u00e1 este cuadro de di\u00e1logo:<\/p>\n<p><img loading=\"lazy\" class=\"alignnone size-full wp-image-4321\" src=\"http:\/\/disseny-test.uoc.edu\/materials\/programacio\/wp-content\/uploads\/sites\/17\/2020\/04\/Sin-t\u00edtulo-1-1.jpg\" alt=\"\" width=\"740\" height=\"503\" srcset=\"http:\/\/disseny-test.uoc.edu\/materials\/programacio\/wp-content\/uploads\/sites\/17\/2020\/04\/Sin-t\u00edtulo-1-1.jpg 740w, http:\/\/disseny-test.uoc.edu\/materials\/programacio\/wp-content\/uploads\/sites\/17\/2020\/04\/Sin-t\u00edtulo-1-1-300x204.jpg 300w\" sizes=\"(max-width: 740px) 100vw, 740px\" \/><\/p>\n<p>Tenemos que crear un nuevo lugar, al que podemos llamar <strong>UOC<\/strong> y que debe tener esta configuraci\u00f3n:<\/p>\n<ul>\n<li>Protocolo: SFTP<\/li>\n<li>Host: eimtcms.eimt.uoc.edu<\/li>\n<li>Port: 55000<\/li>\n<li>Logon Type: Normal<\/li>\n<li>User: <em>Nuestro usuario del campus<\/em><\/li>\n<li>Password:<em> La que nos enviar\u00e1n por correo<\/em><\/li>\n<\/ul>\n<p>Una vez hechos estos pasos, podemos clicar en el bot\u00f3n <em>Conecta<\/em> y, si todo va bien, nos conectaremos a nuestro espacio de disco en la UOC.<\/p>\n<div class=\"featured featured-blue\"><p>Una vez conectados nos aparecera\u00e1 una carpeta que se llama\u00a0<strong>public_html<\/strong>. Todo lo que quer\u00e1is que se vea en internet deber\u00e1 estar dentro de esta carpeta.<\/p>\n<\/div>\n<h2>Paso 3: Subir nuestros archivos al servidor<\/h2>\n<p>Para subir archivos solo habr\u00e1 que arrastrarlos a FileZilla. Podemos arrastrar carpetas enteras y se crear\u00e1 la carpeta en el servidor y se copiar\u00e1n los archivos que haya dentro.<\/p>\n<h2>Paso 4. Visualizar nuestros programas en el servidor<\/h2>\n<p>Para acceder a un fichero que hayamos subido al servidor (recordad, dentro de la carpeta public_html), accederemos a:<\/p>\n<p>https:\/\/eimtcms.eimt.uoc.edu\/~nomUsuari<\/p>\n<p>Generalmente, para acceder a un determinado archivo, tendremos que poner su nombre; sin embargo, en la mayor\u00eda de servidores web, si ponemos como nombre de archivo index.html, no habr\u00e1 que especificarlo.<\/p>\n<div class=\"featured featured-blue\"><p><strong>Un consejo<\/strong>. Haced carpetas diferentes para ejercicios diferentes. Las pod\u00e9is numerar (00, 01, 02, 03, etc.) y, como dentro tendr\u00e9is el archivo index.html, para probar el ejercicio solo habr\u00e1 que ir a https:\/\/eimtcms.eimt.uoc.edu\/~nomUsuari\/00 para acceder al ejercicio 00, por ejemplo.<\/p>\n<\/div>\n<p><strong>Importante<\/strong>: Este servicio FTP no es un servicio est\u00e1ndar de la UOC y, por lo tanto, ten\u00e9is que tener presente que el acceso es temporal y, <strong>una vez acabado el curso<\/strong>, <strong>perder\u00e9is el acceso<\/strong>. Aseguraos de tener copia en vuestro disco duro de todo aquello que quer\u00e9is conservar.<\/p>\n<h2>Las herramientas para desarrolladores<\/h2>\n<p>Una vez tengamos nuestros archivos en el servidor y ejecutemos nuestros programas en el navegador, las herramientas para desarrolladores de los navegadores nos ir\u00e1n muy bien para poder ver los errores que tenga nuestro c\u00f3digo. Recordad que los errores apareceran en la <strong>Consola<\/strong>.<\/p>\n<p>Estas son las herramientas para desarrolladores de Chrome.<\/p>\n<p><img loading=\"lazy\" class=\"alignnone size-full wp-image-252\" src=\"http:\/\/disseny-test.uoc.edu\/materials\/programacio\/wp-content\/uploads\/sites\/17\/2019\/07\/PID_00258586_3_021.jpg\" alt=\"\" width=\"693\" height=\"282\" srcset=\"http:\/\/disseny-test.uoc.edu\/materials\/programacio\/wp-content\/uploads\/sites\/17\/2019\/07\/PID_00258586_3_021.jpg 693w, http:\/\/disseny-test.uoc.edu\/materials\/programacio\/wp-content\/uploads\/sites\/17\/2019\/07\/PID_00258586_3_021-300x122.jpg 300w\" sizes=\"(max-width: 693px) 100vw, 693px\" \/><\/p>\n<p>Estas las de Firefox.<\/p>\n<p><img loading=\"lazy\" class=\"alignnone size-full wp-image-253\" src=\"http:\/\/disseny-test.uoc.edu\/materials\/programacio\/wp-content\/uploads\/sites\/17\/2019\/07\/PID_00258586_3_023.jpg\" alt=\"\" width=\"594\" height=\"282\" srcset=\"http:\/\/disseny-test.uoc.edu\/materials\/programacio\/wp-content\/uploads\/sites\/17\/2019\/07\/PID_00258586_3_023.jpg 594w, http:\/\/disseny-test.uoc.edu\/materials\/programacio\/wp-content\/uploads\/sites\/17\/2019\/07\/PID_00258586_3_023-300x142.jpg 300w\" sizes=\"(max-width: 594px) 100vw, 594px\" \/><\/p>\n<p>En las im\u00e1genes, un navegador est\u00e1 en ingl\u00e9s y el otro en catal\u00e1n, pero independientemente del idioma es f\u00e1cil encontrar el c\u00f3digo que se est\u00e1 ejecutando y, por lo tanto, es f\u00e1cil comprobar si el servidor ha cargado bien nuestro c\u00f3digo.<\/p>\n","protected":false},"excerpt":{"rendered":"<p>La UOC nos ofrece la posibilidad de tener un espacio donde poder subir nuestros archivos HTML y JavaScript para poder compartir nuestras creaciones. Para hacerlo, necesitaremos instalar un programa cliente FTP (File Transfer Protocol), configurarlo y usarlo para subir los archivos. Paso 1. Instalar FileZilla A pesar de que podemos usar cualquier cliente de FTP, [&hellip;]<\/p>\n","protected":false},"author":1,"featured_media":0,"parent":0,"menu_order":0,"comment_status":"closed","ping_status":"closed","template":"","meta":{"inline_featured_image":false},"acf":[],"_links":{"self":[{"href":"http:\/\/disseny-test.uoc.edu\/materials\/programacio\/es\/wp-json\/wp\/v2\/pages\/1992"}],"collection":[{"href":"http:\/\/disseny-test.uoc.edu\/materials\/programacio\/es\/wp-json\/wp\/v2\/pages"}],"about":[{"href":"http:\/\/disseny-test.uoc.edu\/materials\/programacio\/es\/wp-json\/wp\/v2\/types\/page"}],"author":[{"embeddable":true,"href":"http:\/\/disseny-test.uoc.edu\/materials\/programacio\/es\/wp-json\/wp\/v2\/users\/1"}],"replies":[{"embeddable":true,"href":"http:\/\/disseny-test.uoc.edu\/materials\/programacio\/es\/wp-json\/wp\/v2\/comments?post=1992"}],"version-history":[{"count":16,"href":"http:\/\/disseny-test.uoc.edu\/materials\/programacio\/es\/wp-json\/wp\/v2\/pages\/1992\/revisions"}],"predecessor-version":[{"id":4329,"href":"http:\/\/disseny-test.uoc.edu\/materials\/programacio\/es\/wp-json\/wp\/v2\/pages\/1992\/revisions\/4329"}],"wp:attachment":[{"href":"http:\/\/disseny-test.uoc.edu\/materials\/programacio\/es\/wp-json\/wp\/v2\/media?parent=1992"}],"curies":[{"name":"wp","href":"https:\/\/api.w.org\/{rel}","templated":true}]}}